{"id":22076,"date":"2025-01-27T12:15:27","date_gmt":"2025-01-27T12:15:27","guid":{"rendered":"https:\/\/staging2.stylingagenten.com\/sv\/produkt\/nyx-prof-makeup-butter-gloss-trio\/"},"modified":"2026-01-13T19:37:14","modified_gmt":"2026-01-13T19:37:14","slug":"nyx-prof-makeup-butter-gloss-trio","status":"publish","type":"product","link":"https:\/\/stylingagenten.com\/sv\/produkt\/nyx-prof-makeup-butter-gloss-trio\/","title":{"rendered":"NYX PROF. MAKEUP Butter Gloss Trio"},"content":{"rendered":"<p>Butter Gloss Trio fr\u00e5n NYX Professional Makeup blir klappen med s\u00e4songens s\u00f6taste produkter i 3 matchande f\u00e4rger.<br style=\"text-align:start\">&nbsp;Ring in vinterns h\u00f6gtider i glansfulla, perfekta l\u00e4ppar som aldrig k\u00e4nns klibbiga. Allt som beh\u00f6vs \u00e4r ett drag med glosset \u00f6ver l\u00e4pparna f\u00f6r of\u00f6rgl\u00f6mlig glans och h\u00e4rlig doft. Mixa och variera nyanserna som du sj\u00e4lv vill f\u00f6r att matcha festst\u00e4mningen! Detta \u00e4r s\u00e4songskollektionen i limited edition fr\u00e5n NYX Professional Makeup som du har v\u00e4ntat p\u00e5 hela \u00e5ret !<\/p>\n<p>Inneh\u00e5ller: Sugar Glass, Cr\u00e8me Brulee, Cinnamon Roll<\/p>\n","protected":false},"excerpt":{"rendered":"<p>Butter Gloss Trio fr\u00e5n NYX Professional Makeup blir klappen med s\u00e4songens s\u00f6taste produkter i 3 matchande f\u00e4rger.&nbsp;Ring in vinterns h\u00f6gtider i glansfulla, perfekta l\u00e4ppar som aldrig k\u00e4nns klibbiga. Allt som beh\u00f6vs \u00e4r ett drag med glosset \u00f6ver l\u00e4pparna f\u00f6r of\u00f6rgl\u00f6mlig glans och h\u00e4rlig doft. Mixa och variera nyanserna som du sj\u00e4lv vill f\u00f6r att matcha [&hellip;]<\/p>\n","protected":false},"featured_media":22068,"comment_status":"open","ping_status":"closed","template":"","meta":{"_trash_the_other_posts":false},"product_brand":[],"product_cat":[664,599],"product_tag":[3780],"berocket_brand":[1025],"class_list":{"0":"post-22076","1":"product","2":"type-product","3":"status-publish","4":"has-post-thumbnail","6":"product_cat-giftset-smink","7":"product_cat-lappglans","8":"product_tag-nyx-prof-makeup-butter-gloss","9":"pa_brand-nyx","10":"pa_variant-trio","11":"berocket_brand-nyx","13":"first","14":"instock","15":"sale","16":"taxable","17":"shipping-taxable","18":"purchasable","19":"product-type-simple"},"_links":{"self":[{"href":"https:\/\/stylingagenten.com\/sv\/wp-json\/wp\/v2\/product\/22076","targetHints":{"allow":["GET"]}}],"collection":[{"href":"https:\/\/stylingagenten.com\/sv\/wp-json\/wp\/v2\/product"}],"about":[{"href":"https:\/\/stylingagenten.com\/sv\/wp-json\/wp\/v2\/types\/product"}],"replies":[{"embeddable":true,"href":"https:\/\/stylingagenten.com\/sv\/wp-json\/wp\/v2\/comments?post=22076"}],"version-history":[{"count":0,"href":"https:\/\/stylingagenten.com\/sv\/wp-json\/wp\/v2\/product\/22076\/revisions"}],"wp:featuredmedia":[{"embeddable":true,"href":"https:\/\/stylingagenten.com\/sv\/wp-json\/wp\/v2\/media\/22068"}],"wp:attachment":[{"href":"https:\/\/stylingagenten.com\/sv\/wp-json\/wp\/v2\/media?parent=22076"}],"wp:term":[{"taxonomy":"product_brand","embeddable":true,"href":"https:\/\/stylingagenten.com\/sv\/wp-json\/wp\/v2\/product_brand?post=22076"},{"taxonomy":"product_cat","embeddable":true,"href":"https:\/\/stylingagenten.com\/sv\/wp-json\/wp\/v2\/product_cat?post=22076"},{"taxonomy":"product_tag","embeddable":true,"href":"https:\/\/stylingagenten.com\/sv\/wp-json\/wp\/v2\/product_tag?post=22076"},{"taxonomy":"berocket_brand","embeddable":true,"href":"https:\/\/stylingagenten.com\/sv\/wp-json\/wp\/v2\/berocket_brand?post=22076"}],"curies":[{"name":"wp","href":"https:\/\/api.w.org\/{rel}","templated":true}]}}