{"id":22051,"date":"2025-01-27T12:15:21","date_gmt":"2025-01-27T12:15:21","guid":{"rendered":"https:\/\/staging2.stylingagenten.com\/sv\/produkt\/sergio-tacchini-your-match-edt-100ml\/"},"modified":"2026-03-24T06:37:29","modified_gmt":"2026-03-24T06:37:29","slug":"sergio-tacchini-your-match-edt-100ml","status":"publish","type":"product","link":"https:\/\/stylingagenten.com\/sv\/produkt\/sergio-tacchini-your-match-edt-100ml\/","title":{"rendered":"Sergio Tacchini Your Match Edt 100ml"},"content":{"rendered":"<p>En doft f\u00f6r en elegant, sportig och unik man. En speciell blandning av naturlighet, fr\u00e4sch\u00f6r, elegans och modernitet. Toppnoter som citron, grapefrukt framh\u00e4vs av kryddig ackord och berikas av patchouli i den tr\u00e4iga botten.<\/p>\n","protected":false},"excerpt":{"rendered":"<p>En doft f\u00f6r en elegant, sportig och unik man. En speciell blandning av naturlighet, fr\u00e4sch\u00f6r, elegans och modernitet. Toppnoter som citron, grapefrukt framh\u00e4vs av kryddig ackord och berikas av patchouli i den tr\u00e4iga botten.<\/p>\n","protected":false},"featured_media":22046,"comment_status":"open","ping_status":"closed","template":"","meta":{"_trash_the_other_posts":false},"product_brand":[],"product_cat":[709],"product_tag":[],"berocket_brand":[1130],"class_list":{"0":"post-22051","1":"product","2":"type-product","3":"status-publish","4":"has-post-thumbnail","6":"product_cat-eau-de-toilette-herr","7":"pa_brand-sergio-tacchini","8":"berocket_brand-sergio-tacchini","10":"first","11":"outofstock","12":"sale","13":"taxable","14":"shipping-taxable","15":"purchasable","16":"product-type-simple"},"_links":{"self":[{"href":"https:\/\/stylingagenten.com\/sv\/wp-json\/wp\/v2\/product\/22051","targetHints":{"allow":["GET"]}}],"collection":[{"href":"https:\/\/stylingagenten.com\/sv\/wp-json\/wp\/v2\/product"}],"about":[{"href":"https:\/\/stylingagenten.com\/sv\/wp-json\/wp\/v2\/types\/product"}],"replies":[{"embeddable":true,"href":"https:\/\/stylingagenten.com\/sv\/wp-json\/wp\/v2\/comments?post=22051"}],"version-history":[{"count":0,"href":"https:\/\/stylingagenten.com\/sv\/wp-json\/wp\/v2\/product\/22051\/revisions"}],"wp:featuredmedia":[{"embeddable":true,"href":"https:\/\/stylingagenten.com\/sv\/wp-json\/wp\/v2\/media\/22046"}],"wp:attachment":[{"href":"https:\/\/stylingagenten.com\/sv\/wp-json\/wp\/v2\/media?parent=22051"}],"wp:term":[{"taxonomy":"product_brand","embeddable":true,"href":"https:\/\/stylingagenten.com\/sv\/wp-json\/wp\/v2\/product_brand?post=22051"},{"taxonomy":"product_cat","embeddable":true,"href":"https:\/\/stylingagenten.com\/sv\/wp-json\/wp\/v2\/product_cat?post=22051"},{"taxonomy":"product_tag","embeddable":true,"href":"https:\/\/stylingagenten.com\/sv\/wp-json\/wp\/v2\/product_tag?post=22051"},{"taxonomy":"berocket_brand","embeddable":true,"href":"https:\/\/stylingagenten.com\/sv\/wp-json\/wp\/v2\/berocket_brand?post=22051"}],"curies":[{"name":"wp","href":"https:\/\/api.w.org\/{rel}","templated":true}]}}