{"id":21968,"date":"2025-01-27T12:14:58","date_gmt":"2025-01-27T12:14:58","guid":{"rendered":"https:\/\/staging2.stylingagenten.com\/sv\/produkt\/britney-spears-blissful-fantasy-edt-100ml\/"},"modified":"2026-04-06T23:18:33","modified_gmt":"2026-04-06T23:18:33","slug":"britney-spears-blissful-fantasy-edt-100ml","status":"publish","type":"product","link":"https:\/\/stylingagenten.com\/sv\/produkt\/britney-spears-blissful-fantasy-edt-100ml\/","title":{"rendered":"Britney Spears Blissful Fantasy Edt 100ml"},"content":{"rendered":"<p>Uppt\u00e4ck \u00e4nnu en magisk doft inom doftlinjen Britney Spears Fantasy, en h\u00e4rligt sprudlande och upplyftande eau de toilette inspirerad av Britneys evigt soliga hum\u00f6r och hennes k\u00e4rlek till tropiska getaways.<\/p>\n<p>Blissful Fantasy \u00e4r olfaktiv flykt &#8211; En enkelbiljett till paradiset, som inte \u00e4r en unik plats utan ett sinnestillst\u00e5nd. D\u00e4r du kan k\u00e4nna fullst\u00e4ndig lycka och lugn \u2013 var du \u00e4n befinner dig. En damparfym f\u00f6r alla tillf\u00e4llen.<\/p>\n<p>Doften \u00e4r en ljus, tr\u00e4ig- och vitblommig doft som blandar toppnoter av Lilja, Honungsmelon och vit Freesiablomma med Jasmin, Tuberos och Tiareblomma I hj\u00e4rtat. I basen finns f\u00f6rf\u00f6risk mysk, sandeltr\u00e4 och orris.<\/p>\n<p>Doftfamilj: Woody-Floral<br \/>Toppnoter: Lilja, Honungsmelon, Freesia<br \/>Hj\u00e4rtnoter: Jasmin, Tuberos, Tiare blomma<br \/>Basnoter: Mysk, Sandeltr\u00e4, Orris<\/p>\n","protected":false},"excerpt":{"rendered":"<p>Uppt\u00e4ck \u00e4nnu en magisk doft inom doftlinjen Britney Spears Fantasy, en h\u00e4rligt sprudlande och upplyftande eau de toilette inspirerad av Britneys evigt soliga hum\u00f6r och hennes k\u00e4rlek till tropiska getaways. Blissful Fantasy \u00e4r olfaktiv flykt &#8211; En enkelbiljett till paradiset, som inte \u00e4r en unik plats utan ett sinnestillst\u00e5nd. D\u00e4r du kan k\u00e4nna fullst\u00e4ndig lycka [&hellip;]<\/p>\n","protected":false},"featured_media":21966,"comment_status":"open","ping_status":"closed","template":"","meta":{"_trash_the_other_posts":false},"product_brand":[],"product_cat":[707,735,999,1006],"product_tag":[],"berocket_brand":[1031],"class_list":{"0":"post-21968","1":"product","2":"type-product","3":"status-publish","4":"has-post-thumbnail","6":"product_cat-eau-de-toilette-dam","7":"product_cat-kampanj","8":"product_cat-kampanj-for-henne","9":"product_cat-kampanjpris","10":"pa_brand-britney-spears","11":"berocket_brand-britney-spears","13":"first","14":"instock","15":"sale","16":"taxable","17":"shipping-taxable","18":"purchasable","19":"product-type-simple"},"_links":{"self":[{"href":"https:\/\/stylingagenten.com\/sv\/wp-json\/wp\/v2\/product\/21968","targetHints":{"allow":["GET"]}}],"collection":[{"href":"https:\/\/stylingagenten.com\/sv\/wp-json\/wp\/v2\/product"}],"about":[{"href":"https:\/\/stylingagenten.com\/sv\/wp-json\/wp\/v2\/types\/product"}],"replies":[{"embeddable":true,"href":"https:\/\/stylingagenten.com\/sv\/wp-json\/wp\/v2\/comments?post=21968"}],"version-history":[{"count":0,"href":"https:\/\/stylingagenten.com\/sv\/wp-json\/wp\/v2\/product\/21968\/revisions"}],"wp:featuredmedia":[{"embeddable":true,"href":"https:\/\/stylingagenten.com\/sv\/wp-json\/wp\/v2\/media\/21966"}],"wp:attachment":[{"href":"https:\/\/stylingagenten.com\/sv\/wp-json\/wp\/v2\/media?parent=21968"}],"wp:term":[{"taxonomy":"product_brand","embeddable":true,"href":"https:\/\/stylingagenten.com\/sv\/wp-json\/wp\/v2\/product_brand?post=21968"},{"taxonomy":"product_cat","embeddable":true,"href":"https:\/\/stylingagenten.com\/sv\/wp-json\/wp\/v2\/product_cat?post=21968"},{"taxonomy":"product_tag","embeddable":true,"href":"https:\/\/stylingagenten.com\/sv\/wp-json\/wp\/v2\/product_tag?post=21968"},{"taxonomy":"berocket_brand","embeddable":true,"href":"https:\/\/stylingagenten.com\/sv\/wp-json\/wp\/v2\/berocket_brand?post=21968"}],"curies":[{"name":"wp","href":"https:\/\/api.w.org\/{rel}","templated":true}]}}