{"id":21942,"date":"2025-01-27T12:14:51","date_gmt":"2025-01-27T12:14:51","guid":{"rendered":"https:\/\/staging2.stylingagenten.com\/sv\/produkt\/nyx-prof-makeup-pro-powder-brush\/"},"modified":"2025-12-18T21:55:23","modified_gmt":"2025-12-18T21:55:23","slug":"nyx-prof-makeup-pro-powder-brush","status":"publish","type":"product","link":"https:\/\/stylingagenten.com\/sv\/produkt\/nyx-prof-makeup-pro-powder-brush\/","title":{"rendered":"NYX PROF. MAKEUP Pro Powder Brush"},"content":{"rendered":"<p>Varf\u00f6r inte anv\u00e4nda samma utrustning som proffsen och s\u00e4tt din egen professionella pr\u00e4gel p\u00e5 varje ny look?<\/p>\n<p><span style=\"font-size:11.0pt;line-height:107%;,sans-serif\">NYX PROFESSIONAL MAKEUP Pro Powder Brush \u00e4r en mjuk, fyllig borste som \u00e4r idealisk f\u00f6r enkel applicering av l\u00f6st eller pressat puder. Stryk p\u00e5 det l\u00e4tt och tona ut det f\u00f6r fin, j\u00e4mn t\u00e4ckning. Tillverkad av syntetiska fibrer.<\/span><\/p>\n","protected":false},"excerpt":{"rendered":"<p>Varf\u00f6r inte anv\u00e4nda samma utrustning som proffsen och s\u00e4tt din egen professionella pr\u00e4gel p\u00e5 varje ny look? NYX PROFESSIONAL MAKEUP Pro Powder Brush \u00e4r en mjuk, fyllig borste som \u00e4r idealisk f\u00f6r enkel applicering av l\u00f6st eller pressat puder. Stryk p\u00e5 det l\u00e4tt och tona ut det f\u00f6r fin, j\u00e4mn t\u00e4ckning. Tillverkad av syntetiska fibrer.<\/p>\n","protected":false},"featured_media":21940,"comment_status":"open","ping_status":"closed","template":"","meta":{"_trash_the_other_posts":false},"product_brand":[],"product_cat":[728],"product_tag":[3820],"berocket_brand":[1025],"class_list":{"0":"post-21942","1":"product","2":"type-product","3":"status-publish","4":"has-post-thumbnail","6":"product_cat-puderborste","7":"product_tag-nyx-prof-makeup-pro-brush","8":"pa_brand-nyx","9":"pa_variant-powder","10":"berocket_brand-nyx","12":"first","13":"instock","14":"sale","15":"taxable","16":"shipping-taxable","17":"purchasable","18":"product-type-simple"},"_links":{"self":[{"href":"https:\/\/stylingagenten.com\/sv\/wp-json\/wp\/v2\/product\/21942","targetHints":{"allow":["GET"]}}],"collection":[{"href":"https:\/\/stylingagenten.com\/sv\/wp-json\/wp\/v2\/product"}],"about":[{"href":"https:\/\/stylingagenten.com\/sv\/wp-json\/wp\/v2\/types\/product"}],"replies":[{"embeddable":true,"href":"https:\/\/stylingagenten.com\/sv\/wp-json\/wp\/v2\/comments?post=21942"}],"version-history":[{"count":0,"href":"https:\/\/stylingagenten.com\/sv\/wp-json\/wp\/v2\/product\/21942\/revisions"}],"wp:featuredmedia":[{"embeddable":true,"href":"https:\/\/stylingagenten.com\/sv\/wp-json\/wp\/v2\/media\/21940"}],"wp:attachment":[{"href":"https:\/\/stylingagenten.com\/sv\/wp-json\/wp\/v2\/media?parent=21942"}],"wp:term":[{"taxonomy":"product_brand","embeddable":true,"href":"https:\/\/stylingagenten.com\/sv\/wp-json\/wp\/v2\/product_brand?post=21942"},{"taxonomy":"product_cat","embeddable":true,"href":"https:\/\/stylingagenten.com\/sv\/wp-json\/wp\/v2\/product_cat?post=21942"},{"taxonomy":"product_tag","embeddable":true,"href":"https:\/\/stylingagenten.com\/sv\/wp-json\/wp\/v2\/product_tag?post=21942"},{"taxonomy":"berocket_brand","embeddable":true,"href":"https:\/\/stylingagenten.com\/sv\/wp-json\/wp\/v2\/berocket_brand?post=21942"}],"curies":[{"name":"wp","href":"https:\/\/api.w.org\/{rel}","templated":true}]}}