{"id":21859,"date":"2025-01-27T12:14:26","date_gmt":"2025-01-27T12:14:26","guid":{"rendered":"https:\/\/staging2.stylingagenten.com\/sv\/produkt\/loreal-paris-brow-artist-plump-set-108-brunette-5-ml\/"},"modified":"2026-04-01T14:00:11","modified_gmt":"2026-04-01T14:00:11","slug":"loreal-paris-brow-artist-plump-set-108-brunette-5-ml","status":"publish","type":"product","link":"https:\/\/stylingagenten.com\/sv\/produkt\/loreal-paris-brow-artist-plump-set-108-brunette-5-ml\/","title":{"rendered":"L&#8217;Or\u00e9al Paris Brow Artist Plump &amp; Set 108 Brunette 5 ml"},"content":{"rendered":"<p>Bryn-gel f\u00f6r bryn som ser fylligare ut. I bara ett enkelt steg ger Brow Artis Plump &amp; Set dina bryn b\u00e5de volym och en intensiv look. Med en kort applikator och vinklad borste f\u00f6r en exakt applicering. Formula som k\u00e4nns l\u00e4tt och som ger dig fylliga \u00f6gonbryn som inte k\u00e4nns styva. *Vattenfast *Smetar inte ut.<\/p>\n","protected":false},"excerpt":{"rendered":"<p>Bryn-gel f\u00f6r bryn som ser fylligare ut. I bara ett enkelt steg ger Brow Artis Plump &amp; Set dina bryn b\u00e5de volym och en intensiv look. Med en kort applikator och vinklad borste f\u00f6r en exakt applicering. Formula som k\u00e4nns l\u00e4tt och som ger dig fylliga \u00f6gonbryn som inte k\u00e4nns styva. *Vattenfast *Smetar inte ut.<\/p>\n","protected":false},"featured_media":21856,"comment_status":"open","ping_status":"closed","template":"","meta":{"_trash_the_other_posts":false},"product_brand":[],"product_cat":[627],"product_tag":[3338],"berocket_brand":[1019],"class_list":{"0":"post-21859","1":"product","2":"type-product","3":"status-publish","4":"has-post-thumbnail","6":"product_cat-ogonbrynsgel","7":"product_tag-loreal-paris-brow-artist-plump-set-5-ml","8":"pa_brand-loreal-paris-2","9":"pa_variant-108-brunette","10":"berocket_brand-loreal","12":"first","13":"instock","14":"sale","15":"taxable","16":"shipping-taxable","17":"purchasable","18":"product-type-simple"},"_links":{"self":[{"href":"https:\/\/stylingagenten.com\/sv\/wp-json\/wp\/v2\/product\/21859","targetHints":{"allow":["GET"]}}],"collection":[{"href":"https:\/\/stylingagenten.com\/sv\/wp-json\/wp\/v2\/product"}],"about":[{"href":"https:\/\/stylingagenten.com\/sv\/wp-json\/wp\/v2\/types\/product"}],"replies":[{"embeddable":true,"href":"https:\/\/stylingagenten.com\/sv\/wp-json\/wp\/v2\/comments?post=21859"}],"version-history":[{"count":0,"href":"https:\/\/stylingagenten.com\/sv\/wp-json\/wp\/v2\/product\/21859\/revisions"}],"wp:featuredmedia":[{"embeddable":true,"href":"https:\/\/stylingagenten.com\/sv\/wp-json\/wp\/v2\/media\/21856"}],"wp:attachment":[{"href":"https:\/\/stylingagenten.com\/sv\/wp-json\/wp\/v2\/media?parent=21859"}],"wp:term":[{"taxonomy":"product_brand","embeddable":true,"href":"https:\/\/stylingagenten.com\/sv\/wp-json\/wp\/v2\/product_brand?post=21859"},{"taxonomy":"product_cat","embeddable":true,"href":"https:\/\/stylingagenten.com\/sv\/wp-json\/wp\/v2\/product_cat?post=21859"},{"taxonomy":"product_tag","embeddable":true,"href":"https:\/\/stylingagenten.com\/sv\/wp-json\/wp\/v2\/product_tag?post=21859"},{"taxonomy":"berocket_brand","embeddable":true,"href":"https:\/\/stylingagenten.com\/sv\/wp-json\/wp\/v2\/berocket_brand?post=21859"}],"curies":[{"name":"wp","href":"https:\/\/api.w.org\/{rel}","templated":true}]}}