{"id":21850,"date":"2025-01-27T12:14:23","date_gmt":"2025-01-27T12:14:23","guid":{"rendered":"https:\/\/staging2.stylingagenten.com\/sv\/produkt\/beauty-uk-glacier-gloss-no-5-tickle-me-pink\/"},"modified":"2026-02-14T09:57:19","modified_gmt":"2026-02-14T09:57:19","slug":"beauty-uk-glacier-gloss-no-5-tickle-me-pink","status":"publish","type":"product","link":"https:\/\/stylingagenten.com\/sv\/produkt\/beauty-uk-glacier-gloss-no-5-tickle-me-pink\/","title":{"rendered":"Beauty UK Glacier Gloss No.5 Tickle Me Pink"},"content":{"rendered":"<p>V\u00e5rt Glacier Gloss sortiment \u00e4r en l\u00e4ppglanskollektion som lovar stor effekt, glans och intensiv f\u00e4rg. Glacier Gloss t\u00e4cker \u00f6verd\u00e5digt l\u00e4pparna i ett spektrum av nyanser med en sofistikerad och intensiv glans.<\/p>\n<p>Den silkiga konsistensen och den smidiga applikatorn g\u00f6r p\u00e5f\u00f6randet l\u00e4tt, vilket resulterar i att det varar l\u00e4ngre och \u00e4r mer behagligt att anv\u00e4nda.<\/p>\n","protected":false},"excerpt":{"rendered":"<p>V\u00e5rt Glacier Gloss sortiment \u00e4r en l\u00e4ppglanskollektion som lovar stor effekt, glans och intensiv f\u00e4rg. Glacier Gloss t\u00e4cker \u00f6verd\u00e5digt l\u00e4pparna i ett spektrum av nyanser med en sofistikerad och intensiv glans. Den silkiga konsistensen och den smidiga applikatorn g\u00f6r p\u00e5f\u00f6randet l\u00e4tt, vilket resulterar i att det varar l\u00e4ngre och \u00e4r mer behagligt att anv\u00e4nda.<\/p>\n","protected":false},"featured_media":21847,"comment_status":"open","ping_status":"closed","template":"","meta":{"_trash_the_other_posts":false},"product_brand":[],"product_cat":[599],"product_tag":[2497],"berocket_brand":[1059],"class_list":{"0":"post-21850","1":"product","2":"type-product","3":"status-publish","4":"has-post-thumbnail","6":"product_cat-lappglans","7":"product_tag-beauty-uk-glacier-gloss","8":"pa_brand-beautyuk","9":"pa_variant-no-5-tickle-me-pink","10":"berocket_brand-beautyuk","12":"first","13":"instock","14":"sale","15":"taxable","16":"shipping-taxable","17":"purchasable","18":"product-type-simple"},"_links":{"self":[{"href":"https:\/\/stylingagenten.com\/sv\/wp-json\/wp\/v2\/product\/21850","targetHints":{"allow":["GET"]}}],"collection":[{"href":"https:\/\/stylingagenten.com\/sv\/wp-json\/wp\/v2\/product"}],"about":[{"href":"https:\/\/stylingagenten.com\/sv\/wp-json\/wp\/v2\/types\/product"}],"replies":[{"embeddable":true,"href":"https:\/\/stylingagenten.com\/sv\/wp-json\/wp\/v2\/comments?post=21850"}],"version-history":[{"count":0,"href":"https:\/\/stylingagenten.com\/sv\/wp-json\/wp\/v2\/product\/21850\/revisions"}],"wp:featuredmedia":[{"embeddable":true,"href":"https:\/\/stylingagenten.com\/sv\/wp-json\/wp\/v2\/media\/21847"}],"wp:attachment":[{"href":"https:\/\/stylingagenten.com\/sv\/wp-json\/wp\/v2\/media?parent=21850"}],"wp:term":[{"taxonomy":"product_brand","embeddable":true,"href":"https:\/\/stylingagenten.com\/sv\/wp-json\/wp\/v2\/product_brand?post=21850"},{"taxonomy":"product_cat","embeddable":true,"href":"https:\/\/stylingagenten.com\/sv\/wp-json\/wp\/v2\/product_cat?post=21850"},{"taxonomy":"product_tag","embeddable":true,"href":"https:\/\/stylingagenten.com\/sv\/wp-json\/wp\/v2\/product_tag?post=21850"},{"taxonomy":"berocket_brand","embeddable":true,"href":"https:\/\/stylingagenten.com\/sv\/wp-json\/wp\/v2\/berocket_brand?post=21850"}],"curies":[{"name":"wp","href":"https:\/\/api.w.org\/{rel}","templated":true}]}}