{"id":21785,"date":"2025-01-27T12:14:07","date_gmt":"2025-01-27T12:14:07","guid":{"rendered":"https:\/\/staging2.stylingagenten.com\/sv\/produkt\/max-factor-false-lash-effect-xxl-mascara-01-black\/"},"modified":"2026-04-07T14:30:25","modified_gmt":"2026-04-07T14:30:25","slug":"max-factor-false-lash-effect-xxl-mascara-01-black","status":"publish","type":"product","link":"https:\/\/stylingagenten.com\/sv\/produkt\/max-factor-false-lash-effect-xxl-mascara-01-black\/","title":{"rendered":"Max Factor False Lash Effect XXL Mascara 01 Black"},"content":{"rendered":"<p>Max Factor FALSE LASH EFFECT XXL Mascara \u00e4r mascaran som ger omedelbar XXL-volym i bara ett svep! False Lash Effect XXL \u00e4r Max Factors senaste mascara som l\u00e5ter dig uppleva effekten av fransf\u00f6rl\u00e4ngning p\u00e5 bara n\u00e5gra sekunder, men utan n\u00e5got slitage p\u00e5 fransarna. Mascaran har en kr\u00e4mig, volymbyggande formula som omsluter varje frans f\u00f6r att ge maximal l\u00e4ngd och fyllighet. Formulan inneh\u00e5ller \u00e4ven ansvarsfullt framst\u00e4llda ingredienser, bl.a Arginin, Pantenol och E-vitamin.<\/p>\n<p>Applicera produkten med den specialdesignade, timglasformade borsten, och uppt\u00e4ck en dramatisk franslook. Det 100 % veganska pigmentet suddas inte ut och \u00e4r l\u00e4tt att ta bort.<\/p>\n<p>&#8211; Klumpfri- &amp; Kladdfri formula<br \/>&#8211; Passar k\u00e4nsliga \u00f6gon<br \/>&#8211; Testad av \u00f6gonl\u00e4kare<br \/>&#8211; Inneh\u00e5ller ingen doft<\/p>\n<p>Anv\u00e4ndning:<br \/>STEG 1: Applicera f\u00f6rst 2 lager av False Lash Effect Primer<br \/>STEG 2: F\u00f6lj upp med 2 lager av False Lash Effect XXL Mascara f\u00f6r spektakul\u00e4ra och dj\u00e4rva fransar<\/p>\n<p>13 ml<\/p>\n","protected":false},"excerpt":{"rendered":"<p>Max Factor FALSE LASH EFFECT XXL Mascara \u00e4r mascaran som ger omedelbar XXL-volym i bara ett svep! False Lash Effect XXL \u00e4r Max Factors senaste mascara som l\u00e5ter dig uppleva effekten av fransf\u00f6rl\u00e4ngning p\u00e5 bara n\u00e5gra sekunder, men utan n\u00e5got slitage p\u00e5 fransarna. Mascaran har en kr\u00e4mig, volymbyggande formula som omsluter varje frans f\u00f6r att [&hellip;]<\/p>\n","protected":false},"featured_media":21777,"comment_status":"open","ping_status":"closed","template":"","meta":{"_trash_the_other_posts":false},"product_brand":[],"product_cat":[618],"product_tag":[],"berocket_brand":[1013],"class_list":{"0":"post-21785","1":"product","2":"type-product","3":"status-publish","4":"has-post-thumbnail","6":"product_cat-mascara","7":"pa_brand-max-factor","8":"berocket_brand-max-factor","10":"first","11":"instock","12":"sale","13":"taxable","14":"shipping-taxable","15":"purchasable","16":"product-type-simple"},"_links":{"self":[{"href":"https:\/\/stylingagenten.com\/sv\/wp-json\/wp\/v2\/product\/21785","targetHints":{"allow":["GET"]}}],"collection":[{"href":"https:\/\/stylingagenten.com\/sv\/wp-json\/wp\/v2\/product"}],"about":[{"href":"https:\/\/stylingagenten.com\/sv\/wp-json\/wp\/v2\/types\/product"}],"replies":[{"embeddable":true,"href":"https:\/\/stylingagenten.com\/sv\/wp-json\/wp\/v2\/comments?post=21785"}],"version-history":[{"count":0,"href":"https:\/\/stylingagenten.com\/sv\/wp-json\/wp\/v2\/product\/21785\/revisions"}],"wp:featuredmedia":[{"embeddable":true,"href":"https:\/\/stylingagenten.com\/sv\/wp-json\/wp\/v2\/media\/21777"}],"wp:attachment":[{"href":"https:\/\/stylingagenten.com\/sv\/wp-json\/wp\/v2\/media?parent=21785"}],"wp:term":[{"taxonomy":"product_brand","embeddable":true,"href":"https:\/\/stylingagenten.com\/sv\/wp-json\/wp\/v2\/product_brand?post=21785"},{"taxonomy":"product_cat","embeddable":true,"href":"https:\/\/stylingagenten.com\/sv\/wp-json\/wp\/v2\/product_cat?post=21785"},{"taxonomy":"product_tag","embeddable":true,"href":"https:\/\/stylingagenten.com\/sv\/wp-json\/wp\/v2\/product_tag?post=21785"},{"taxonomy":"berocket_brand","embeddable":true,"href":"https:\/\/stylingagenten.com\/sv\/wp-json\/wp\/v2\/berocket_brand?post=21785"}],"curies":[{"name":"wp","href":"https:\/\/api.w.org\/{rel}","templated":true}]}}