{"id":21781,"date":"2025-01-27T12:14:07","date_gmt":"2025-01-27T12:14:07","guid":{"rendered":"https:\/\/staging2.stylingagenten.com\/sv\/produkt\/loreal-paris-volume-million-lashes-balm-noir-mascara-black\/"},"modified":"2026-03-29T01:08:34","modified_gmt":"2026-03-29T01:08:34","slug":"loreal-paris-volume-million-lashes-balm-noir-mascara-black","status":"publish","type":"product","link":"https:\/\/stylingagenten.com\/sv\/produkt\/loreal-paris-volume-million-lashes-balm-noir-mascara-black\/","title":{"rendered":"L&#8217;or\u00e9al Paris Volume Million Lashes Balm Noir Mascara Black"},"content":{"rendered":"<p>Volume Million Lashes Balm Noir mascara \u00e4r den ikoniska Volume Million Lashes-familjens senaste innovation fr\u00e5n L\u2019Or\u00e9al Paris. L\u2019Or\u00e9al Paris balm-in-mascara \u00e4r skapad med 99 % ingredienser av naturligt ursprung i en hypoallergen formula och ger dina fransar en v\u00e4lm\u00e5ende look utan bekostnad p\u00e5 volym eller stadga.<br \/>Balsamkonsistensen inneh\u00e5ller oljor av naturligt ursprung som \u00e4r speciellt utvalda f\u00f6r att tillf\u00f6ra b\u00e5de fukt och volym. F\u00f6r mjuka och smidiga fransar med ett intryck av 7X mer volym*.<br \/>Den flexibla borsten f\u00e5ngar varje frans och med varje formulaapplicering separeras dina fransar och ger definierad volym.<br \/><em><br \/>*instrumentellt test, 26 personer<\/em><\/p>\n","protected":false},"excerpt":{"rendered":"<p>Volume Million Lashes Balm Noir mascara \u00e4r den ikoniska Volume Million Lashes-familjens senaste innovation fr\u00e5n L\u2019Or\u00e9al Paris. L\u2019Or\u00e9al Paris balm-in-mascara \u00e4r skapad med 99 % ingredienser av naturligt ursprung i en hypoallergen formula och ger dina fransar en v\u00e4lm\u00e5ende look utan bekostnad p\u00e5 volym eller stadga.Balsamkonsistensen inneh\u00e5ller oljor av naturligt ursprung som \u00e4r speciellt utvalda [&hellip;]<\/p>\n","protected":false},"featured_media":21780,"comment_status":"open","ping_status":"closed","template":"","meta":{"_trash_the_other_posts":false},"product_brand":[],"product_cat":[618],"product_tag":[],"berocket_brand":[1019],"class_list":{"0":"post-21781","1":"product","2":"type-product","3":"status-publish","4":"has-post-thumbnail","6":"product_cat-mascara","7":"pa_brand-loreal-paris-2","8":"berocket_brand-loreal","10":"first","11":"instock","12":"sale","13":"taxable","14":"shipping-taxable","15":"purchasable","16":"product-type-simple"},"_links":{"self":[{"href":"https:\/\/stylingagenten.com\/sv\/wp-json\/wp\/v2\/product\/21781","targetHints":{"allow":["GET"]}}],"collection":[{"href":"https:\/\/stylingagenten.com\/sv\/wp-json\/wp\/v2\/product"}],"about":[{"href":"https:\/\/stylingagenten.com\/sv\/wp-json\/wp\/v2\/types\/product"}],"replies":[{"embeddable":true,"href":"https:\/\/stylingagenten.com\/sv\/wp-json\/wp\/v2\/comments?post=21781"}],"version-history":[{"count":0,"href":"https:\/\/stylingagenten.com\/sv\/wp-json\/wp\/v2\/product\/21781\/revisions"}],"wp:featuredmedia":[{"embeddable":true,"href":"https:\/\/stylingagenten.com\/sv\/wp-json\/wp\/v2\/media\/21780"}],"wp:attachment":[{"href":"https:\/\/stylingagenten.com\/sv\/wp-json\/wp\/v2\/media?parent=21781"}],"wp:term":[{"taxonomy":"product_brand","embeddable":true,"href":"https:\/\/stylingagenten.com\/sv\/wp-json\/wp\/v2\/product_brand?post=21781"},{"taxonomy":"product_cat","embeddable":true,"href":"https:\/\/stylingagenten.com\/sv\/wp-json\/wp\/v2\/product_cat?post=21781"},{"taxonomy":"product_tag","embeddable":true,"href":"https:\/\/stylingagenten.com\/sv\/wp-json\/wp\/v2\/product_tag?post=21781"},{"taxonomy":"berocket_brand","embeddable":true,"href":"https:\/\/stylingagenten.com\/sv\/wp-json\/wp\/v2\/berocket_brand?post=21781"}],"curies":[{"name":"wp","href":"https:\/\/api.w.org\/{rel}","templated":true}]}}