{"id":21742,"date":"2025-01-27T12:13:56","date_gmt":"2025-01-27T12:13:56","guid":{"rendered":"https:\/\/staging2.stylingagenten.com\/sv\/produkt\/max-factor-miracle-pure-skin-improving-foundation-55-beige-30ml\/"},"modified":"2026-01-08T18:37:02","modified_gmt":"2026-01-08T18:37:02","slug":"max-factor-miracle-pure-skin-improving-foundation-55-beige-30ml","status":"publish","type":"product","link":"https:\/\/stylingagenten.com\/sv\/produkt\/max-factor-miracle-pure-skin-improving-foundation-55-beige-30ml\/","title":{"rendered":"Max Factor Miracle Pure Skin-Improving Foundation 55 Beige 30ml"},"content":{"rendered":"<p>Max Factor introducerar sitt senaste mirakel &#8211; Miracle Pure Skin-Improving Foundation. En foundation inspirerad av hudv\u00e5rd och ansiktsv\u00e5rd, skapad av Max Factor. Smink berikad med hyaluronsyra, d\u00e4r hudv\u00e5rd och kosmetika blir ett i en foundation. Kliniskt bevisad att v\u00e5rda huden under tiden du b\u00e4r den och p\u00e5 bara en minut och med en enda droppe ger den inte bara huden vacker fyllighet, utan \u00e4ven fem andra f\u00f6rdelar: b\u00e4ttre lyster, fasthet, elasticitet, densitet och smidighet.<\/p>\n<p>Den inneh\u00e5ller hela 89 % hudv\u00e5rdande ingredienser, bland annat ett kollagen-boostande komplex, vitamin C och hyaluronsyra, och \u00e5terfuktar i upp till 24 timmar. Perfekt f\u00f6r dig med en lite torrare hud. Allt f\u00f6r en str\u00e5lande basmakeup samtidigt som din hud m\u00e5r bra.<\/p>\n<p>&#8211; Medium t\u00e4ckning som g\u00e5r att bygga upp<br \/>&#8211; SPF 30PA+++ UVA\/UVB<br \/>&#8211; Dermatologiskt testad<br \/>&#8211; Passar f\u00f6r alla, speciellt dig som s\u00f6ker en foundation och hudv\u00e5rd i ett<\/p>\n","protected":false},"excerpt":{"rendered":"<p>Max Factor introducerar sitt senaste mirakel &#8211; Miracle Pure Skin-Improving Foundation. En foundation inspirerad av hudv\u00e5rd och ansiktsv\u00e5rd, skapad av Max Factor. Smink berikad med hyaluronsyra, d\u00e4r hudv\u00e5rd och kosmetika blir ett i en foundation. Kliniskt bevisad att v\u00e5rda huden under tiden du b\u00e4r den och p\u00e5 bara en minut och med en enda droppe [&hellip;]<\/p>\n","protected":false},"featured_media":21741,"comment_status":"open","ping_status":"closed","template":"","meta":{"_trash_the_other_posts":false},"product_brand":[],"product_cat":[579],"product_tag":[3596],"berocket_brand":[1013],"class_list":{"0":"post-21742","1":"product","2":"type-product","3":"status-publish","4":"has-post-thumbnail","6":"product_cat-foundation","7":"product_tag-max-factor-miracle-pure-skin-improving-foundation-30ml","8":"pa_brand-max-factor","9":"pa_variant-55-beige","10":"berocket_brand-max-factor","12":"first","13":"instock","14":"sale","15":"taxable","16":"shipping-taxable","17":"purchasable","18":"product-type-simple"},"_links":{"self":[{"href":"https:\/\/stylingagenten.com\/sv\/wp-json\/wp\/v2\/product\/21742","targetHints":{"allow":["GET"]}}],"collection":[{"href":"https:\/\/stylingagenten.com\/sv\/wp-json\/wp\/v2\/product"}],"about":[{"href":"https:\/\/stylingagenten.com\/sv\/wp-json\/wp\/v2\/types\/product"}],"replies":[{"embeddable":true,"href":"https:\/\/stylingagenten.com\/sv\/wp-json\/wp\/v2\/comments?post=21742"}],"version-history":[{"count":0,"href":"https:\/\/stylingagenten.com\/sv\/wp-json\/wp\/v2\/product\/21742\/revisions"}],"wp:featuredmedia":[{"embeddable":true,"href":"https:\/\/stylingagenten.com\/sv\/wp-json\/wp\/v2\/media\/21741"}],"wp:attachment":[{"href":"https:\/\/stylingagenten.com\/sv\/wp-json\/wp\/v2\/media?parent=21742"}],"wp:term":[{"taxonomy":"product_brand","embeddable":true,"href":"https:\/\/stylingagenten.com\/sv\/wp-json\/wp\/v2\/product_brand?post=21742"},{"taxonomy":"product_cat","embeddable":true,"href":"https:\/\/stylingagenten.com\/sv\/wp-json\/wp\/v2\/product_cat?post=21742"},{"taxonomy":"product_tag","embeddable":true,"href":"https:\/\/stylingagenten.com\/sv\/wp-json\/wp\/v2\/product_tag?post=21742"},{"taxonomy":"berocket_brand","embeddable":true,"href":"https:\/\/stylingagenten.com\/sv\/wp-json\/wp\/v2\/berocket_brand?post=21742"}],"curies":[{"name":"wp","href":"https:\/\/api.w.org\/{rel}","templated":true}]}}