{"id":21706,"date":"2025-01-27T12:13:43","date_gmt":"2025-01-27T12:13:43","guid":{"rendered":"https:\/\/staging2.stylingagenten.com\/sv\/produkt\/acqua-di-parma-colonia-deodorant-spray-150ml\/"},"modified":"2026-03-30T13:35:20","modified_gmt":"2026-03-30T13:35:20","slug":"acqua-di-parma-colonia-deodorant-spray-150ml","status":"publish","type":"product","link":"https:\/\/stylingagenten.com\/sv\/produkt\/acqua-di-parma-colonia-deodorant-spray-150ml\/","title":{"rendered":"Acqua di Parma Colonia Deodorant Spray 150ml"},"content":{"rendered":"<p>Deodoranten fr\u00e5n Colonia-kollektionen skapad av Acqua di Parma har en l\u00e5ngvarig effekt och \u00e4r delikat parfymerad med signaturessensen av Colonia, vilket garanterar omedelbar fr\u00e4sch\u00f6r.<br \/>Med den aktiva formeln av Colonia deodorant kan du h\u00e5lla dig fr\u00e4sch hela dagen. Denna deodorantspray k\u00e4nnetecknas av sin behagliga Colonia-doft och garanterar ett bekv\u00e4mt skydd f\u00f6r \u00e4ven k\u00e4nslig hy.<\/p>\n","protected":false},"excerpt":{"rendered":"<p>Deodoranten fr\u00e5n Colonia-kollektionen skapad av Acqua di Parma har en l\u00e5ngvarig effekt och \u00e4r delikat parfymerad med signaturessensen av Colonia, vilket garanterar omedelbar fr\u00e4sch\u00f6r.Med den aktiva formeln av Colonia deodorant kan du h\u00e5lla dig fr\u00e4sch hela dagen. Denna deodorantspray k\u00e4nnetecknas av sin behagliga Colonia-doft och garanterar ett bekv\u00e4mt skydd f\u00f6r \u00e4ven k\u00e4nslig hy.<\/p>\n","protected":false},"featured_media":21701,"comment_status":"open","ping_status":"closed","template":"","meta":{"_trash_the_other_posts":false},"product_brand":[],"product_cat":[722,735,1000,1006],"product_tag":[],"berocket_brand":[1161],"class_list":{"0":"post-21706","1":"product","2":"type-product","3":"status-publish","4":"has-post-thumbnail","6":"product_cat-deospray-herr","7":"product_cat-kampanj","8":"product_cat-kampanj-for-honom","9":"product_cat-kampanjpris","10":"pa_brand-acqua-di-parma","11":"berocket_brand-acqua-di-parma","13":"first","14":"instock","15":"sale","16":"taxable","17":"shipping-taxable","18":"purchasable","19":"product-type-simple"},"_links":{"self":[{"href":"https:\/\/stylingagenten.com\/sv\/wp-json\/wp\/v2\/product\/21706","targetHints":{"allow":["GET"]}}],"collection":[{"href":"https:\/\/stylingagenten.com\/sv\/wp-json\/wp\/v2\/product"}],"about":[{"href":"https:\/\/stylingagenten.com\/sv\/wp-json\/wp\/v2\/types\/product"}],"replies":[{"embeddable":true,"href":"https:\/\/stylingagenten.com\/sv\/wp-json\/wp\/v2\/comments?post=21706"}],"version-history":[{"count":0,"href":"https:\/\/stylingagenten.com\/sv\/wp-json\/wp\/v2\/product\/21706\/revisions"}],"wp:featuredmedia":[{"embeddable":true,"href":"https:\/\/stylingagenten.com\/sv\/wp-json\/wp\/v2\/media\/21701"}],"wp:attachment":[{"href":"https:\/\/stylingagenten.com\/sv\/wp-json\/wp\/v2\/media?parent=21706"}],"wp:term":[{"taxonomy":"product_brand","embeddable":true,"href":"https:\/\/stylingagenten.com\/sv\/wp-json\/wp\/v2\/product_brand?post=21706"},{"taxonomy":"product_cat","embeddable":true,"href":"https:\/\/stylingagenten.com\/sv\/wp-json\/wp\/v2\/product_cat?post=21706"},{"taxonomy":"product_tag","embeddable":true,"href":"https:\/\/stylingagenten.com\/sv\/wp-json\/wp\/v2\/product_tag?post=21706"},{"taxonomy":"berocket_brand","embeddable":true,"href":"https:\/\/stylingagenten.com\/sv\/wp-json\/wp\/v2\/berocket_brand?post=21706"}],"curies":[{"name":"wp","href":"https:\/\/api.w.org\/{rel}","templated":true}]}}