{"id":21670,"date":"2025-01-27T12:13:33","date_gmt":"2025-01-27T12:13:33","guid":{"rendered":"https:\/\/staging2.stylingagenten.com\/sv\/produkt\/bareminerals-gen-nude-powder-blush-pretty-in-pink\/"},"modified":"2026-03-16T13:04:25","modified_gmt":"2026-03-16T13:04:25","slug":"bareminerals-gen-nude-powder-blush-pretty-in-pink","status":"publish","type":"product","link":"https:\/\/stylingagenten.com\/sv\/produkt\/bareminerals-gen-nude-powder-blush-pretty-in-pink\/","title":{"rendered":"BareMinerals Gen Nude Powder Blush Pretty in Pink"},"content":{"rendered":"<p>Addera en snygg naturlig f\u00e4rg p\u00e5 dina kinder med detta viktl\u00f6sa blush i en nyans som passar alla. Detta byggbara talkfria blushet \u00e4r formulerad med ljusreflekterande mineralp\u00e4rlor som blurrar synligheten av porer och ger en mjuk finish. Detta rouge \u00e4r en del av bareMinerals limited edition kollektion The Beauty of Nature, som \u00e4r inspirerad av blommande tropiska nyanser.<\/p>\n","protected":false},"excerpt":{"rendered":"<p>Addera en snygg naturlig f\u00e4rg p\u00e5 dina kinder med detta viktl\u00f6sa blush i en nyans som passar alla. Detta byggbara talkfria blushet \u00e4r formulerad med ljusreflekterande mineralp\u00e4rlor som blurrar synligheten av porer och ger en mjuk finish. Detta rouge \u00e4r en del av bareMinerals limited edition kollektion The Beauty of Nature, som \u00e4r inspirerad av [&hellip;]<\/p>\n","protected":false},"featured_media":21664,"comment_status":"open","ping_status":"closed","template":"","meta":{"_trash_the_other_posts":false},"product_brand":[],"product_cat":[613],"product_tag":[2478],"berocket_brand":[1256],"class_list":{"0":"post-21670","1":"product","2":"type-product","3":"status-publish","4":"has-post-thumbnail","6":"product_cat-rouge","7":"product_tag-bareminerals-gen-nude-powder-blush","8":"pa_brand-id-bareminerals","9":"pa_variant-pretty-in-pink","10":"berocket_brand-bareminerals","12":"first","13":"instock","14":"sale","15":"taxable","16":"shipping-taxable","17":"purchasable","18":"product-type-simple"},"_links":{"self":[{"href":"https:\/\/stylingagenten.com\/sv\/wp-json\/wp\/v2\/product\/21670","targetHints":{"allow":["GET"]}}],"collection":[{"href":"https:\/\/stylingagenten.com\/sv\/wp-json\/wp\/v2\/product"}],"about":[{"href":"https:\/\/stylingagenten.com\/sv\/wp-json\/wp\/v2\/types\/product"}],"replies":[{"embeddable":true,"href":"https:\/\/stylingagenten.com\/sv\/wp-json\/wp\/v2\/comments?post=21670"}],"version-history":[{"count":0,"href":"https:\/\/stylingagenten.com\/sv\/wp-json\/wp\/v2\/product\/21670\/revisions"}],"wp:featuredmedia":[{"embeddable":true,"href":"https:\/\/stylingagenten.com\/sv\/wp-json\/wp\/v2\/media\/21664"}],"wp:attachment":[{"href":"https:\/\/stylingagenten.com\/sv\/wp-json\/wp\/v2\/media?parent=21670"}],"wp:term":[{"taxonomy":"product_brand","embeddable":true,"href":"https:\/\/stylingagenten.com\/sv\/wp-json\/wp\/v2\/product_brand?post=21670"},{"taxonomy":"product_cat","embeddable":true,"href":"https:\/\/stylingagenten.com\/sv\/wp-json\/wp\/v2\/product_cat?post=21670"},{"taxonomy":"product_tag","embeddable":true,"href":"https:\/\/stylingagenten.com\/sv\/wp-json\/wp\/v2\/product_tag?post=21670"},{"taxonomy":"berocket_brand","embeddable":true,"href":"https:\/\/stylingagenten.com\/sv\/wp-json\/wp\/v2\/berocket_brand?post=21670"}],"curies":[{"name":"wp","href":"https:\/\/api.w.org\/{rel}","templated":true}]}}