{"id":21615,"date":"2025-01-27T12:13:16","date_gmt":"2025-01-27T12:13:16","guid":{"rendered":"https:\/\/staging2.stylingagenten.com\/sv\/produkt\/lui-jou-sweet-carnation-fragrance-mist-200ml\/"},"modified":"2026-03-11T21:48:05","modified_gmt":"2026-03-11T21:48:05","slug":"lui-jou-sweet-carnation-fragrance-mist-200ml","status":"publish","type":"product","link":"https:\/\/stylingagenten.com\/sv\/produkt\/lui-jou-sweet-carnation-fragrance-mist-200ml\/","title":{"rendered":"Lui Jou Sweet Carnation Fragrance Mist 200ml"},"content":{"rendered":"<p>En kryddig men s\u00f6t blomma som gl\u00e4djer sinnena genom att inspirera till f\u00f6rundran och f\u00f6rtjusning. <\/p>\n<p>Sweet Carnation \u00e4r en f\u00e4ngslande och ikonisk doft som dess namn. Toppnoterna av saftiga p\u00e4ron, r\u00f6da frukter och den sammetslena touchen av svarta vinb\u00e4r driver doften och l\u00e4mnar den delikat intensiv. Utvecklande och gradvis berikande f\u00f6renas hj\u00e4rtnoterna, den kryddiga nejlikan kombineras med de fruktiga hj\u00e4rtnoterna av pion, ros, jasmin och liljekonvalj. De h\u00e4rliga basnoterna blandar indiskt sandeltr\u00e4 och mysk.<\/p>\n<p>Ikonisk. Sensuell. Omslutande.<\/p>\n<p>Toppnoter: P\u00e4ron, kalabrisk bergamott, r\u00f6da frukter, svarta vinb\u00e4r<br \/>Hj\u00e4rtnoter: pion, ros, indisk jasmin, liljekonvalj, nejlika<br \/>Basnoter: indiskt sandeltr\u00e4, mysk<\/p>\n","protected":false},"excerpt":{"rendered":"<p>En kryddig men s\u00f6t blomma som gl\u00e4djer sinnena genom att inspirera till f\u00f6rundran och f\u00f6rtjusning. Sweet Carnation \u00e4r en f\u00e4ngslande och ikonisk doft som dess namn. Toppnoterna av saftiga p\u00e4ron, r\u00f6da frukter och den sammetslena touchen av svarta vinb\u00e4r driver doften och l\u00e4mnar den delikat intensiv. Utvecklande och gradvis berikande f\u00f6renas hj\u00e4rtnoterna, den kryddiga nejlikan [&hellip;]<\/p>\n","protected":false},"featured_media":21613,"comment_status":"open","ping_status":"closed","template":"","meta":{"_trash_the_other_posts":false},"product_brand":[],"product_cat":[585,735,999],"product_tag":[],"berocket_brand":[1377],"class_list":{"0":"post-21615","1":"product","2":"type-product","3":"status-publish","4":"has-post-thumbnail","6":"product_cat-bodymist-dam","7":"product_cat-kampanj","8":"product_cat-kampanj-for-henne","9":"pa_brand-liu-jo","10":"berocket_brand-liu-jo","12":"first","13":"instock","14":"sale","15":"taxable","16":"shipping-taxable","17":"purchasable","18":"product-type-simple"},"_links":{"self":[{"href":"https:\/\/stylingagenten.com\/sv\/wp-json\/wp\/v2\/product\/21615","targetHints":{"allow":["GET"]}}],"collection":[{"href":"https:\/\/stylingagenten.com\/sv\/wp-json\/wp\/v2\/product"}],"about":[{"href":"https:\/\/stylingagenten.com\/sv\/wp-json\/wp\/v2\/types\/product"}],"replies":[{"embeddable":true,"href":"https:\/\/stylingagenten.com\/sv\/wp-json\/wp\/v2\/comments?post=21615"}],"version-history":[{"count":0,"href":"https:\/\/stylingagenten.com\/sv\/wp-json\/wp\/v2\/product\/21615\/revisions"}],"wp:featuredmedia":[{"embeddable":true,"href":"https:\/\/stylingagenten.com\/sv\/wp-json\/wp\/v2\/media\/21613"}],"wp:attachment":[{"href":"https:\/\/stylingagenten.com\/sv\/wp-json\/wp\/v2\/media?parent=21615"}],"wp:term":[{"taxonomy":"product_brand","embeddable":true,"href":"https:\/\/stylingagenten.com\/sv\/wp-json\/wp\/v2\/product_brand?post=21615"},{"taxonomy":"product_cat","embeddable":true,"href":"https:\/\/stylingagenten.com\/sv\/wp-json\/wp\/v2\/product_cat?post=21615"},{"taxonomy":"product_tag","embeddable":true,"href":"https:\/\/stylingagenten.com\/sv\/wp-json\/wp\/v2\/product_tag?post=21615"},{"taxonomy":"berocket_brand","embeddable":true,"href":"https:\/\/stylingagenten.com\/sv\/wp-json\/wp\/v2\/berocket_brand?post=21615"}],"curies":[{"name":"wp","href":"https:\/\/api.w.org\/{rel}","templated":true}]}}