{"id":21601,"date":"2025-01-27T12:13:12","date_gmt":"2025-01-27T12:13:12","guid":{"rendered":"https:\/\/staging2.stylingagenten.com\/sv\/produkt\/liu-jo-classy-wild-rose-fragrance-mist-200ml\/"},"modified":"2026-03-11T21:46:44","modified_gmt":"2026-03-11T21:46:44","slug":"liu-jo-classy-wild-rose-fragrance-mist-200ml","status":"publish","type":"product","link":"https:\/\/stylingagenten.com\/sv\/produkt\/liu-jo-classy-wild-rose-fragrance-mist-200ml\/","title":{"rendered":"Liu Jo Classy Wild Rose Fragrance Mist 200ml"},"content":{"rendered":"<p>Delikat och fr\u00e4sch som en m\u00e5ngfacetterad ros, resistent som dess stj\u00e4lk: Classy Wild Rose Fragrance Mist av Liu Jo \u00e4r till\u00e4gnad en livfull, v\u00e5gad och passionerad kvinna.<br \/>Doften \u00f6ppnar med en explosion av saftiga fruktiga noter av aprikos och nektarinpersika kombinerat med en gnistrande touch av ros\u00e9peppar fr\u00e5n Madagaskar. I hj\u00e4rtat dominerar en blombukett av egyptisk viol, pion, liljekonvalj och f\u00f6rf\u00f6risk vildros, som delikat blandar sig med de varma och tr\u00e4iga noterna av vit mysk, ambra och cedertr\u00e4.<\/p>\n<p>Toppnoter: ros\u00e9peppar fr\u00e5n Madagaskar, Aprikos, Nektarin Persika<br \/>Hj\u00e4rtnoter: egyptisk viol, pion, vildros, Liljekonvalj<br \/>Basnoter: Vit mysk, ambra, cedertr\u00e4<\/p>\n","protected":false},"excerpt":{"rendered":"<p>Delikat och fr\u00e4sch som en m\u00e5ngfacetterad ros, resistent som dess stj\u00e4lk: Classy Wild Rose Fragrance Mist av Liu Jo \u00e4r till\u00e4gnad en livfull, v\u00e5gad och passionerad kvinna.Doften \u00f6ppnar med en explosion av saftiga fruktiga noter av aprikos och nektarinpersika kombinerat med en gnistrande touch av ros\u00e9peppar fr\u00e5n Madagaskar. I hj\u00e4rtat dominerar en blombukett av egyptisk [&hellip;]<\/p>\n","protected":false},"featured_media":21600,"comment_status":"open","ping_status":"closed","template":"","meta":{"_trash_the_other_posts":false},"product_brand":[],"product_cat":[585,735,999],"product_tag":[],"berocket_brand":[1377],"class_list":{"0":"post-21601","1":"product","2":"type-product","3":"status-publish","4":"has-post-thumbnail","6":"product_cat-bodymist-dam","7":"product_cat-kampanj","8":"product_cat-kampanj-for-henne","9":"pa_brand-liu-jo","10":"berocket_brand-liu-jo","12":"first","13":"instock","14":"sale","15":"taxable","16":"shipping-taxable","17":"purchasable","18":"product-type-simple"},"_links":{"self":[{"href":"https:\/\/stylingagenten.com\/sv\/wp-json\/wp\/v2\/product\/21601","targetHints":{"allow":["GET"]}}],"collection":[{"href":"https:\/\/stylingagenten.com\/sv\/wp-json\/wp\/v2\/product"}],"about":[{"href":"https:\/\/stylingagenten.com\/sv\/wp-json\/wp\/v2\/types\/product"}],"replies":[{"embeddable":true,"href":"https:\/\/stylingagenten.com\/sv\/wp-json\/wp\/v2\/comments?post=21601"}],"version-history":[{"count":0,"href":"https:\/\/stylingagenten.com\/sv\/wp-json\/wp\/v2\/product\/21601\/revisions"}],"wp:featuredmedia":[{"embeddable":true,"href":"https:\/\/stylingagenten.com\/sv\/wp-json\/wp\/v2\/media\/21600"}],"wp:attachment":[{"href":"https:\/\/stylingagenten.com\/sv\/wp-json\/wp\/v2\/media?parent=21601"}],"wp:term":[{"taxonomy":"product_brand","embeddable":true,"href":"https:\/\/stylingagenten.com\/sv\/wp-json\/wp\/v2\/product_brand?post=21601"},{"taxonomy":"product_cat","embeddable":true,"href":"https:\/\/stylingagenten.com\/sv\/wp-json\/wp\/v2\/product_cat?post=21601"},{"taxonomy":"product_tag","embeddable":true,"href":"https:\/\/stylingagenten.com\/sv\/wp-json\/wp\/v2\/product_tag?post=21601"},{"taxonomy":"berocket_brand","embeddable":true,"href":"https:\/\/stylingagenten.com\/sv\/wp-json\/wp\/v2\/berocket_brand?post=21601"}],"curies":[{"name":"wp","href":"https:\/\/api.w.org\/{rel}","templated":true}]}}