{"id":21569,"date":"2025-01-27T12:12:57","date_gmt":"2025-01-27T12:12:57","guid":{"rendered":"https:\/\/staging2.stylingagenten.com\/sv\/produkt\/nyx-prof-makeup-soft-matte-lip-cream-rome\/"},"modified":"2026-03-16T12:00:24","modified_gmt":"2026-03-16T12:00:24","slug":"nyx-prof-makeup-soft-matte-lip-cream-rome","status":"publish","type":"product","link":"https:\/\/stylingagenten.com\/sv\/produkt\/nyx-prof-makeup-soft-matte-lip-cream-rome\/","title":{"rendered":"NYX PROF. MAKEUP Soft Matte Lip Cream Rome"},"content":{"rendered":"<p>NYX PROFESSIONAL MAKEUP Soft Matte Lip Cream Rome &#8211; Det \u00e4r varken ett l\u00e4ppstift eller ett l\u00e4ppglans, det \u00e4r en l\u00e4ppstiftskr\u00e4m! Med en silkeslen konsistens och med mjuka matta f\u00e4rger kommer dessa l\u00e5ngvariga l\u00e4pp-kr\u00e4mer att h\u00e5lla dina l\u00e4ppar \u00e5terfuktade och f\u00e4rgglada hela dagen. Inneh\u00e5ll: 6,5g<\/p>\n","protected":false},"excerpt":{"rendered":"<p>NYX PROFESSIONAL MAKEUP Soft Matte Lip Cream Rome &#8211; Det \u00e4r varken ett l\u00e4ppstift eller ett l\u00e4ppglans, det \u00e4r en l\u00e4ppstiftskr\u00e4m! Med en silkeslen konsistens och med mjuka matta f\u00e4rger kommer dessa l\u00e5ngvariga l\u00e4pp-kr\u00e4mer att h\u00e5lla dina l\u00e4ppar \u00e5terfuktade och f\u00e4rgglada hela dagen. Inneh\u00e5ll: 6,5g<\/p>\n","protected":false},"featured_media":21568,"comment_status":"open","ping_status":"closed","template":"","meta":{"_trash_the_other_posts":false},"product_brand":[],"product_cat":[607],"product_tag":[3826],"berocket_brand":[1025],"class_list":{"0":"post-21569","1":"product","2":"type-product","3":"status-publish","4":"has-post-thumbnail","6":"product_cat-lappstift","7":"product_tag-nyx-prof-makeup-soft-matte-lip-cream","8":"pa_brand-nyx","9":"pa_variant-rome","10":"berocket_brand-nyx","12":"first","13":"instock","14":"sale","15":"taxable","16":"shipping-taxable","17":"purchasable","18":"product-type-simple"},"_links":{"self":[{"href":"https:\/\/stylingagenten.com\/sv\/wp-json\/wp\/v2\/product\/21569","targetHints":{"allow":["GET"]}}],"collection":[{"href":"https:\/\/stylingagenten.com\/sv\/wp-json\/wp\/v2\/product"}],"about":[{"href":"https:\/\/stylingagenten.com\/sv\/wp-json\/wp\/v2\/types\/product"}],"replies":[{"embeddable":true,"href":"https:\/\/stylingagenten.com\/sv\/wp-json\/wp\/v2\/comments?post=21569"}],"version-history":[{"count":0,"href":"https:\/\/stylingagenten.com\/sv\/wp-json\/wp\/v2\/product\/21569\/revisions"}],"wp:featuredmedia":[{"embeddable":true,"href":"https:\/\/stylingagenten.com\/sv\/wp-json\/wp\/v2\/media\/21568"}],"wp:attachment":[{"href":"https:\/\/stylingagenten.com\/sv\/wp-json\/wp\/v2\/media?parent=21569"}],"wp:term":[{"taxonomy":"product_brand","embeddable":true,"href":"https:\/\/stylingagenten.com\/sv\/wp-json\/wp\/v2\/product_brand?post=21569"},{"taxonomy":"product_cat","embeddable":true,"href":"https:\/\/stylingagenten.com\/sv\/wp-json\/wp\/v2\/product_cat?post=21569"},{"taxonomy":"product_tag","embeddable":true,"href":"https:\/\/stylingagenten.com\/sv\/wp-json\/wp\/v2\/product_tag?post=21569"},{"taxonomy":"berocket_brand","embeddable":true,"href":"https:\/\/stylingagenten.com\/sv\/wp-json\/wp\/v2\/berocket_brand?post=21569"}],"curies":[{"name":"wp","href":"https:\/\/api.w.org\/{rel}","templated":true}]}}