{"id":21534,"date":"2025-01-27T12:12:41","date_gmt":"2025-01-27T12:12:41","guid":{"rendered":"https:\/\/staging2.stylingagenten.com\/sv\/produkt\/paul-mitchell-clean-beauty-hydrate-shampoo-1000ml\/"},"modified":"2026-03-09T17:40:35","modified_gmt":"2026-03-09T17:40:35","slug":"paul-mitchell-clean-beauty-hydrate-shampoo-1000ml","status":"publish","type":"product","link":"https:\/\/stylingagenten.com\/sv\/produkt\/paul-mitchell-clean-beauty-hydrate-shampoo-1000ml\/","title":{"rendered":"Paul Mitchell Clean Beauty Hydrate Shampoo 1000ml"},"content":{"rendered":"<p>Clean Beauty Hydrate Shampoo Berikad med oliv och vete peptider f\u00f6r att ge fukt och lugna h\u00e5r och h\u00e5rbotten. F\u00f6r ett mjukare och mer h\u00e4lsosamt h\u00e5r.<\/p>\n","protected":false},"excerpt":{"rendered":"<p>Clean Beauty Hydrate Shampoo Berikad med oliv och vete peptider f\u00f6r att ge fukt och lugna h\u00e5r och h\u00e5rbotten. F\u00f6r ett mjukare och mer h\u00e4lsosamt h\u00e5r.<\/p>\n","protected":false},"featured_media":21530,"comment_status":"open","ping_status":"closed","template":"","meta":{"_trash_the_other_posts":false},"product_brand":[],"product_cat":[563],"product_tag":[3897],"berocket_brand":[1053],"class_list":{"0":"post-21534","1":"product","2":"type-product","3":"status-publish","4":"has-post-thumbnail","6":"product_cat-schampo","7":"product_tag-paul-mitchell-clean-beauty-hydrate-shampoo","8":"pa_brand-paul-mitchell","9":"pa_variant-1000ml","10":"berocket_brand-paul-mitchell","12":"first","13":"instock","14":"sale","15":"taxable","16":"shipping-taxable","17":"purchasable","18":"product-type-simple"},"_links":{"self":[{"href":"https:\/\/stylingagenten.com\/sv\/wp-json\/wp\/v2\/product\/21534","targetHints":{"allow":["GET"]}}],"collection":[{"href":"https:\/\/stylingagenten.com\/sv\/wp-json\/wp\/v2\/product"}],"about":[{"href":"https:\/\/stylingagenten.com\/sv\/wp-json\/wp\/v2\/types\/product"}],"replies":[{"embeddable":true,"href":"https:\/\/stylingagenten.com\/sv\/wp-json\/wp\/v2\/comments?post=21534"}],"version-history":[{"count":0,"href":"https:\/\/stylingagenten.com\/sv\/wp-json\/wp\/v2\/product\/21534\/revisions"}],"wp:featuredmedia":[{"embeddable":true,"href":"https:\/\/stylingagenten.com\/sv\/wp-json\/wp\/v2\/media\/21530"}],"wp:attachment":[{"href":"https:\/\/stylingagenten.com\/sv\/wp-json\/wp\/v2\/media?parent=21534"}],"wp:term":[{"taxonomy":"product_brand","embeddable":true,"href":"https:\/\/stylingagenten.com\/sv\/wp-json\/wp\/v2\/product_brand?post=21534"},{"taxonomy":"product_cat","embeddable":true,"href":"https:\/\/stylingagenten.com\/sv\/wp-json\/wp\/v2\/product_cat?post=21534"},{"taxonomy":"product_tag","embeddable":true,"href":"https:\/\/stylingagenten.com\/sv\/wp-json\/wp\/v2\/product_tag?post=21534"},{"taxonomy":"berocket_brand","embeddable":true,"href":"https:\/\/stylingagenten.com\/sv\/wp-json\/wp\/v2\/berocket_brand?post=21534"}],"curies":[{"name":"wp","href":"https:\/\/api.w.org\/{rel}","templated":true}]}}