{"id":21528,"date":"2025-01-27T12:12:39","date_gmt":"2025-01-27T12:12:39","guid":{"rendered":"https:\/\/staging2.stylingagenten.com\/sv\/produkt\/paul-mitchell-clean-beauty-repair-conditioner-250ml\/"},"modified":"2026-02-18T11:29:01","modified_gmt":"2026-02-18T11:29:01","slug":"paul-mitchell-clean-beauty-repair-conditioner-250ml","status":"publish","type":"product","link":"https:\/\/stylingagenten.com\/sv\/produkt\/paul-mitchell-clean-beauty-repair-conditioner-250ml\/","title":{"rendered":"Paul Mitchell Clean Beauty Repair Conditioner 250ml"},"content":{"rendered":"<p>Clean Beauty Repair Conditioner. Berikad med amarantfr\u00f6n och \u00e4rtprotein, hj\u00e4lper detta v\u00e5rdande balsam dig att reparera ett skadat h\u00e5r, fr\u00e5n fysiska och kemiska skador. H\u00e5ret blir mer h\u00e4lsosamt och starkare vid varje anv\u00e4ndning.<\/p>\n","protected":false},"excerpt":{"rendered":"<p>Clean Beauty Repair Conditioner. Berikad med amarantfr\u00f6n och \u00e4rtprotein, hj\u00e4lper detta v\u00e5rdande balsam dig att reparera ett skadat h\u00e5r, fr\u00e5n fysiska och kemiska skador. H\u00e5ret blir mer h\u00e4lsosamt och starkare vid varje anv\u00e4ndning.<\/p>\n","protected":false},"featured_media":21525,"comment_status":"open","ping_status":"closed","template":"","meta":{"_trash_the_other_posts":false},"product_brand":[],"product_cat":[587],"product_tag":[3898],"berocket_brand":[1053],"class_list":{"0":"post-21528","1":"product","2":"type-product","3":"status-publish","4":"has-post-thumbnail","6":"product_cat-balsam","7":"product_tag-paul-mitchell-clean-beauty-repair-conditioner","8":"pa_brand-paul-mitchell","9":"pa_variant-250ml","10":"berocket_brand-paul-mitchell","12":"first","13":"instock","14":"sale","15":"taxable","16":"shipping-taxable","17":"purchasable","18":"product-type-simple"},"_links":{"self":[{"href":"https:\/\/stylingagenten.com\/sv\/wp-json\/wp\/v2\/product\/21528","targetHints":{"allow":["GET"]}}],"collection":[{"href":"https:\/\/stylingagenten.com\/sv\/wp-json\/wp\/v2\/product"}],"about":[{"href":"https:\/\/stylingagenten.com\/sv\/wp-json\/wp\/v2\/types\/product"}],"replies":[{"embeddable":true,"href":"https:\/\/stylingagenten.com\/sv\/wp-json\/wp\/v2\/comments?post=21528"}],"version-history":[{"count":0,"href":"https:\/\/stylingagenten.com\/sv\/wp-json\/wp\/v2\/product\/21528\/revisions"}],"wp:featuredmedia":[{"embeddable":true,"href":"https:\/\/stylingagenten.com\/sv\/wp-json\/wp\/v2\/media\/21525"}],"wp:attachment":[{"href":"https:\/\/stylingagenten.com\/sv\/wp-json\/wp\/v2\/media?parent=21528"}],"wp:term":[{"taxonomy":"product_brand","embeddable":true,"href":"https:\/\/stylingagenten.com\/sv\/wp-json\/wp\/v2\/product_brand?post=21528"},{"taxonomy":"product_cat","embeddable":true,"href":"https:\/\/stylingagenten.com\/sv\/wp-json\/wp\/v2\/product_cat?post=21528"},{"taxonomy":"product_tag","embeddable":true,"href":"https:\/\/stylingagenten.com\/sv\/wp-json\/wp\/v2\/product_tag?post=21528"},{"taxonomy":"berocket_brand","embeddable":true,"href":"https:\/\/stylingagenten.com\/sv\/wp-json\/wp\/v2\/berocket_brand?post=21528"}],"curies":[{"name":"wp","href":"https:\/\/api.w.org\/{rel}","templated":true}]}}