{"id":21522,"date":"2025-01-27T12:12:37","date_gmt":"2025-01-27T12:12:37","guid":{"rendered":"https:\/\/staging2.stylingagenten.com\/sv\/produkt\/paul-mitchell-clean-beauty-everyday-shampoo-1000ml\/"},"modified":"2026-03-11T22:05:16","modified_gmt":"2026-03-11T22:05:16","slug":"paul-mitchell-clean-beauty-everyday-shampoo-1000ml","status":"publish","type":"product","link":"https:\/\/stylingagenten.com\/sv\/produkt\/paul-mitchell-clean-beauty-everyday-shampoo-1000ml\/","title":{"rendered":"Paul Mitchell Clean Beauty Everyday Shampoo 1000ml"},"content":{"rendered":"<p>Clean Beauty Everyday Shampoo reng\u00f6r varsamt h\u00e5r och h\u00e5rbotten med ett uppfriskande, sulfatfritt (utan SLS, SLES, ALS) l\u00f6dder som resulterar i gl\u00e4nsande, sp\u00e4nstigt och friskare h\u00e5r. 83% naturligt ursprung.<\/p>\n<p>Berikad med Arganolja och Aloe Vera.<br \/>Arganolja mjukar upp, v\u00e5rdar och ger n\u00e4ring till h\u00e5ret med antioxidanter, fettsyror och vitamin E. Hj\u00e4lper naturligt till att \u00f6ka h\u00e5rets elasticitet och tillf\u00f6r vacker glans.<br \/>Aloe Vera lugnar h\u00e5rbotten och v\u00e5rdar h\u00e5ret. L\u00e4mnar h\u00e5rstr\u00e5na lena och gl\u00e4nsande.<\/p>\n<p>Anv\u00e4nd dagligen f\u00f6r mjukare, luftigare och friskare h\u00e5r.<\/p>\n","protected":false},"excerpt":{"rendered":"<p>Clean Beauty Everyday Shampoo reng\u00f6r varsamt h\u00e5r och h\u00e5rbotten med ett uppfriskande, sulfatfritt (utan SLS, SLES, ALS) l\u00f6dder som resulterar i gl\u00e4nsande, sp\u00e4nstigt och friskare h\u00e5r. 83% naturligt ursprung. Berikad med Arganolja och Aloe Vera.Arganolja mjukar upp, v\u00e5rdar och ger n\u00e4ring till h\u00e5ret med antioxidanter, fettsyror och vitamin E. Hj\u00e4lper naturligt till att \u00f6ka h\u00e5rets [&hellip;]<\/p>\n","protected":false},"featured_media":21519,"comment_status":"open","ping_status":"closed","template":"","meta":{"_trash_the_other_posts":false},"product_brand":[],"product_cat":[563],"product_tag":[3895],"berocket_brand":[1053],"class_list":{"0":"post-21522","1":"product","2":"type-product","3":"status-publish","4":"has-post-thumbnail","6":"product_cat-schampo","7":"product_tag-paul-mitchell-clean-beauty-everyday-shampoo","8":"pa_brand-paul-mitchell","9":"pa_variant-1000ml","10":"berocket_brand-paul-mitchell","12":"first","13":"instock","14":"sale","15":"taxable","16":"shipping-taxable","17":"purchasable","18":"product-type-simple"},"_links":{"self":[{"href":"https:\/\/stylingagenten.com\/sv\/wp-json\/wp\/v2\/product\/21522","targetHints":{"allow":["GET"]}}],"collection":[{"href":"https:\/\/stylingagenten.com\/sv\/wp-json\/wp\/v2\/product"}],"about":[{"href":"https:\/\/stylingagenten.com\/sv\/wp-json\/wp\/v2\/types\/product"}],"replies":[{"embeddable":true,"href":"https:\/\/stylingagenten.com\/sv\/wp-json\/wp\/v2\/comments?post=21522"}],"version-history":[{"count":0,"href":"https:\/\/stylingagenten.com\/sv\/wp-json\/wp\/v2\/product\/21522\/revisions"}],"wp:featuredmedia":[{"embeddable":true,"href":"https:\/\/stylingagenten.com\/sv\/wp-json\/wp\/v2\/media\/21519"}],"wp:attachment":[{"href":"https:\/\/stylingagenten.com\/sv\/wp-json\/wp\/v2\/media?parent=21522"}],"wp:term":[{"taxonomy":"product_brand","embeddable":true,"href":"https:\/\/stylingagenten.com\/sv\/wp-json\/wp\/v2\/product_brand?post=21522"},{"taxonomy":"product_cat","embeddable":true,"href":"https:\/\/stylingagenten.com\/sv\/wp-json\/wp\/v2\/product_cat?post=21522"},{"taxonomy":"product_tag","embeddable":true,"href":"https:\/\/stylingagenten.com\/sv\/wp-json\/wp\/v2\/product_tag?post=21522"},{"taxonomy":"berocket_brand","embeddable":true,"href":"https:\/\/stylingagenten.com\/sv\/wp-json\/wp\/v2\/berocket_brand?post=21522"}],"curies":[{"name":"wp","href":"https:\/\/api.w.org\/{rel}","templated":true}]}}