{"id":21497,"date":"2025-01-27T12:12:28","date_gmt":"2025-01-27T12:12:28","guid":{"rendered":"https:\/\/staging2.stylingagenten.com\/sv\/produkt\/paul-mitchell-clean-beauty-heat-styling-spray-100ml\/"},"modified":"2026-03-11T21:55:01","modified_gmt":"2026-03-11T21:55:01","slug":"paul-mitchell-clean-beauty-heat-styling-spray-100ml","status":"publish","type":"product","link":"https:\/\/stylingagenten.com\/sv\/produkt\/paul-mitchell-clean-beauty-heat-styling-spray-100ml\/","title":{"rendered":"Paul Mitchell Clean Beauty Heat Styling Spray 100ml"},"content":{"rendered":"<p>Hj\u00e4lper till att skydda h\u00e5ret under v\u00e4rmestyling samtidigt som det ger l\u00e4tt stadga och naturlig glans. Inneh\u00e5ller linfr\u00f6 och ferulsyra f\u00f6r att ge n\u00e4ring och skydda sk\u00f6rt h\u00e5r. Perfekt f\u00f6ning f\u00f6r frisyrer med r\u00f6relse och flexibel kontroll.<\/p>\n","protected":false},"excerpt":{"rendered":"<p>Hj\u00e4lper till att skydda h\u00e5ret under v\u00e4rmestyling samtidigt som det ger l\u00e4tt stadga och naturlig glans. Inneh\u00e5ller linfr\u00f6 och ferulsyra f\u00f6r att ge n\u00e4ring och skydda sk\u00f6rt h\u00e5r. Perfekt f\u00f6ning f\u00f6r frisyrer med r\u00f6relse och flexibel kontroll.<\/p>\n","protected":false},"featured_media":21492,"comment_status":"open","ping_status":"closed","template":"","meta":{"_trash_the_other_posts":false},"product_brand":[],"product_cat":[624],"product_tag":[],"berocket_brand":[1053],"class_list":{"0":"post-21497","1":"product","2":"type-product","3":"status-publish","4":"has-post-thumbnail","6":"product_cat-varmeskydd","7":"pa_brand-paul-mitchell","8":"berocket_brand-paul-mitchell","10":"first","11":"instock","12":"sale","13":"taxable","14":"shipping-taxable","15":"purchasable","16":"product-type-simple"},"_links":{"self":[{"href":"https:\/\/stylingagenten.com\/sv\/wp-json\/wp\/v2\/product\/21497","targetHints":{"allow":["GET"]}}],"collection":[{"href":"https:\/\/stylingagenten.com\/sv\/wp-json\/wp\/v2\/product"}],"about":[{"href":"https:\/\/stylingagenten.com\/sv\/wp-json\/wp\/v2\/types\/product"}],"replies":[{"embeddable":true,"href":"https:\/\/stylingagenten.com\/sv\/wp-json\/wp\/v2\/comments?post=21497"}],"version-history":[{"count":0,"href":"https:\/\/stylingagenten.com\/sv\/wp-json\/wp\/v2\/product\/21497\/revisions"}],"wp:featuredmedia":[{"embeddable":true,"href":"https:\/\/stylingagenten.com\/sv\/wp-json\/wp\/v2\/media\/21492"}],"wp:attachment":[{"href":"https:\/\/stylingagenten.com\/sv\/wp-json\/wp\/v2\/media?parent=21497"}],"wp:term":[{"taxonomy":"product_brand","embeddable":true,"href":"https:\/\/stylingagenten.com\/sv\/wp-json\/wp\/v2\/product_brand?post=21497"},{"taxonomy":"product_cat","embeddable":true,"href":"https:\/\/stylingagenten.com\/sv\/wp-json\/wp\/v2\/product_cat?post=21497"},{"taxonomy":"product_tag","embeddable":true,"href":"https:\/\/stylingagenten.com\/sv\/wp-json\/wp\/v2\/product_tag?post=21497"},{"taxonomy":"berocket_brand","embeddable":true,"href":"https:\/\/stylingagenten.com\/sv\/wp-json\/wp\/v2\/berocket_brand?post=21497"}],"curies":[{"name":"wp","href":"https:\/\/api.w.org\/{rel}","templated":true}]}}