{"id":21440,"date":"2025-01-27T12:12:02","date_gmt":"2025-01-27T12:12:02","guid":{"rendered":"https:\/\/staging2.stylingagenten.com\/sv\/produkt\/paul-mitchell-clean-beauty-scalp-therapy-shampoo-1000ml\/"},"modified":"2026-03-28T11:28:40","modified_gmt":"2026-03-28T11:28:40","slug":"paul-mitchell-clean-beauty-scalp-therapy-shampoo-1000ml","status":"publish","type":"product","link":"https:\/\/stylingagenten.com\/sv\/produkt\/paul-mitchell-clean-beauty-scalp-therapy-shampoo-1000ml\/","title":{"rendered":"Paul Mitchell Clean Beauty Scalp Therapy Shampoo 1000ml"},"content":{"rendered":"<p>Bra f\u00f6r torr, fet eller k\u00e4nslig h\u00e5rbotten &amp; alla h\u00e5rtyper<br \/>Berikat med n\u00e4ringsrik vindruvssaft och lugnande kamomillextrakt. Detta sulfatfira schampo renar h\u00e5ret och fr\u00e4schar upp h\u00e5rbotten. Zink hj\u00e4lper till att balansera talgproduktionen och st\u00e4rker h\u00e5ret.<\/p>\n","protected":false},"excerpt":{"rendered":"<p>Bra f\u00f6r torr, fet eller k\u00e4nslig h\u00e5rbotten &amp; alla h\u00e5rtyperBerikat med n\u00e4ringsrik vindruvssaft och lugnande kamomillextrakt. Detta sulfatfira schampo renar h\u00e5ret och fr\u00e4schar upp h\u00e5rbotten. Zink hj\u00e4lper till att balansera talgproduktionen och st\u00e4rker h\u00e5ret.<\/p>\n","protected":false},"featured_media":21436,"comment_status":"open","ping_status":"closed","template":"","meta":{"_trash_the_other_posts":false},"product_brand":[],"product_cat":[563],"product_tag":[3901],"berocket_brand":[1053],"class_list":{"0":"post-21440","1":"product","2":"type-product","3":"status-publish","4":"has-post-thumbnail","6":"product_cat-schampo","7":"product_tag-paul-mitchell-clean-beauty-scalp-therapy-shampoo","8":"pa_brand-paul-mitchell","9":"pa_variant-1000ml","10":"berocket_brand-paul-mitchell","12":"first","13":"outofstock","14":"sale","15":"taxable","16":"shipping-taxable","17":"purchasable","18":"product-type-simple"},"_links":{"self":[{"href":"https:\/\/stylingagenten.com\/sv\/wp-json\/wp\/v2\/product\/21440","targetHints":{"allow":["GET"]}}],"collection":[{"href":"https:\/\/stylingagenten.com\/sv\/wp-json\/wp\/v2\/product"}],"about":[{"href":"https:\/\/stylingagenten.com\/sv\/wp-json\/wp\/v2\/types\/product"}],"replies":[{"embeddable":true,"href":"https:\/\/stylingagenten.com\/sv\/wp-json\/wp\/v2\/comments?post=21440"}],"version-history":[{"count":0,"href":"https:\/\/stylingagenten.com\/sv\/wp-json\/wp\/v2\/product\/21440\/revisions"}],"wp:featuredmedia":[{"embeddable":true,"href":"https:\/\/stylingagenten.com\/sv\/wp-json\/wp\/v2\/media\/21436"}],"wp:attachment":[{"href":"https:\/\/stylingagenten.com\/sv\/wp-json\/wp\/v2\/media?parent=21440"}],"wp:term":[{"taxonomy":"product_brand","embeddable":true,"href":"https:\/\/stylingagenten.com\/sv\/wp-json\/wp\/v2\/product_brand?post=21440"},{"taxonomy":"product_cat","embeddable":true,"href":"https:\/\/stylingagenten.com\/sv\/wp-json\/wp\/v2\/product_cat?post=21440"},{"taxonomy":"product_tag","embeddable":true,"href":"https:\/\/stylingagenten.com\/sv\/wp-json\/wp\/v2\/product_tag?post=21440"},{"taxonomy":"berocket_brand","embeddable":true,"href":"https:\/\/stylingagenten.com\/sv\/wp-json\/wp\/v2\/berocket_brand?post=21440"}],"curies":[{"name":"wp","href":"https:\/\/api.w.org\/{rel}","templated":true}]}}