{"id":21433,"date":"2025-01-27T12:11:58","date_gmt":"2025-01-27T12:11:58","guid":{"rendered":"https:\/\/staging2.stylingagenten.com\/sv\/produkt\/antonio-banderas-the-icon-elixir-edp-100ml\/"},"modified":"2026-03-25T14:30:14","modified_gmt":"2026-03-25T14:30:14","slug":"antonio-banderas-the-icon-elixir-edp-100ml","status":"publish","type":"product","link":"https:\/\/stylingagenten.com\/sv\/produkt\/antonio-banderas-the-icon-elixir-edp-100ml\/","title":{"rendered":"Antonio Banderas The Icon Elixir Edp 100ml"},"content":{"rendered":"<p>The Icon Elixir, en ny niv\u00e5 av intensitet och livsl\u00e4ngd i The Icon-kollektionen av Antonio Banderas.<br \/>The Icon Elixir \u00e4r en eau de parfum med en m\u00e5ngfacetterad, tr\u00e4ig kryddig arom. Den v\u00e4lkomnar dig med salta noter av kardemumma, mandarin och ingef\u00e4ra, kompletterat med fr\u00e4scha dofter av lavendel och geranium. I basen finns tr\u00e4iga noter av cedertr\u00e4, varm amber och mysk som framh\u00e4ver maskulinitet och l\u00e4mnar en unik k\u00e4nsla av sj\u00e4lvf\u00f6rtroende och framg\u00e5ng. En doft som kommer att visa dina b\u00e4sta sidor och inspirera till nya prestationer.<\/p>\n","protected":false},"excerpt":{"rendered":"<p>The Icon Elixir, en ny niv\u00e5 av intensitet och livsl\u00e4ngd i The Icon-kollektionen av Antonio Banderas.The Icon Elixir \u00e4r en eau de parfum med en m\u00e5ngfacetterad, tr\u00e4ig kryddig arom. Den v\u00e4lkomnar dig med salta noter av kardemumma, mandarin och ingef\u00e4ra, kompletterat med fr\u00e4scha dofter av lavendel och geranium. I basen finns tr\u00e4iga noter av cedertr\u00e4, [&hellip;]<\/p>\n","protected":false},"featured_media":21431,"comment_status":"open","ping_status":"closed","template":"","meta":{"_trash_the_other_posts":false},"product_brand":[],"product_cat":[708],"product_tag":[],"berocket_brand":[1072],"class_list":{"0":"post-21433","1":"product","2":"type-product","3":"status-publish","4":"has-post-thumbnail","6":"product_cat-eau-de-parfum-herr","7":"pa_brand-antonio-banderas","8":"berocket_brand-antonio-banderas","10":"first","11":"instock","12":"sale","13":"taxable","14":"shipping-taxable","15":"purchasable","16":"product-type-simple"},"_links":{"self":[{"href":"https:\/\/stylingagenten.com\/sv\/wp-json\/wp\/v2\/product\/21433","targetHints":{"allow":["GET"]}}],"collection":[{"href":"https:\/\/stylingagenten.com\/sv\/wp-json\/wp\/v2\/product"}],"about":[{"href":"https:\/\/stylingagenten.com\/sv\/wp-json\/wp\/v2\/types\/product"}],"replies":[{"embeddable":true,"href":"https:\/\/stylingagenten.com\/sv\/wp-json\/wp\/v2\/comments?post=21433"}],"version-history":[{"count":0,"href":"https:\/\/stylingagenten.com\/sv\/wp-json\/wp\/v2\/product\/21433\/revisions"}],"wp:featuredmedia":[{"embeddable":true,"href":"https:\/\/stylingagenten.com\/sv\/wp-json\/wp\/v2\/media\/21431"}],"wp:attachment":[{"href":"https:\/\/stylingagenten.com\/sv\/wp-json\/wp\/v2\/media?parent=21433"}],"wp:term":[{"taxonomy":"product_brand","embeddable":true,"href":"https:\/\/stylingagenten.com\/sv\/wp-json\/wp\/v2\/product_brand?post=21433"},{"taxonomy":"product_cat","embeddable":true,"href":"https:\/\/stylingagenten.com\/sv\/wp-json\/wp\/v2\/product_cat?post=21433"},{"taxonomy":"product_tag","embeddable":true,"href":"https:\/\/stylingagenten.com\/sv\/wp-json\/wp\/v2\/product_tag?post=21433"},{"taxonomy":"berocket_brand","embeddable":true,"href":"https:\/\/stylingagenten.com\/sv\/wp-json\/wp\/v2\/berocket_brand?post=21433"}],"curies":[{"name":"wp","href":"https:\/\/api.w.org\/{rel}","templated":true}]}}