{"id":21300,"date":"2025-01-27T12:11:07","date_gmt":"2025-01-27T12:11:07","guid":{"rendered":"https:\/\/staging2.stylingagenten.com\/sv\/produkt\/sebastian-professional-potion-9-lite-150ml\/"},"modified":"2026-03-30T07:30:59","modified_gmt":"2026-03-30T07:30:59","slug":"sebastian-professional-potion-9-lite-150ml","status":"publish","type":"product","link":"https:\/\/stylingagenten.com\/sv\/produkt\/sebastian-professional-potion-9-lite-150ml\/","title":{"rendered":"Sebastian Professional Potion 9 Lite 150ml"},"content":{"rendered":"<p>Potion 9 Lite \u00e4r en stylingkr\u00e4m som inneh\u00e5ller en cocktail av skyddande och v\u00e5rdande ingredienser! Produkten f\u00f6renklar stylingen och ger h\u00e5ret en vacker glans.<\/p>\n<p>Anv\u00e4ndning:  Applicera i fuktigt eller torrt h\u00e5r. f\u00f6na eller lufttorka f\u00f6r en silkig, konkret stil eller anv\u00e4nd lockt\u00e5ng f\u00f6r eleganta lockar. upprepa applicering f\u00f6r ytterligare struktur och kontroll i torrt h\u00e5r. anv\u00e4nd n\u00e4r som helst f\u00f6r en omedelbar boost.<\/p>\n","protected":false},"excerpt":{"rendered":"<p>Potion 9 Lite \u00e4r en stylingkr\u00e4m som inneh\u00e5ller en cocktail av skyddande och v\u00e5rdande ingredienser! Produkten f\u00f6renklar stylingen och ger h\u00e5ret en vacker glans. Anv\u00e4ndning: Applicera i fuktigt eller torrt h\u00e5r. f\u00f6na eller lufttorka f\u00f6r en silkig, konkret stil eller anv\u00e4nd lockt\u00e5ng f\u00f6r eleganta lockar. upprepa applicering f\u00f6r ytterligare struktur och kontroll i torrt h\u00e5r. [&hellip;]<\/p>\n","protected":false},"featured_media":21299,"comment_status":"open","ping_status":"closed","template":"","meta":{"_trash_the_other_posts":false},"product_brand":[],"product_cat":[611],"product_tag":[],"berocket_brand":[1194],"class_list":{"0":"post-21300","1":"product","2":"type-product","3":"status-publish","4":"has-post-thumbnail","6":"product_cat-stylingcreme","7":"pa_brand-sebastian","8":"berocket_brand-sebastian","10":"first","11":"instock","12":"sale","13":"taxable","14":"shipping-taxable","15":"purchasable","16":"product-type-simple"},"_links":{"self":[{"href":"https:\/\/stylingagenten.com\/sv\/wp-json\/wp\/v2\/product\/21300","targetHints":{"allow":["GET"]}}],"collection":[{"href":"https:\/\/stylingagenten.com\/sv\/wp-json\/wp\/v2\/product"}],"about":[{"href":"https:\/\/stylingagenten.com\/sv\/wp-json\/wp\/v2\/types\/product"}],"replies":[{"embeddable":true,"href":"https:\/\/stylingagenten.com\/sv\/wp-json\/wp\/v2\/comments?post=21300"}],"version-history":[{"count":0,"href":"https:\/\/stylingagenten.com\/sv\/wp-json\/wp\/v2\/product\/21300\/revisions"}],"wp:featuredmedia":[{"embeddable":true,"href":"https:\/\/stylingagenten.com\/sv\/wp-json\/wp\/v2\/media\/21299"}],"wp:attachment":[{"href":"https:\/\/stylingagenten.com\/sv\/wp-json\/wp\/v2\/media?parent=21300"}],"wp:term":[{"taxonomy":"product_brand","embeddable":true,"href":"https:\/\/stylingagenten.com\/sv\/wp-json\/wp\/v2\/product_brand?post=21300"},{"taxonomy":"product_cat","embeddable":true,"href":"https:\/\/stylingagenten.com\/sv\/wp-json\/wp\/v2\/product_cat?post=21300"},{"taxonomy":"product_tag","embeddable":true,"href":"https:\/\/stylingagenten.com\/sv\/wp-json\/wp\/v2\/product_tag?post=21300"},{"taxonomy":"berocket_brand","embeddable":true,"href":"https:\/\/stylingagenten.com\/sv\/wp-json\/wp\/v2\/berocket_brand?post=21300"}],"curies":[{"name":"wp","href":"https:\/\/api.w.org\/{rel}","templated":true}]}}