{"id":21245,"date":"2025-01-27T12:11:00","date_gmt":"2025-01-27T12:11:00","guid":{"rendered":"https:\/\/staging2.stylingagenten.com\/sv\/produkt\/wella-sp-hydrate-mask-200ml\/"},"modified":"2026-03-11T21:53:38","modified_gmt":"2026-03-11T21:53:38","slug":"wella-sp-hydrate-mask-200ml","status":"publish","type":"product","link":"https:\/\/stylingagenten.com\/sv\/produkt\/wella-sp-hydrate-mask-200ml\/","title":{"rendered":"Wella SP Hydrate Mask 200ml"},"content":{"rendered":"<p>SP HYDRATE MASK<br \/>H\u00e5ret blir otroligt friskt, mjukt, sl\u00e4tt och glansfullt. Formulan med Special Active Moisture Complex som inneh\u00e5ller glycerin, D-pantenol och glukos, ger en l\u00e5ngvarig \u00e5terfuktande effekt utan att tynga ner h\u00e5ret och optimalt skydd mot uttorkning.<\/p>\n","protected":false},"excerpt":{"rendered":"<p>SP HYDRATE MASKH\u00e5ret blir otroligt friskt, mjukt, sl\u00e4tt och glansfullt. Formulan med Special Active Moisture Complex som inneh\u00e5ller glycerin, D-pantenol och glukos, ger en l\u00e5ngvarig \u00e5terfuktande effekt utan att tynga ner h\u00e5ret och optimalt skydd mot uttorkning.<\/p>\n","protected":false},"featured_media":21243,"comment_status":"open","ping_status":"closed","template":"","meta":{"_trash_the_other_posts":false},"product_brand":[],"product_cat":[620],"product_tag":[],"berocket_brand":[1030],"class_list":{"0":"post-21245","1":"product","2":"type-product","3":"status-publish","4":"has-post-thumbnail","6":"product_cat-harinpackning","7":"pa_brand-wella","8":"berocket_brand-wella","10":"first","11":"instock","12":"sale","13":"taxable","14":"shipping-taxable","15":"purchasable","16":"product-type-simple"},"_links":{"self":[{"href":"https:\/\/stylingagenten.com\/sv\/wp-json\/wp\/v2\/product\/21245","targetHints":{"allow":["GET"]}}],"collection":[{"href":"https:\/\/stylingagenten.com\/sv\/wp-json\/wp\/v2\/product"}],"about":[{"href":"https:\/\/stylingagenten.com\/sv\/wp-json\/wp\/v2\/types\/product"}],"replies":[{"embeddable":true,"href":"https:\/\/stylingagenten.com\/sv\/wp-json\/wp\/v2\/comments?post=21245"}],"version-history":[{"count":0,"href":"https:\/\/stylingagenten.com\/sv\/wp-json\/wp\/v2\/product\/21245\/revisions"}],"wp:featuredmedia":[{"embeddable":true,"href":"https:\/\/stylingagenten.com\/sv\/wp-json\/wp\/v2\/media\/21243"}],"wp:attachment":[{"href":"https:\/\/stylingagenten.com\/sv\/wp-json\/wp\/v2\/media?parent=21245"}],"wp:term":[{"taxonomy":"product_brand","embeddable":true,"href":"https:\/\/stylingagenten.com\/sv\/wp-json\/wp\/v2\/product_brand?post=21245"},{"taxonomy":"product_cat","embeddable":true,"href":"https:\/\/stylingagenten.com\/sv\/wp-json\/wp\/v2\/product_cat?post=21245"},{"taxonomy":"product_tag","embeddable":true,"href":"https:\/\/stylingagenten.com\/sv\/wp-json\/wp\/v2\/product_tag?post=21245"},{"taxonomy":"berocket_brand","embeddable":true,"href":"https:\/\/stylingagenten.com\/sv\/wp-json\/wp\/v2\/berocket_brand?post=21245"}],"curies":[{"name":"wp","href":"https:\/\/api.w.org\/{rel}","templated":true}]}}