{"id":21242,"date":"2025-01-27T12:10:59","date_gmt":"2025-01-27T12:10:59","guid":{"rendered":"https:\/\/staging2.stylingagenten.com\/sv\/produkt\/wella-sp-repair-conditioner-200ml\/"},"modified":"2026-04-07T20:48:23","modified_gmt":"2026-04-07T20:48:23","slug":"wella-sp-repair-conditioner-200ml","status":"publish","type":"product","link":"https:\/\/stylingagenten.com\/sv\/produkt\/wella-sp-repair-conditioner-200ml\/","title":{"rendered":"Wella SP Repair Conditioner 200ml"},"content":{"rendered":"<p>SP REPAIR CONDITIONER<br \/>Balsam som f\u00f6rb\u00e4ttrar h\u00e5rets struktur. Den exklusiva RNP-formulan som inneh\u00e5ller hydrolyserat Keratin som reparerar, v\u00e5rdar och skyddar h\u00e5ret samt ger f\u00f6rnyad motst\u00e5ndskraft. G\u00f6r h\u00e5ret sp\u00e4nstigt och \u00e5teruppbygger h\u00e5ret effektivt p\u00e5 bara 30 sekunder.<\/p>\n","protected":false},"excerpt":{"rendered":"<p>SP REPAIR CONDITIONERBalsam som f\u00f6rb\u00e4ttrar h\u00e5rets struktur. Den exklusiva RNP-formulan som inneh\u00e5ller hydrolyserat Keratin som reparerar, v\u00e5rdar och skyddar h\u00e5ret samt ger f\u00f6rnyad motst\u00e5ndskraft. G\u00f6r h\u00e5ret sp\u00e4nstigt och \u00e5teruppbygger h\u00e5ret effektivt p\u00e5 bara 30 sekunder.<\/p>\n","protected":false},"featured_media":21241,"comment_status":"open","ping_status":"closed","template":"","meta":{"_trash_the_other_posts":false},"product_brand":[],"product_cat":[587],"product_tag":[],"berocket_brand":[1030],"class_list":{"0":"post-21242","1":"product","2":"type-product","3":"status-publish","4":"has-post-thumbnail","6":"product_cat-balsam","7":"pa_brand-wella","8":"berocket_brand-wella","10":"first","11":"instock","12":"sale","13":"taxable","14":"shipping-taxable","15":"purchasable","16":"product-type-simple"},"_links":{"self":[{"href":"https:\/\/stylingagenten.com\/sv\/wp-json\/wp\/v2\/product\/21242","targetHints":{"allow":["GET"]}}],"collection":[{"href":"https:\/\/stylingagenten.com\/sv\/wp-json\/wp\/v2\/product"}],"about":[{"href":"https:\/\/stylingagenten.com\/sv\/wp-json\/wp\/v2\/types\/product"}],"replies":[{"embeddable":true,"href":"https:\/\/stylingagenten.com\/sv\/wp-json\/wp\/v2\/comments?post=21242"}],"version-history":[{"count":0,"href":"https:\/\/stylingagenten.com\/sv\/wp-json\/wp\/v2\/product\/21242\/revisions"}],"wp:featuredmedia":[{"embeddable":true,"href":"https:\/\/stylingagenten.com\/sv\/wp-json\/wp\/v2\/media\/21241"}],"wp:attachment":[{"href":"https:\/\/stylingagenten.com\/sv\/wp-json\/wp\/v2\/media?parent=21242"}],"wp:term":[{"taxonomy":"product_brand","embeddable":true,"href":"https:\/\/stylingagenten.com\/sv\/wp-json\/wp\/v2\/product_brand?post=21242"},{"taxonomy":"product_cat","embeddable":true,"href":"https:\/\/stylingagenten.com\/sv\/wp-json\/wp\/v2\/product_cat?post=21242"},{"taxonomy":"product_tag","embeddable":true,"href":"https:\/\/stylingagenten.com\/sv\/wp-json\/wp\/v2\/product_tag?post=21242"},{"taxonomy":"berocket_brand","embeddable":true,"href":"https:\/\/stylingagenten.com\/sv\/wp-json\/wp\/v2\/berocket_brand?post=21242"}],"curies":[{"name":"wp","href":"https:\/\/api.w.org\/{rel}","templated":true}]}}