{"id":21231,"date":"2025-01-27T12:10:58","date_gmt":"2025-01-27T12:10:58","guid":{"rendered":"https:\/\/staging2.stylingagenten.com\/sv\/produkt\/wella-sp-volumize-shampoo-250ml\/"},"modified":"2026-04-09T06:40:10","modified_gmt":"2026-04-09T06:40:10","slug":"wella-sp-volumize-shampoo-250ml","status":"publish","type":"product","link":"https:\/\/stylingagenten.com\/sv\/produkt\/wella-sp-volumize-shampoo-250ml\/","title":{"rendered":"Wella SP Volumize Shampoo 250ml"},"content":{"rendered":"<p>SP VOLUMIZE SHAMPOO <br \/>st\u00e4rker ditt h\u00e5r samtidigt som det varsamt reng\u00f6r och sk\u00e4nker fj\u00e4derl\u00e4tt volym som r\u00e4cker l\u00e4nge.<br \/>Som en del av serien SP Volumize \u00e4r schampot fyllt med Creatonic Complex som st\u00e4rker varje individuellt h\u00e5rstr\u00e5 f\u00f6r att skapa maximal volym utan att tynga ner h\u00e5ret.<\/p>\n","protected":false},"excerpt":{"rendered":"<p>SP VOLUMIZE SHAMPOO st\u00e4rker ditt h\u00e5r samtidigt som det varsamt reng\u00f6r och sk\u00e4nker fj\u00e4derl\u00e4tt volym som r\u00e4cker l\u00e4nge.Som en del av serien SP Volumize \u00e4r schampot fyllt med Creatonic Complex som st\u00e4rker varje individuellt h\u00e5rstr\u00e5 f\u00f6r att skapa maximal volym utan att tynga ner h\u00e5ret.<\/p>\n","protected":false},"featured_media":21228,"comment_status":"open","ping_status":"closed","template":"","meta":{"_trash_the_other_posts":false},"product_brand":[],"product_cat":[563],"product_tag":[],"berocket_brand":[1030],"class_list":{"0":"post-21231","1":"product","2":"type-product","3":"status-publish","4":"has-post-thumbnail","6":"product_cat-schampo","7":"pa_brand-wella","8":"berocket_brand-wella","10":"first","11":"instock","12":"sale","13":"taxable","14":"shipping-taxable","15":"purchasable","16":"product-type-simple"},"_links":{"self":[{"href":"https:\/\/stylingagenten.com\/sv\/wp-json\/wp\/v2\/product\/21231","targetHints":{"allow":["GET"]}}],"collection":[{"href":"https:\/\/stylingagenten.com\/sv\/wp-json\/wp\/v2\/product"}],"about":[{"href":"https:\/\/stylingagenten.com\/sv\/wp-json\/wp\/v2\/types\/product"}],"replies":[{"embeddable":true,"href":"https:\/\/stylingagenten.com\/sv\/wp-json\/wp\/v2\/comments?post=21231"}],"version-history":[{"count":0,"href":"https:\/\/stylingagenten.com\/sv\/wp-json\/wp\/v2\/product\/21231\/revisions"}],"wp:featuredmedia":[{"embeddable":true,"href":"https:\/\/stylingagenten.com\/sv\/wp-json\/wp\/v2\/media\/21228"}],"wp:attachment":[{"href":"https:\/\/stylingagenten.com\/sv\/wp-json\/wp\/v2\/media?parent=21231"}],"wp:term":[{"taxonomy":"product_brand","embeddable":true,"href":"https:\/\/stylingagenten.com\/sv\/wp-json\/wp\/v2\/product_brand?post=21231"},{"taxonomy":"product_cat","embeddable":true,"href":"https:\/\/stylingagenten.com\/sv\/wp-json\/wp\/v2\/product_cat?post=21231"},{"taxonomy":"product_tag","embeddable":true,"href":"https:\/\/stylingagenten.com\/sv\/wp-json\/wp\/v2\/product_tag?post=21231"},{"taxonomy":"berocket_brand","embeddable":true,"href":"https:\/\/stylingagenten.com\/sv\/wp-json\/wp\/v2\/berocket_brand?post=21231"}],"curies":[{"name":"wp","href":"https:\/\/api.w.org\/{rel}","templated":true}]}}