{"id":21211,"date":"2025-01-27T12:10:54","date_gmt":"2025-01-27T12:10:54","guid":{"rendered":"https:\/\/staging2.stylingagenten.com\/sv\/produkt\/dunhill-london-icon-racing-blue-edp-100ml\/"},"modified":"2026-03-11T22:03:00","modified_gmt":"2026-03-11T22:03:00","slug":"dunhill-london-icon-racing-blue-edp-100ml","status":"publish","type":"product","link":"https:\/\/stylingagenten.com\/sv\/produkt\/dunhill-london-icon-racing-blue-edp-100ml\/","title":{"rendered":"Dunhill London Icon Racing Blue Edp 100ml"},"content":{"rendered":"<p>Dunhill ICON Racing \u00e4r en eau de parfum som f\u00f6rkroppsligar racingandan. Den h\u00e4r doften \u00e4r inspirerad av mannen som njuter av livet. Han \u00e4r i sin naturliga milj\u00f6 n\u00e4r han \u00e4r p\u00e5 v\u00e4gen. Att k\u00f6ra bil \u00e4r hans terapi, hans flykt.<\/p>\n<p>Denna tr\u00e4iga aromatiska doft har en blandning av lime, bergamott, ambroxan, havssalt, kardemumma, neroli, koriander, drivved, sandeltr\u00e4, ambra och patchouli.<\/p>\n","protected":false},"excerpt":{"rendered":"<p>Dunhill ICON Racing \u00e4r en eau de parfum som f\u00f6rkroppsligar racingandan. Den h\u00e4r doften \u00e4r inspirerad av mannen som njuter av livet. Han \u00e4r i sin naturliga milj\u00f6 n\u00e4r han \u00e4r p\u00e5 v\u00e4gen. Att k\u00f6ra bil \u00e4r hans terapi, hans flykt. Denna tr\u00e4iga aromatiska doft har en blandning av lime, bergamott, ambroxan, havssalt, kardemumma, neroli, [&hellip;]<\/p>\n","protected":false},"featured_media":21202,"comment_status":"open","ping_status":"closed","template":"","meta":{"_trash_the_other_posts":false},"product_brand":[],"product_cat":[708,735,1000,1006],"product_tag":[],"berocket_brand":[1296],"class_list":{"0":"post-21211","1":"product","2":"type-product","3":"status-publish","4":"has-post-thumbnail","6":"product_cat-eau-de-parfum-herr","7":"product_cat-kampanj","8":"product_cat-kampanj-for-honom","9":"product_cat-kampanjpris","10":"pa_brand-dunhill","11":"berocket_brand-dunhill","13":"first","14":"instock","15":"sale","16":"taxable","17":"shipping-taxable","18":"purchasable","19":"product-type-simple"},"_links":{"self":[{"href":"https:\/\/stylingagenten.com\/sv\/wp-json\/wp\/v2\/product\/21211","targetHints":{"allow":["GET"]}}],"collection":[{"href":"https:\/\/stylingagenten.com\/sv\/wp-json\/wp\/v2\/product"}],"about":[{"href":"https:\/\/stylingagenten.com\/sv\/wp-json\/wp\/v2\/types\/product"}],"replies":[{"embeddable":true,"href":"https:\/\/stylingagenten.com\/sv\/wp-json\/wp\/v2\/comments?post=21211"}],"version-history":[{"count":0,"href":"https:\/\/stylingagenten.com\/sv\/wp-json\/wp\/v2\/product\/21211\/revisions"}],"wp:featuredmedia":[{"embeddable":true,"href":"https:\/\/stylingagenten.com\/sv\/wp-json\/wp\/v2\/media\/21202"}],"wp:attachment":[{"href":"https:\/\/stylingagenten.com\/sv\/wp-json\/wp\/v2\/media?parent=21211"}],"wp:term":[{"taxonomy":"product_brand","embeddable":true,"href":"https:\/\/stylingagenten.com\/sv\/wp-json\/wp\/v2\/product_brand?post=21211"},{"taxonomy":"product_cat","embeddable":true,"href":"https:\/\/stylingagenten.com\/sv\/wp-json\/wp\/v2\/product_cat?post=21211"},{"taxonomy":"product_tag","embeddable":true,"href":"https:\/\/stylingagenten.com\/sv\/wp-json\/wp\/v2\/product_tag?post=21211"},{"taxonomy":"berocket_brand","embeddable":true,"href":"https:\/\/stylingagenten.com\/sv\/wp-json\/wp\/v2\/berocket_brand?post=21211"}],"curies":[{"name":"wp","href":"https:\/\/api.w.org\/{rel}","templated":true}]}}