{"id":21187,"date":"2025-01-27T12:10:52","date_gmt":"2025-01-27T12:10:52","guid":{"rendered":"https:\/\/staging2.stylingagenten.com\/sv\/produkt\/dunhill-moroccan-amber-for-men-edp-100ml\/"},"modified":"2026-04-07T12:08:39","modified_gmt":"2026-04-07T12:08:39","slug":"dunhill-moroccan-amber-for-men-edp-100ml","status":"publish","type":"product","link":"https:\/\/stylingagenten.com\/sv\/produkt\/dunhill-moroccan-amber-for-men-edp-100ml\/","title":{"rendered":"Dunhill Moroccan Amber for Men Edp 100ml"},"content":{"rendered":"<p>Kryddigt tr\u00e4 och jordn\u00e4ra noter av kardemumma tillsammans med saffran, blandas perfekt med varm \u00e4del b\u00e4rnsten f\u00f6r att skapa en djup och jordig doft. Skapad under ledning av parfym\u00f6ren Gino Percontino.<\/p>\n<p>Toppnot: Kardemumma<br \/>Hj\u00e4rtnot: Saffran<br \/>Basnot: Amber<\/p>\n","protected":false},"excerpt":{"rendered":"<p>Kryddigt tr\u00e4 och jordn\u00e4ra noter av kardemumma tillsammans med saffran, blandas perfekt med varm \u00e4del b\u00e4rnsten f\u00f6r att skapa en djup och jordig doft. Skapad under ledning av parfym\u00f6ren Gino Percontino. Toppnot: KardemummaHj\u00e4rtnot: SaffranBasnot: Amber<\/p>\n","protected":false},"featured_media":21176,"comment_status":"open","ping_status":"closed","template":"","meta":{"_trash_the_other_posts":false},"product_brand":[],"product_cat":[708,735,1000],"product_tag":[],"berocket_brand":[1296],"class_list":{"0":"post-21187","1":"product","2":"type-product","3":"status-publish","4":"has-post-thumbnail","6":"product_cat-eau-de-parfum-herr","7":"product_cat-kampanj","8":"product_cat-kampanj-for-honom","9":"pa_brand-dunhill","10":"berocket_brand-dunhill","12":"first","13":"instock","14":"sale","15":"taxable","16":"shipping-taxable","17":"purchasable","18":"product-type-simple"},"_links":{"self":[{"href":"https:\/\/stylingagenten.com\/sv\/wp-json\/wp\/v2\/product\/21187","targetHints":{"allow":["GET"]}}],"collection":[{"href":"https:\/\/stylingagenten.com\/sv\/wp-json\/wp\/v2\/product"}],"about":[{"href":"https:\/\/stylingagenten.com\/sv\/wp-json\/wp\/v2\/types\/product"}],"replies":[{"embeddable":true,"href":"https:\/\/stylingagenten.com\/sv\/wp-json\/wp\/v2\/comments?post=21187"}],"version-history":[{"count":0,"href":"https:\/\/stylingagenten.com\/sv\/wp-json\/wp\/v2\/product\/21187\/revisions"}],"wp:featuredmedia":[{"embeddable":true,"href":"https:\/\/stylingagenten.com\/sv\/wp-json\/wp\/v2\/media\/21176"}],"wp:attachment":[{"href":"https:\/\/stylingagenten.com\/sv\/wp-json\/wp\/v2\/media?parent=21187"}],"wp:term":[{"taxonomy":"product_brand","embeddable":true,"href":"https:\/\/stylingagenten.com\/sv\/wp-json\/wp\/v2\/product_brand?post=21187"},{"taxonomy":"product_cat","embeddable":true,"href":"https:\/\/stylingagenten.com\/sv\/wp-json\/wp\/v2\/product_cat?post=21187"},{"taxonomy":"product_tag","embeddable":true,"href":"https:\/\/stylingagenten.com\/sv\/wp-json\/wp\/v2\/product_tag?post=21187"},{"taxonomy":"berocket_brand","embeddable":true,"href":"https:\/\/stylingagenten.com\/sv\/wp-json\/wp\/v2\/berocket_brand?post=21187"}],"curies":[{"name":"wp","href":"https:\/\/api.w.org\/{rel}","templated":true}]}}