{"id":21174,"date":"2025-01-27T12:10:50","date_gmt":"2025-01-27T12:10:50","guid":{"rendered":"https:\/\/staging2.stylingagenten.com\/sv\/produkt\/dunhill-agar-wood-edp-100ml\/"},"modified":"2026-04-04T15:48:32","modified_gmt":"2026-04-04T15:48:32","slug":"dunhill-agar-wood-edp-100ml","status":"publish","type":"product","link":"https:\/\/stylingagenten.com\/sv\/produkt\/dunhill-agar-wood-edp-100ml\/","title":{"rendered":"Dunhill Agar Wood Edp 100ml"},"content":{"rendered":"<p>dunhill Signature-dofter f\u00f6rkroppsligar en k\u00e4rlek till \u00e4ventyr och uppt\u00e4ckter, och erbjuder distinkta och upph\u00f6jda m\u00f6ten med lockande naturliga dofter och material.<\/p>\n<p>dunhill Signature: Agar Wood \u00e4r en sj\u00e4lfull ouddoft byggd p\u00e5 en rik, mystisk bas av mocka, tobak och mastix. Toppnoter av Timurpeppar, saltad ingef\u00e4ra och italiensk bergamott, skimrar ovanp\u00e5 ett hj\u00e4rta av svart iris, saffransblomma, violblad och bl\u00e5 cypress.<\/p>\n","protected":false},"excerpt":{"rendered":"<p>dunhill Signature-dofter f\u00f6rkroppsligar en k\u00e4rlek till \u00e4ventyr och uppt\u00e4ckter, och erbjuder distinkta och upph\u00f6jda m\u00f6ten med lockande naturliga dofter och material. dunhill Signature: Agar Wood \u00e4r en sj\u00e4lfull ouddoft byggd p\u00e5 en rik, mystisk bas av mocka, tobak och mastix. Toppnoter av Timurpeppar, saltad ingef\u00e4ra och italiensk bergamott, skimrar ovanp\u00e5 ett hj\u00e4rta av svart iris, [&hellip;]<\/p>\n","protected":false},"featured_media":21169,"comment_status":"open","ping_status":"closed","template":"","meta":{"_trash_the_other_posts":false},"product_brand":[],"product_cat":[708,735,1000],"product_tag":[],"berocket_brand":[1296],"class_list":{"0":"post-21174","1":"product","2":"type-product","3":"status-publish","4":"has-post-thumbnail","6":"product_cat-eau-de-parfum-herr","7":"product_cat-kampanj","8":"product_cat-kampanj-for-honom","9":"pa_brand-dunhill","10":"berocket_brand-dunhill","12":"first","13":"instock","14":"sale","15":"taxable","16":"shipping-taxable","17":"purchasable","18":"product-type-simple"},"_links":{"self":[{"href":"https:\/\/stylingagenten.com\/sv\/wp-json\/wp\/v2\/product\/21174","targetHints":{"allow":["GET"]}}],"collection":[{"href":"https:\/\/stylingagenten.com\/sv\/wp-json\/wp\/v2\/product"}],"about":[{"href":"https:\/\/stylingagenten.com\/sv\/wp-json\/wp\/v2\/types\/product"}],"replies":[{"embeddable":true,"href":"https:\/\/stylingagenten.com\/sv\/wp-json\/wp\/v2\/comments?post=21174"}],"version-history":[{"count":0,"href":"https:\/\/stylingagenten.com\/sv\/wp-json\/wp\/v2\/product\/21174\/revisions"}],"wp:featuredmedia":[{"embeddable":true,"href":"https:\/\/stylingagenten.com\/sv\/wp-json\/wp\/v2\/media\/21169"}],"wp:attachment":[{"href":"https:\/\/stylingagenten.com\/sv\/wp-json\/wp\/v2\/media?parent=21174"}],"wp:term":[{"taxonomy":"product_brand","embeddable":true,"href":"https:\/\/stylingagenten.com\/sv\/wp-json\/wp\/v2\/product_brand?post=21174"},{"taxonomy":"product_cat","embeddable":true,"href":"https:\/\/stylingagenten.com\/sv\/wp-json\/wp\/v2\/product_cat?post=21174"},{"taxonomy":"product_tag","embeddable":true,"href":"https:\/\/stylingagenten.com\/sv\/wp-json\/wp\/v2\/product_tag?post=21174"},{"taxonomy":"berocket_brand","embeddable":true,"href":"https:\/\/stylingagenten.com\/sv\/wp-json\/wp\/v2\/berocket_brand?post=21174"}],"curies":[{"name":"wp","href":"https:\/\/api.w.org\/{rel}","templated":true}]}}