{"id":21119,"date":"2025-01-27T12:10:43","date_gmt":"2025-01-27T12:10:43","guid":{"rendered":"https:\/\/staging2.stylingagenten.com\/sv\/produkt\/ariana-grande-ari-body-mist-236ml\/"},"modified":"2026-04-13T15:38:34","modified_gmt":"2026-04-13T15:38:34","slug":"ariana-grande-ari-body-mist-236ml","status":"publish","type":"product","link":"https:\/\/stylingagenten.com\/sv\/produkt\/ariana-grande-ari-body-mist-236ml\/","title":{"rendered":"Ariana Grande Ari Body Mist 236ml"},"content":{"rendered":"<p>Denna doft \u00e4r v\u00e4ldigt personlig f\u00f6r ARIANA och har inspirerats av hennes egen personlighet.<br \/>En varm, passionerad, \u00e4lskv\u00e4rd ung kvinna som inte \u00e4r allt f\u00f6r komplicerad. De som k\u00e4nner henne b\u00e4st kallar henne f\u00f6r ARI och detta \u00e4r ocks\u00e5 namnet p\u00e5 hennes f\u00f6rsta doft.<\/p>\n<p>ARI \u00e4r en l\u00e4ckert ungdomlig och chick doft. Gnistrande frukter och ett ultrafeminint blommigt hj\u00e4rta balanseras av en passionerad bas av kr\u00e4mig mysk och ljust tr\u00e4.<br \/>Toppnoter: Grapefrukt, Hallon, P\u00e4ron<br \/>Hj\u00e4rtnoter: Liljekonvalj, Ros, Vaniljorkid\u00e9<br \/>Basnoter: Marshmallow, Mysk, Tr\u00e4iga noter<\/p>\n","protected":false},"excerpt":{"rendered":"<p>Denna doft \u00e4r v\u00e4ldigt personlig f\u00f6r ARIANA och har inspirerats av hennes egen personlighet.En varm, passionerad, \u00e4lskv\u00e4rd ung kvinna som inte \u00e4r allt f\u00f6r komplicerad. De som k\u00e4nner henne b\u00e4st kallar henne f\u00f6r ARI och detta \u00e4r ocks\u00e5 namnet p\u00e5 hennes f\u00f6rsta doft. ARI \u00e4r en l\u00e4ckert ungdomlig och chick doft. Gnistrande frukter och ett [&hellip;]<\/p>\n","protected":false},"featured_media":21118,"comment_status":"open","ping_status":"closed","template":"","meta":{"_trash_the_other_posts":false},"product_brand":[],"product_cat":[585,735,999],"product_tag":[],"berocket_brand":[1201],"class_list":{"0":"post-21119","1":"product","2":"type-product","3":"status-publish","4":"has-post-thumbnail","6":"product_cat-bodymist-dam","7":"product_cat-kampanj","8":"product_cat-kampanj-for-henne","9":"pa_brand-ariana-grande","10":"berocket_brand-ariana-grande","12":"first","13":"instock","14":"sale","15":"taxable","16":"shipping-taxable","17":"purchasable","18":"product-type-simple"},"_links":{"self":[{"href":"https:\/\/stylingagenten.com\/sv\/wp-json\/wp\/v2\/product\/21119","targetHints":{"allow":["GET"]}}],"collection":[{"href":"https:\/\/stylingagenten.com\/sv\/wp-json\/wp\/v2\/product"}],"about":[{"href":"https:\/\/stylingagenten.com\/sv\/wp-json\/wp\/v2\/types\/product"}],"replies":[{"embeddable":true,"href":"https:\/\/stylingagenten.com\/sv\/wp-json\/wp\/v2\/comments?post=21119"}],"version-history":[{"count":0,"href":"https:\/\/stylingagenten.com\/sv\/wp-json\/wp\/v2\/product\/21119\/revisions"}],"wp:featuredmedia":[{"embeddable":true,"href":"https:\/\/stylingagenten.com\/sv\/wp-json\/wp\/v2\/media\/21118"}],"wp:attachment":[{"href":"https:\/\/stylingagenten.com\/sv\/wp-json\/wp\/v2\/media?parent=21119"}],"wp:term":[{"taxonomy":"product_brand","embeddable":true,"href":"https:\/\/stylingagenten.com\/sv\/wp-json\/wp\/v2\/product_brand?post=21119"},{"taxonomy":"product_cat","embeddable":true,"href":"https:\/\/stylingagenten.com\/sv\/wp-json\/wp\/v2\/product_cat?post=21119"},{"taxonomy":"product_tag","embeddable":true,"href":"https:\/\/stylingagenten.com\/sv\/wp-json\/wp\/v2\/product_tag?post=21119"},{"taxonomy":"berocket_brand","embeddable":true,"href":"https:\/\/stylingagenten.com\/sv\/wp-json\/wp\/v2\/berocket_brand?post=21119"}],"curies":[{"name":"wp","href":"https:\/\/api.w.org\/{rel}","templated":true}]}}