{"id":21115,"date":"2025-01-27T12:10:42","date_gmt":"2025-01-27T12:10:42","guid":{"rendered":"https:\/\/staging2.stylingagenten.com\/sv\/produkt\/ariana-grande-moonlight-body-mist-236ml\/"},"modified":"2026-04-13T14:37:24","modified_gmt":"2026-04-13T14:37:24","slug":"ariana-grande-moonlight-body-mist-236ml","status":"publish","type":"product","link":"https:\/\/stylingagenten.com\/sv\/produkt\/ariana-grande-moonlight-body-mist-236ml\/","title":{"rendered":"Ariana Grande Moonlight Body Mist 236ml"},"content":{"rendered":"<p>Ariana Grande Moonlight Body Mist<br \/>Ariana Grande Moonlight \u00e4r en f\u00f6rf\u00f6risk och fascinerande parfym. MOONLIGHT-doften f\u00f6rkroppsligar Arianas sj\u00e4lvf\u00f6rtroende, optimistiska energi och dj\u00e4rva scenn\u00e4rvaro. En f\u00f6rtrollande symbol Arianas fans k\u00e4nner till och \u00e4lskar, MOONLIGHT lyser upp ditt sanna jag, hyllar din unikhet och g\u00f6r dig absolut oemotst\u00e5ndlig.<\/p>\n<p>Toppnoter: Rik svart vinb\u00e4r, saftiga plommon<br \/>Hj\u00e4rtnoter: Fluffig marshmallow, fr\u00e4sch pion<br \/>Basnoter: Kr\u00e4mig sandeltr\u00e4, svart ambra, sensuell vanilj<\/p>\n","protected":false},"excerpt":{"rendered":"<p>Ariana Grande Moonlight Body MistAriana Grande Moonlight \u00e4r en f\u00f6rf\u00f6risk och fascinerande parfym. MOONLIGHT-doften f\u00f6rkroppsligar Arianas sj\u00e4lvf\u00f6rtroende, optimistiska energi och dj\u00e4rva scenn\u00e4rvaro. En f\u00f6rtrollande symbol Arianas fans k\u00e4nner till och \u00e4lskar, MOONLIGHT lyser upp ditt sanna jag, hyllar din unikhet och g\u00f6r dig absolut oemotst\u00e5ndlig. Toppnoter: Rik svart vinb\u00e4r, saftiga plommonHj\u00e4rtnoter: Fluffig marshmallow, fr\u00e4sch pionBasnoter: [&hellip;]<\/p>\n","protected":false},"featured_media":21113,"comment_status":"open","ping_status":"closed","template":"","meta":{"_trash_the_other_posts":false},"product_brand":[],"product_cat":[585,735,999],"product_tag":[],"berocket_brand":[1201],"class_list":{"0":"post-21115","1":"product","2":"type-product","3":"status-publish","4":"has-post-thumbnail","6":"product_cat-bodymist-dam","7":"product_cat-kampanj","8":"product_cat-kampanj-for-henne","9":"pa_brand-ariana-grande","10":"berocket_brand-ariana-grande","12":"first","13":"instock","14":"sale","15":"taxable","16":"shipping-taxable","17":"purchasable","18":"product-type-simple"},"_links":{"self":[{"href":"https:\/\/stylingagenten.com\/sv\/wp-json\/wp\/v2\/product\/21115","targetHints":{"allow":["GET"]}}],"collection":[{"href":"https:\/\/stylingagenten.com\/sv\/wp-json\/wp\/v2\/product"}],"about":[{"href":"https:\/\/stylingagenten.com\/sv\/wp-json\/wp\/v2\/types\/product"}],"replies":[{"embeddable":true,"href":"https:\/\/stylingagenten.com\/sv\/wp-json\/wp\/v2\/comments?post=21115"}],"version-history":[{"count":0,"href":"https:\/\/stylingagenten.com\/sv\/wp-json\/wp\/v2\/product\/21115\/revisions"}],"wp:featuredmedia":[{"embeddable":true,"href":"https:\/\/stylingagenten.com\/sv\/wp-json\/wp\/v2\/media\/21113"}],"wp:attachment":[{"href":"https:\/\/stylingagenten.com\/sv\/wp-json\/wp\/v2\/media?parent=21115"}],"wp:term":[{"taxonomy":"product_brand","embeddable":true,"href":"https:\/\/stylingagenten.com\/sv\/wp-json\/wp\/v2\/product_brand?post=21115"},{"taxonomy":"product_cat","embeddable":true,"href":"https:\/\/stylingagenten.com\/sv\/wp-json\/wp\/v2\/product_cat?post=21115"},{"taxonomy":"product_tag","embeddable":true,"href":"https:\/\/stylingagenten.com\/sv\/wp-json\/wp\/v2\/product_tag?post=21115"},{"taxonomy":"berocket_brand","embeddable":true,"href":"https:\/\/stylingagenten.com\/sv\/wp-json\/wp\/v2\/berocket_brand?post=21115"}],"curies":[{"name":"wp","href":"https:\/\/api.w.org\/{rel}","templated":true}]}}