{"id":21081,"date":"2025-01-27T12:10:38","date_gmt":"2025-01-27T12:10:38","guid":{"rendered":"https:\/\/staging2.stylingagenten.com\/sv\/produkt\/neutrogena-hydro-boost-awakening-eye-cream-15-ml\/"},"modified":"2026-04-11T07:48:23","modified_gmt":"2026-04-11T07:48:23","slug":"neutrogena-hydro-boost-awakening-eye-cream-15-ml","status":"publish","type":"product","link":"https:\/\/stylingagenten.com\/sv\/produkt\/neutrogena-hydro-boost-awakening-eye-cream-15-ml\/","title":{"rendered":"Neutrogena Hydro Boost Awakening Eye Cream 15 ml"},"content":{"rendered":"<p>N\u00e4r fuktbarri\u00e4ren runt det \u00f6mt\u00e5liga \u00f6gonomr\u00e5det f\u00f6rsvagas, minskar vattenhalten i huden, vilket leder till fina, torra linjer. \u00c5teruppliva tr\u00f6tta \u00f6gon med Neutrogena Hydro Boost Awakening Eye Cream, designad f\u00f6r att ge en uppfriskande \u00e5terfuktning till \u00f6gonkonturen och hj\u00e4lpa till att st\u00e4rka den k\u00e4nsliga \u00f6gonhudens fuktbarri\u00e4r. \u00d6gonen ser klarvakna ut med ett daggfriskt utseende och intensivt \u00e5terfuktade hela dagen. Oljefri.<\/p>\n","protected":false},"excerpt":{"rendered":"<p>N\u00e4r fuktbarri\u00e4ren runt det \u00f6mt\u00e5liga \u00f6gonomr\u00e5det f\u00f6rsvagas, minskar vattenhalten i huden, vilket leder till fina, torra linjer. \u00c5teruppliva tr\u00f6tta \u00f6gon med Neutrogena Hydro Boost Awakening Eye Cream, designad f\u00f6r att ge en uppfriskande \u00e5terfuktning till \u00f6gonkonturen och hj\u00e4lpa till att st\u00e4rka den k\u00e4nsliga \u00f6gonhudens fuktbarri\u00e4r. \u00d6gonen ser klarvakna ut med ett daggfriskt utseende och intensivt [&hellip;]<\/p>\n","protected":false},"featured_media":21078,"comment_status":"open","ping_status":"closed","template":"","meta":{"_trash_the_other_posts":false},"product_brand":[],"product_cat":[623],"product_tag":[],"berocket_brand":[1262],"class_list":{"0":"post-21081","1":"product","2":"type-product","3":"status-publish","4":"has-post-thumbnail","6":"product_cat-ogonkram","7":"pa_brand-neutrogena","8":"berocket_brand-neutrogena","10":"first","11":"instock","12":"sale","13":"taxable","14":"shipping-taxable","15":"purchasable","16":"product-type-simple"},"_links":{"self":[{"href":"https:\/\/stylingagenten.com\/sv\/wp-json\/wp\/v2\/product\/21081","targetHints":{"allow":["GET"]}}],"collection":[{"href":"https:\/\/stylingagenten.com\/sv\/wp-json\/wp\/v2\/product"}],"about":[{"href":"https:\/\/stylingagenten.com\/sv\/wp-json\/wp\/v2\/types\/product"}],"replies":[{"embeddable":true,"href":"https:\/\/stylingagenten.com\/sv\/wp-json\/wp\/v2\/comments?post=21081"}],"version-history":[{"count":0,"href":"https:\/\/stylingagenten.com\/sv\/wp-json\/wp\/v2\/product\/21081\/revisions"}],"wp:featuredmedia":[{"embeddable":true,"href":"https:\/\/stylingagenten.com\/sv\/wp-json\/wp\/v2\/media\/21078"}],"wp:attachment":[{"href":"https:\/\/stylingagenten.com\/sv\/wp-json\/wp\/v2\/media?parent=21081"}],"wp:term":[{"taxonomy":"product_brand","embeddable":true,"href":"https:\/\/stylingagenten.com\/sv\/wp-json\/wp\/v2\/product_brand?post=21081"},{"taxonomy":"product_cat","embeddable":true,"href":"https:\/\/stylingagenten.com\/sv\/wp-json\/wp\/v2\/product_cat?post=21081"},{"taxonomy":"product_tag","embeddable":true,"href":"https:\/\/stylingagenten.com\/sv\/wp-json\/wp\/v2\/product_tag?post=21081"},{"taxonomy":"berocket_brand","embeddable":true,"href":"https:\/\/stylingagenten.com\/sv\/wp-json\/wp\/v2\/berocket_brand?post=21081"}],"curies":[{"name":"wp","href":"https:\/\/api.w.org\/{rel}","templated":true}]}}