{"id":21062,"date":"2025-01-27T12:10:35","date_gmt":"2025-01-27T12:10:35","guid":{"rendered":"https:\/\/staging2.stylingagenten.com\/sv\/produkt\/neutrogena-hydro-boost-gel-cream-50ml\/"},"modified":"2026-04-13T18:48:26","modified_gmt":"2026-04-13T18:48:26","slug":"neutrogena-hydro-boost-gel-cream-50ml","status":"publish","type":"product","link":"https:\/\/stylingagenten.com\/sv\/produkt\/neutrogena-hydro-boost-gel-cream-50ml\/","title":{"rendered":"Neutrogena Hydro Boost Gel-Cream 50ml"},"content":{"rendered":"<p>Upplev uppfriskande fuktberikning med Neutrogena Hydroboost Gel Cream Moisturiser \u2013 en olje- och parfymfri fuktcreme som intensivt \u00e5terfuktar huden.<br \/><span id=\"isPasted\" style=\"font-family: sans-serif;font-size: 14px;font-style: normal;font-weight: 400;letter-spacing: normal;text-align: left;text-indent: 0px;text-transform: none;white-space: normal;display: inline !important;float: none\">Hydroboost Gel Cream Moisturiser<\/span> rekommenderas f\u00f6r extra torr hud, och ger en uppfriskande sl\u00f6ja av fukt. Den inneh\u00e5ller en unik Hyaluronic Gel Matrix som kapslar in och frig\u00f6r fukt successivt vid behov, under hela dagen. Huden blir smidig och ungdomligt fast.<\/p>\n<p>L\u00e4mplig f\u00f6r k\u00e4nslig hud.<br \/>Fri fr\u00e5n olja och parfym.<\/p>\n","protected":false},"excerpt":{"rendered":"<p>Upplev uppfriskande fuktberikning med Neutrogena Hydroboost Gel Cream Moisturiser \u2013 en olje- och parfymfri fuktcreme som intensivt \u00e5terfuktar huden.Hydroboost Gel Cream Moisturiser rekommenderas f\u00f6r extra torr hud, och ger en uppfriskande sl\u00f6ja av fukt. Den inneh\u00e5ller en unik Hyaluronic Gel Matrix som kapslar in och frig\u00f6r fukt successivt vid behov, under hela dagen. Huden blir [&hellip;]<\/p>\n","protected":false},"featured_media":4456791712,"comment_status":"open","ping_status":"closed","template":"","meta":{"_trash_the_other_posts":false},"product_brand":[],"product_cat":[559],"product_tag":[],"berocket_brand":[1026,1262],"class_list":{"0":"post-21062","1":"product","2":"type-product","3":"status-publish","4":"has-post-thumbnail","6":"product_cat-ansiktskram","7":"pa_brand-neutrogena","8":"berocket_brand-matrix","9":"berocket_brand-neutrogena","11":"first","12":"instock","13":"sale","14":"taxable","15":"shipping-taxable","16":"purchasable","17":"product-type-simple"},"_links":{"self":[{"href":"https:\/\/stylingagenten.com\/sv\/wp-json\/wp\/v2\/product\/21062","targetHints":{"allow":["GET"]}}],"collection":[{"href":"https:\/\/stylingagenten.com\/sv\/wp-json\/wp\/v2\/product"}],"about":[{"href":"https:\/\/stylingagenten.com\/sv\/wp-json\/wp\/v2\/types\/product"}],"replies":[{"embeddable":true,"href":"https:\/\/stylingagenten.com\/sv\/wp-json\/wp\/v2\/comments?post=21062"}],"version-history":[{"count":0,"href":"https:\/\/stylingagenten.com\/sv\/wp-json\/wp\/v2\/product\/21062\/revisions"}],"wp:featuredmedia":[{"embeddable":true,"href":"https:\/\/stylingagenten.com\/sv\/wp-json\/wp\/v2\/media\/4456791712"}],"wp:attachment":[{"href":"https:\/\/stylingagenten.com\/sv\/wp-json\/wp\/v2\/media?parent=21062"}],"wp:term":[{"taxonomy":"product_brand","embeddable":true,"href":"https:\/\/stylingagenten.com\/sv\/wp-json\/wp\/v2\/product_brand?post=21062"},{"taxonomy":"product_cat","embeddable":true,"href":"https:\/\/stylingagenten.com\/sv\/wp-json\/wp\/v2\/product_cat?post=21062"},{"taxonomy":"product_tag","embeddable":true,"href":"https:\/\/stylingagenten.com\/sv\/wp-json\/wp\/v2\/product_tag?post=21062"},{"taxonomy":"berocket_brand","embeddable":true,"href":"https:\/\/stylingagenten.com\/sv\/wp-json\/wp\/v2\/berocket_brand?post=21062"}],"curies":[{"name":"wp","href":"https:\/\/api.w.org\/{rel}","templated":true}]}}