{"id":20921,"date":"2025-01-27T12:10:18","date_gmt":"2025-01-27T12:10:18","guid":{"rendered":"https:\/\/staging2.stylingagenten.com\/sv\/produkt\/maybelline-lash-sensational-sky-high-mascara-black\/"},"modified":"2026-04-14T10:08:34","modified_gmt":"2026-04-14T10:08:34","slug":"maybelline-lash-sensational-sky-high-mascara-black","status":"publish","type":"product","link":"https:\/\/stylingagenten.com\/sv\/produkt\/maybelline-lash-sensational-sky-high-mascara-black\/","title":{"rendered":"Maybelline Lash Sensational Sky High Mascara Black"},"content":{"rendered":"<p>Maybelline Lash Sensational Sky High mascara tar dina fransar till skyh\u00f6ga h\u00f6jder, fr\u00e5n alla vinklar. Nu kombineras gr\u00e4nsl\u00f6s volym med o\u00e4ndlig l\u00e4ngd. L\u00e4ngdmascara som passar k\u00e4nsliga \u00f6gon i en svart nyans.&nbsp;<br \/>Ger fransarna ett lyft och f\u00f6rl\u00e4nger dem samtidigt som deras volym \u00f6kas avsev\u00e4rt. L\u00e5ng, flexibel borste ger f\u00f6ljsamt volym och l\u00e4ngd till varje \u00f6gonfrans, fr\u00e5n rot till topp. Maybelline Lash Sensational Sky High Mascara formula, som \u00e4r berikad med fiber och bambuextrakt, ger l\u00e5nga och fylliga fransar som k\u00e4nns l\u00e4tta. Passar f\u00f6r k\u00e4nsliga \u00f6gon. L\u00e4tt att ta bort.<\/p>\n","protected":false},"excerpt":{"rendered":"<p>Maybelline Lash Sensational Sky High mascara tar dina fransar till skyh\u00f6ga h\u00f6jder, fr\u00e5n alla vinklar. Nu kombineras gr\u00e4nsl\u00f6s volym med o\u00e4ndlig l\u00e4ngd. L\u00e4ngdmascara som passar k\u00e4nsliga \u00f6gon i en svart nyans.&nbsp;Ger fransarna ett lyft och f\u00f6rl\u00e4nger dem samtidigt som deras volym \u00f6kas avsev\u00e4rt. L\u00e5ng, flexibel borste ger f\u00f6ljsamt volym och l\u00e4ngd till varje \u00f6gonfrans, fr\u00e5n [&hellip;]<\/p>\n","protected":false},"featured_media":20919,"comment_status":"open","ping_status":"closed","template":"","meta":{"_trash_the_other_posts":false},"product_brand":[],"product_cat":[618],"product_tag":[],"berocket_brand":[1016],"class_list":{"0":"post-20921","1":"product","2":"type-product","3":"status-publish","4":"has-post-thumbnail","6":"product_cat-mascara","7":"pa_brand-maybelline","8":"berocket_brand-maybelline","10":"first","11":"outofstock","12":"sale","13":"taxable","14":"shipping-taxable","15":"purchasable","16":"product-type-simple"},"_links":{"self":[{"href":"https:\/\/stylingagenten.com\/sv\/wp-json\/wp\/v2\/product\/20921","targetHints":{"allow":["GET"]}}],"collection":[{"href":"https:\/\/stylingagenten.com\/sv\/wp-json\/wp\/v2\/product"}],"about":[{"href":"https:\/\/stylingagenten.com\/sv\/wp-json\/wp\/v2\/types\/product"}],"replies":[{"embeddable":true,"href":"https:\/\/stylingagenten.com\/sv\/wp-json\/wp\/v2\/comments?post=20921"}],"version-history":[{"count":0,"href":"https:\/\/stylingagenten.com\/sv\/wp-json\/wp\/v2\/product\/20921\/revisions"}],"wp:featuredmedia":[{"embeddable":true,"href":"https:\/\/stylingagenten.com\/sv\/wp-json\/wp\/v2\/media\/20919"}],"wp:attachment":[{"href":"https:\/\/stylingagenten.com\/sv\/wp-json\/wp\/v2\/media?parent=20921"}],"wp:term":[{"taxonomy":"product_brand","embeddable":true,"href":"https:\/\/stylingagenten.com\/sv\/wp-json\/wp\/v2\/product_brand?post=20921"},{"taxonomy":"product_cat","embeddable":true,"href":"https:\/\/stylingagenten.com\/sv\/wp-json\/wp\/v2\/product_cat?post=20921"},{"taxonomy":"product_tag","embeddable":true,"href":"https:\/\/stylingagenten.com\/sv\/wp-json\/wp\/v2\/product_tag?post=20921"},{"taxonomy":"berocket_brand","embeddable":true,"href":"https:\/\/stylingagenten.com\/sv\/wp-json\/wp\/v2\/berocket_brand?post=20921"}],"curies":[{"name":"wp","href":"https:\/\/api.w.org\/{rel}","templated":true}]}}