{"id":20894,"date":"2025-01-27T12:10:13","date_gmt":"2025-01-27T12:10:13","guid":{"rendered":"https:\/\/staging2.stylingagenten.com\/sv\/produkt\/sally-hansen-complete-salon-manicure-230-nude-now\/"},"modified":"2026-01-19T07:56:59","modified_gmt":"2026-01-19T07:56:59","slug":"sally-hansen-complete-salon-manicure-230-nude-now","status":"publish","type":"product","link":"https:\/\/stylingagenten.com\/sv\/produkt\/sally-hansen-complete-salon-manicure-230-nude-now\/","title":{"rendered":"Sally Hansen Complete Salon Manicure #230 Nude Now"},"content":{"rendered":"<p>Sally Hansen Complete Salon Manicure har 7 f\u00f6rdelar i 1 flaska. Nagellacket kommer i flera trendiga f\u00e4rger och fungerar som baslack, topplack, stimulerar tillv\u00e4xt, ger en glansig finish, motverkar flagning och st\u00e4rker med keratin komplex f\u00f6r upp till 64% starkare naglar. Nagellacket levererar upp till 10 dagars h\u00e5llbarhet. Med den felfria borsten f\u00e5r du en enkel applikation och resultat av salongskvalitet.  <\/p>\n<p>Anv\u00e4ndning:<\/p>\n<p>1. Anv\u00e4nd den perfekta borsten f\u00f6r att applicera ett lager Complete Salon Manicure \u2122 p\u00e5 rengjorda, torra naglar och l\u00e5t torka i 2-3 minuter.<\/p>\n<p>2. Applicera ett andra lager Complete Salon Manicure \u2122 och l\u00e5t torka ordentligt. Njut av dina salongkvalitets naglar i upp till 10 dagar!<\/p>\n","protected":false},"excerpt":{"rendered":"<p>Sally Hansen Complete Salon Manicure har 7 f\u00f6rdelar i 1 flaska. Nagellacket kommer i flera trendiga f\u00e4rger och fungerar som baslack, topplack, stimulerar tillv\u00e4xt, ger en glansig finish, motverkar flagning och st\u00e4rker med keratin komplex f\u00f6r upp till 64% starkare naglar. Nagellacket levererar upp till 10 dagars h\u00e5llbarhet. Med den felfria borsten f\u00e5r du en [&hellip;]<\/p>\n","protected":false},"featured_media":20880,"comment_status":"open","ping_status":"closed","template":"","meta":{"_trash_the_other_posts":false},"product_brand":[],"product_cat":[569],"product_tag":[4120],"berocket_brand":[1155],"class_list":{"0":"post-20894","1":"product","2":"type-product","3":"status-publish","4":"has-post-thumbnail","6":"product_cat-nagellack","7":"product_tag-sally-hansen-complete-salon-manicure","8":"pa_brand-sally-hansen","9":"pa_variant-230-nude-now","10":"berocket_brand-sally-hansen","12":"first","13":"instock","14":"sale","15":"taxable","16":"shipping-taxable","17":"purchasable","18":"product-type-simple"},"_links":{"self":[{"href":"https:\/\/stylingagenten.com\/sv\/wp-json\/wp\/v2\/product\/20894","targetHints":{"allow":["GET"]}}],"collection":[{"href":"https:\/\/stylingagenten.com\/sv\/wp-json\/wp\/v2\/product"}],"about":[{"href":"https:\/\/stylingagenten.com\/sv\/wp-json\/wp\/v2\/types\/product"}],"replies":[{"embeddable":true,"href":"https:\/\/stylingagenten.com\/sv\/wp-json\/wp\/v2\/comments?post=20894"}],"version-history":[{"count":0,"href":"https:\/\/stylingagenten.com\/sv\/wp-json\/wp\/v2\/product\/20894\/revisions"}],"wp:featuredmedia":[{"embeddable":true,"href":"https:\/\/stylingagenten.com\/sv\/wp-json\/wp\/v2\/media\/20880"}],"wp:attachment":[{"href":"https:\/\/stylingagenten.com\/sv\/wp-json\/wp\/v2\/media?parent=20894"}],"wp:term":[{"taxonomy":"product_brand","embeddable":true,"href":"https:\/\/stylingagenten.com\/sv\/wp-json\/wp\/v2\/product_brand?post=20894"},{"taxonomy":"product_cat","embeddable":true,"href":"https:\/\/stylingagenten.com\/sv\/wp-json\/wp\/v2\/product_cat?post=20894"},{"taxonomy":"product_tag","embeddable":true,"href":"https:\/\/stylingagenten.com\/sv\/wp-json\/wp\/v2\/product_tag?post=20894"},{"taxonomy":"berocket_brand","embeddable":true,"href":"https:\/\/stylingagenten.com\/sv\/wp-json\/wp\/v2\/berocket_brand?post=20894"}],"curies":[{"name":"wp","href":"https:\/\/api.w.org\/{rel}","templated":true}]}}