{"id":20819,"date":"2025-01-27T12:10:04","date_gmt":"2025-01-27T12:10:04","guid":{"rendered":"https:\/\/staging2.stylingagenten.com\/sv\/produkt\/makeup-revolution-renaissance-lipliner-reign\/"},"modified":"2025-11-18T15:35:58","modified_gmt":"2025-11-18T15:35:58","slug":"makeup-revolution-renaissance-lipliner-reign","status":"publish","type":"product","link":"https:\/\/stylingagenten.com\/sv\/produkt\/makeup-revolution-renaissance-lipliner-reign\/","title":{"rendered":"Makeup Revolution Renaissance Lipliner Reign"},"content":{"rendered":"<p>Makeup Revolution Renaissance Lipliner Reign<br \/>Superl\u00e4tt och rikt pigmenterad, Renaissance Lipliners appliceras l\u00e4tt p\u00e5 f\u00f6r att skapa din perfekta l\u00e4ppf\u00e4rg.<\/p>\n<p>Anv\u00e4nd f\u00f6r att skapa en rundad l\u00e4pplinje eller fyll i dina l\u00e4ppar innan du applicerar l\u00e4ppstift, glans eller balm f\u00f6r varaktig f\u00e4rg.<\/p>\n","protected":false},"excerpt":{"rendered":"<p>Makeup Revolution Renaissance Lipliner ReignSuperl\u00e4tt och rikt pigmenterad, Renaissance Lipliners appliceras l\u00e4tt p\u00e5 f\u00f6r att skapa din perfekta l\u00e4ppf\u00e4rg. Anv\u00e4nd f\u00f6r att skapa en rundad l\u00e4pplinje eller fyll i dina l\u00e4ppar innan du applicerar l\u00e4ppstift, glans eller balm f\u00f6r varaktig f\u00e4rg.<\/p>\n","protected":false},"featured_media":20810,"comment_status":"open","ping_status":"closed","template":"","meta":{"_trash_the_other_posts":false},"product_brand":[],"product_cat":[592],"product_tag":[3457],"berocket_brand":[1050],"class_list":{"0":"post-20819","1":"product","2":"type-product","3":"status-publish","4":"has-post-thumbnail","6":"product_cat-lappenna","7":"product_tag-makeup-revolution-renaissance-lipliner","8":"pa_brand-makeup-revolution","9":"pa_variant-reign","10":"berocket_brand-makeup-revolution","12":"first","13":"instock","14":"sale","15":"taxable","16":"shipping-taxable","17":"purchasable","18":"product-type-simple"},"_links":{"self":[{"href":"https:\/\/stylingagenten.com\/sv\/wp-json\/wp\/v2\/product\/20819","targetHints":{"allow":["GET"]}}],"collection":[{"href":"https:\/\/stylingagenten.com\/sv\/wp-json\/wp\/v2\/product"}],"about":[{"href":"https:\/\/stylingagenten.com\/sv\/wp-json\/wp\/v2\/types\/product"}],"replies":[{"embeddable":true,"href":"https:\/\/stylingagenten.com\/sv\/wp-json\/wp\/v2\/comments?post=20819"}],"version-history":[{"count":0,"href":"https:\/\/stylingagenten.com\/sv\/wp-json\/wp\/v2\/product\/20819\/revisions"}],"wp:featuredmedia":[{"embeddable":true,"href":"https:\/\/stylingagenten.com\/sv\/wp-json\/wp\/v2\/media\/20810"}],"wp:attachment":[{"href":"https:\/\/stylingagenten.com\/sv\/wp-json\/wp\/v2\/media?parent=20819"}],"wp:term":[{"taxonomy":"product_brand","embeddable":true,"href":"https:\/\/stylingagenten.com\/sv\/wp-json\/wp\/v2\/product_brand?post=20819"},{"taxonomy":"product_cat","embeddable":true,"href":"https:\/\/stylingagenten.com\/sv\/wp-json\/wp\/v2\/product_cat?post=20819"},{"taxonomy":"product_tag","embeddable":true,"href":"https:\/\/stylingagenten.com\/sv\/wp-json\/wp\/v2\/product_tag?post=20819"},{"taxonomy":"berocket_brand","embeddable":true,"href":"https:\/\/stylingagenten.com\/sv\/wp-json\/wp\/v2\/berocket_brand?post=20819"}],"curies":[{"name":"wp","href":"https:\/\/api.w.org\/{rel}","templated":true}]}}