{"id":20794,"date":"2025-01-27T12:10:00","date_gmt":"2025-01-27T12:10:00","guid":{"rendered":"https:\/\/staging2.stylingagenten.com\/sv\/produkt\/nautica-voyage-edt-200ml\/"},"modified":"2025-12-18T21:42:43","modified_gmt":"2025-12-18T21:42:43","slug":"nautica-voyage-edt-200ml","status":"publish","type":"product","link":"https:\/\/stylingagenten.com\/sv\/produkt\/nautica-voyage-edt-200ml\/","title":{"rendered":"Nautica Voyage Edt 200ml"},"content":{"rendered":"<p>F\u00f6r den sj\u00e4lvs\u00e4kra mannen som v\u00e5gar ta sig an ok\u00e4nda vatten och uppt\u00e4cka nya \u00e4ventyr, \u00e4r denna eau de toilette en maskulin, frukt-fram\u00e5t doft perfekt f\u00f6r varje dag. Denna fr\u00e4scha, dj\u00e4rva och akvatiska doft \u00e4r f\u00f6rankrad av en rik blandning av skarpt gr\u00f6nt \u00e4pple, dr\u00e4nkt mimosa och vattenlotus.<br \/>Toppnoter: gr\u00f6nt \u00e4pple och gr\u00f6na blad.<br \/>Basnoter: mimosa, vattenackord och vattenlotus<\/p>\n","protected":false},"excerpt":{"rendered":"<p>F\u00f6r den sj\u00e4lvs\u00e4kra mannen som v\u00e5gar ta sig an ok\u00e4nda vatten och uppt\u00e4cka nya \u00e4ventyr, \u00e4r denna eau de toilette en maskulin, frukt-fram\u00e5t doft perfekt f\u00f6r varje dag. Denna fr\u00e4scha, dj\u00e4rva och akvatiska doft \u00e4r f\u00f6rankrad av en rik blandning av skarpt gr\u00f6nt \u00e4pple, dr\u00e4nkt mimosa och vattenlotus.Toppnoter: gr\u00f6nt \u00e4pple och gr\u00f6na blad.Basnoter: mimosa, vattenackord [&hellip;]<\/p>\n","protected":false},"featured_media":20789,"comment_status":"open","ping_status":"closed","template":"","meta":{"_trash_the_other_posts":false},"product_brand":[],"product_cat":[709],"product_tag":[3761],"berocket_brand":[1230],"class_list":{"0":"post-20794","1":"product","2":"type-product","3":"status-publish","4":"has-post-thumbnail","6":"product_cat-eau-de-toilette-herr","7":"product_tag-nautica-voyage-edt","8":"pa_brand-nautica","9":"pa_variant-200ml","10":"berocket_brand-nautica","12":"first","13":"outofstock","14":"sale","15":"taxable","16":"shipping-taxable","17":"purchasable","18":"product-type-simple"},"_links":{"self":[{"href":"https:\/\/stylingagenten.com\/sv\/wp-json\/wp\/v2\/product\/20794","targetHints":{"allow":["GET"]}}],"collection":[{"href":"https:\/\/stylingagenten.com\/sv\/wp-json\/wp\/v2\/product"}],"about":[{"href":"https:\/\/stylingagenten.com\/sv\/wp-json\/wp\/v2\/types\/product"}],"replies":[{"embeddable":true,"href":"https:\/\/stylingagenten.com\/sv\/wp-json\/wp\/v2\/comments?post=20794"}],"version-history":[{"count":0,"href":"https:\/\/stylingagenten.com\/sv\/wp-json\/wp\/v2\/product\/20794\/revisions"}],"wp:featuredmedia":[{"embeddable":true,"href":"https:\/\/stylingagenten.com\/sv\/wp-json\/wp\/v2\/media\/20789"}],"wp:attachment":[{"href":"https:\/\/stylingagenten.com\/sv\/wp-json\/wp\/v2\/media?parent=20794"}],"wp:term":[{"taxonomy":"product_brand","embeddable":true,"href":"https:\/\/stylingagenten.com\/sv\/wp-json\/wp\/v2\/product_brand?post=20794"},{"taxonomy":"product_cat","embeddable":true,"href":"https:\/\/stylingagenten.com\/sv\/wp-json\/wp\/v2\/product_cat?post=20794"},{"taxonomy":"product_tag","embeddable":true,"href":"https:\/\/stylingagenten.com\/sv\/wp-json\/wp\/v2\/product_tag?post=20794"},{"taxonomy":"berocket_brand","embeddable":true,"href":"https:\/\/stylingagenten.com\/sv\/wp-json\/wp\/v2\/berocket_brand?post=20794"}],"curies":[{"name":"wp","href":"https:\/\/api.w.org\/{rel}","templated":true}]}}