{"id":20753,"date":"2025-01-27T12:09:53","date_gmt":"2025-01-27T12:09:53","guid":{"rendered":"https:\/\/staging2.stylingagenten.com\/sv\/produkt\/mont-blanc-legend-edt-30ml\/"},"modified":"2026-04-07T23:08:40","modified_gmt":"2026-04-07T23:08:40","slug":"mont-blanc-legend-edt-30ml","status":"publish","type":"product","link":"https:\/\/stylingagenten.com\/sv\/produkt\/mont-blanc-legend-edt-30ml\/","title":{"rendered":"Mont Blanc Legend Edt 30ml"},"content":{"rendered":"<p>Mont Blanc Legend Edt \u00e4r en av v\u00e4rlden mest s\u00e5lda dofter f\u00f6r m\u00e4n och har en frisk k\u00e4nsla av kvalitet och lyx.<\/p>\n<p>Doftnoter: bergamott, litsea, lavendel, ananasblad, jasmin, cedertr\u00e4, pomerose, ros, evernyl, sandeltr\u00e4, ambrofix och tonkab\u00f6na.<\/p>\n","protected":false},"excerpt":{"rendered":"<p>Mont Blanc Legend Edt \u00e4r en av v\u00e4rlden mest s\u00e5lda dofter f\u00f6r m\u00e4n och har en frisk k\u00e4nsla av kvalitet och lyx. Doftnoter: bergamott, litsea, lavendel, ananasblad, jasmin, cedertr\u00e4, pomerose, ros, evernyl, sandeltr\u00e4, ambrofix och tonkab\u00f6na.<\/p>\n","protected":false},"featured_media":20751,"comment_status":"open","ping_status":"closed","template":"","meta":{"_trash_the_other_posts":false},"product_brand":[],"product_cat":[709,735,1000,1006,961],"product_tag":[3700],"berocket_brand":[1079],"class_list":{"0":"post-20753","1":"product","2":"type-product","3":"status-publish","4":"has-post-thumbnail","6":"product_cat-eau-de-toilette-herr","7":"product_cat-kampanj","8":"product_cat-kampanj-for-honom","9":"product_cat-kampanjpris","10":"product_cat-mont-blanc-legend","11":"product_tag-mont-blanc-legend-edt","12":"pa_brand-mont-blanc","13":"pa_variant-30ml","14":"berocket_brand-mont-blanc","16":"first","17":"instock","18":"sale","19":"taxable","20":"shipping-taxable","21":"purchasable","22":"product-type-simple"},"_links":{"self":[{"href":"https:\/\/stylingagenten.com\/sv\/wp-json\/wp\/v2\/product\/20753","targetHints":{"allow":["GET"]}}],"collection":[{"href":"https:\/\/stylingagenten.com\/sv\/wp-json\/wp\/v2\/product"}],"about":[{"href":"https:\/\/stylingagenten.com\/sv\/wp-json\/wp\/v2\/types\/product"}],"replies":[{"embeddable":true,"href":"https:\/\/stylingagenten.com\/sv\/wp-json\/wp\/v2\/comments?post=20753"}],"version-history":[{"count":0,"href":"https:\/\/stylingagenten.com\/sv\/wp-json\/wp\/v2\/product\/20753\/revisions"}],"wp:featuredmedia":[{"embeddable":true,"href":"https:\/\/stylingagenten.com\/sv\/wp-json\/wp\/v2\/media\/20751"}],"wp:attachment":[{"href":"https:\/\/stylingagenten.com\/sv\/wp-json\/wp\/v2\/media?parent=20753"}],"wp:term":[{"taxonomy":"product_brand","embeddable":true,"href":"https:\/\/stylingagenten.com\/sv\/wp-json\/wp\/v2\/product_brand?post=20753"},{"taxonomy":"product_cat","embeddable":true,"href":"https:\/\/stylingagenten.com\/sv\/wp-json\/wp\/v2\/product_cat?post=20753"},{"taxonomy":"product_tag","embeddable":true,"href":"https:\/\/stylingagenten.com\/sv\/wp-json\/wp\/v2\/product_tag?post=20753"},{"taxonomy":"berocket_brand","embeddable":true,"href":"https:\/\/stylingagenten.com\/sv\/wp-json\/wp\/v2\/berocket_brand?post=20753"}],"curies":[{"name":"wp","href":"https:\/\/api.w.org\/{rel}","templated":true}]}}