{"id":20666,"date":"2025-01-27T12:09:40","date_gmt":"2025-01-27T12:09:40","guid":{"rendered":"https:\/\/staging2.stylingagenten.com\/sv\/produkt\/elizabeth-arden-white-tea-cream-deodorant-40ml\/"},"modified":"2026-03-23T08:18:25","modified_gmt":"2026-03-23T08:18:25","slug":"elizabeth-arden-white-tea-cream-deodorant-40ml","status":"publish","type":"product","link":"https:\/\/stylingagenten.com\/sv\/produkt\/elizabeth-arden-white-tea-cream-deodorant-40ml\/","title":{"rendered":"Elizabeth Arden White Tea Cream Deodorant 40ml"},"content":{"rendered":"<p>En h\u00e4rlig kr\u00e4mdeodorant med White Tea som som inneh\u00e5ller krispig och bubblande italiensk mandarin som kompletteras av sensuella noter av salt, svalkande havsbris och som tillsammans transporterar dig till en plats med lyxig njutning.<\/p>\n","protected":false},"excerpt":{"rendered":"<p>En h\u00e4rlig kr\u00e4mdeodorant med White Tea som som inneh\u00e5ller krispig och bubblande italiensk mandarin som kompletteras av sensuella noter av salt, svalkande havsbris och som tillsammans transporterar dig till en plats med lyxig njutning.<\/p>\n","protected":false},"featured_media":20663,"comment_status":"open","ping_status":"closed","template":"","meta":{"_trash_the_other_posts":false},"product_brand":[],"product_cat":[537,841,735,999],"product_tag":[],"berocket_brand":[1303],"class_list":{"0":"post-20666","1":"product","2":"type-product","3":"status-publish","4":"has-post-thumbnail","6":"product_cat-deodorant-dam","7":"product_cat-elizabeth-arden-white-tea","8":"product_cat-kampanj","9":"product_cat-kampanj-for-henne","10":"pa_brand-elizabeth-arden","11":"berocket_brand-elizabeth-arden","13":"first","14":"outofstock","15":"sale","16":"taxable","17":"shipping-taxable","18":"purchasable","19":"product-type-simple"},"_links":{"self":[{"href":"https:\/\/stylingagenten.com\/sv\/wp-json\/wp\/v2\/product\/20666","targetHints":{"allow":["GET"]}}],"collection":[{"href":"https:\/\/stylingagenten.com\/sv\/wp-json\/wp\/v2\/product"}],"about":[{"href":"https:\/\/stylingagenten.com\/sv\/wp-json\/wp\/v2\/types\/product"}],"replies":[{"embeddable":true,"href":"https:\/\/stylingagenten.com\/sv\/wp-json\/wp\/v2\/comments?post=20666"}],"version-history":[{"count":0,"href":"https:\/\/stylingagenten.com\/sv\/wp-json\/wp\/v2\/product\/20666\/revisions"}],"wp:featuredmedia":[{"embeddable":true,"href":"https:\/\/stylingagenten.com\/sv\/wp-json\/wp\/v2\/media\/20663"}],"wp:attachment":[{"href":"https:\/\/stylingagenten.com\/sv\/wp-json\/wp\/v2\/media?parent=20666"}],"wp:term":[{"taxonomy":"product_brand","embeddable":true,"href":"https:\/\/stylingagenten.com\/sv\/wp-json\/wp\/v2\/product_brand?post=20666"},{"taxonomy":"product_cat","embeddable":true,"href":"https:\/\/stylingagenten.com\/sv\/wp-json\/wp\/v2\/product_cat?post=20666"},{"taxonomy":"product_tag","embeddable":true,"href":"https:\/\/stylingagenten.com\/sv\/wp-json\/wp\/v2\/product_tag?post=20666"},{"taxonomy":"berocket_brand","embeddable":true,"href":"https:\/\/stylingagenten.com\/sv\/wp-json\/wp\/v2\/berocket_brand?post=20666"}],"curies":[{"name":"wp","href":"https:\/\/api.w.org\/{rel}","templated":true}]}}