{"id":20582,"date":"2025-01-27T12:09:28","date_gmt":"2025-01-27T12:09:28","guid":{"rendered":"https:\/\/staging2.stylingagenten.com\/sv\/produkt\/artdeco-hot-chili-lip-booster-6ml\/"},"modified":"2026-03-16T04:37:27","modified_gmt":"2026-03-16T04:37:27","slug":"artdeco-hot-chili-lip-booster-6ml","status":"publish","type":"product","link":"https:\/\/stylingagenten.com\/sv\/produkt\/artdeco-hot-chili-lip-booster-6ml\/","title":{"rendered":"Artdeco Hot Chili Lip Booster 6ml"},"content":{"rendered":"<p>G\u00f6r makeuprutinen lite hetare med Hot Chili Lip Booster som ger oemotst\u00e5dlig volym och intensiv glans! Extrakt fr\u00e5n r\u00f6d chili ger rosiga och fylliga l\u00e4ppar, och effekten f\u00f6rst\u00e4rks ytterligare tack vare ljusreflekterande glitterpartiklar.<br \/>\u2022 L\u00e4ppglans som ger volym och intensiv glans<br \/>\u2022 Extrakt fr\u00e5n r\u00f6d chili ger en plumping-effekt<br \/>\u2022 Ljusreflekterande glitterpartiklar<\/p>\n","protected":false},"excerpt":{"rendered":"<p>G\u00f6r makeuprutinen lite hetare med Hot Chili Lip Booster som ger oemotst\u00e5dlig volym och intensiv glans! Extrakt fr\u00e5n r\u00f6d chili ger rosiga och fylliga l\u00e4ppar, och effekten f\u00f6rst\u00e4rks ytterligare tack vare ljusreflekterande glitterpartiklar.\u2022 L\u00e4ppglans som ger volym och intensiv glans\u2022 Extrakt fr\u00e5n r\u00f6d chili ger en plumping-effekt\u2022 Ljusreflekterande glitterpartiklar<\/p>\n","protected":false},"featured_media":20560,"comment_status":"open","ping_status":"closed","template":"","meta":{"_trash_the_other_posts":false},"product_brand":[],"product_cat":[599],"product_tag":[],"berocket_brand":[1385],"class_list":{"0":"post-20582","1":"product","2":"type-product","3":"status-publish","4":"has-post-thumbnail","6":"product_cat-lappglans","7":"pa_brand-artdeco","8":"berocket_brand-artdeco","10":"first","11":"instock","12":"sale","13":"taxable","14":"shipping-taxable","15":"purchasable","16":"product-type-simple"},"_links":{"self":[{"href":"https:\/\/stylingagenten.com\/sv\/wp-json\/wp\/v2\/product\/20582","targetHints":{"allow":["GET"]}}],"collection":[{"href":"https:\/\/stylingagenten.com\/sv\/wp-json\/wp\/v2\/product"}],"about":[{"href":"https:\/\/stylingagenten.com\/sv\/wp-json\/wp\/v2\/types\/product"}],"replies":[{"embeddable":true,"href":"https:\/\/stylingagenten.com\/sv\/wp-json\/wp\/v2\/comments?post=20582"}],"version-history":[{"count":0,"href":"https:\/\/stylingagenten.com\/sv\/wp-json\/wp\/v2\/product\/20582\/revisions"}],"wp:featuredmedia":[{"embeddable":true,"href":"https:\/\/stylingagenten.com\/sv\/wp-json\/wp\/v2\/media\/20560"}],"wp:attachment":[{"href":"https:\/\/stylingagenten.com\/sv\/wp-json\/wp\/v2\/media?parent=20582"}],"wp:term":[{"taxonomy":"product_brand","embeddable":true,"href":"https:\/\/stylingagenten.com\/sv\/wp-json\/wp\/v2\/product_brand?post=20582"},{"taxonomy":"product_cat","embeddable":true,"href":"https:\/\/stylingagenten.com\/sv\/wp-json\/wp\/v2\/product_cat?post=20582"},{"taxonomy":"product_tag","embeddable":true,"href":"https:\/\/stylingagenten.com\/sv\/wp-json\/wp\/v2\/product_tag?post=20582"},{"taxonomy":"berocket_brand","embeddable":true,"href":"https:\/\/stylingagenten.com\/sv\/wp-json\/wp\/v2\/berocket_brand?post=20582"}],"curies":[{"name":"wp","href":"https:\/\/api.w.org\/{rel}","templated":true}]}}