{"id":20545,"date":"2025-01-27T12:09:24","date_gmt":"2025-01-27T12:09:24","guid":{"rendered":"https:\/\/staging2.stylingagenten.com\/sv\/produkt\/artdeco-mineral-powder-foundation-2-natural-beige-15g\/"},"modified":"2026-03-27T08:48:42","modified_gmt":"2026-03-27T08:48:42","slug":"artdeco-mineral-powder-foundation-2-natural-beige-15g","status":"publish","type":"product","link":"https:\/\/stylingagenten.com\/sv\/produkt\/artdeco-mineral-powder-foundation-2-natural-beige-15g\/","title":{"rendered":"Artdeco Mineral Powder Foundation 2 Natural Beige 15g"},"content":{"rendered":"<p>Artdeco Mineral Powder Foundation 2 Natural Beige 15g skapar en sammetslen och naturlig finish med en otrolig t\u00e4ckning som j\u00e4mnar ut huden. Inneh\u00e5ller h\u00f6gkvalitativa mineraler som zink och magnesium och passar alla hudtyper \u2013 fr\u00e5n k\u00e4nslig till oljig. Skyddar dessutom mot UVA- och UVB-str\u00e5lar tack vare titandioxid och zinkoxid.<\/p>\n<p>\u2022 Mineralfoundation med sammetslen och naturlig finish<br \/>\u2022 H\u00f6g t\u00e4ckningsgrad<br \/>\u2022 Passar alla hudtyper<br \/>\u2022 Skyddar mot UVA- och UVB-str\u00e5lar<\/p>\n","protected":false},"excerpt":{"rendered":"<p>Artdeco Mineral Powder Foundation 2 Natural Beige 15g skapar en sammetslen och naturlig finish med en otrolig t\u00e4ckning som j\u00e4mnar ut huden. Inneh\u00e5ller h\u00f6gkvalitativa mineraler som zink och magnesium och passar alla hudtyper \u2013 fr\u00e5n k\u00e4nslig till oljig. Skyddar dessutom mot UVA- och UVB-str\u00e5lar tack vare titandioxid och zinkoxid. \u2022 Mineralfoundation med sammetslen och naturlig [&hellip;]<\/p>\n","protected":false},"featured_media":20531,"comment_status":"open","ping_status":"closed","template":"","meta":{"_trash_the_other_posts":false},"product_brand":[],"product_cat":[718],"product_tag":[2438],"berocket_brand":[1385],"class_list":{"0":"post-20545","1":"product","2":"type-product","3":"status-publish","4":"has-post-thumbnail","6":"product_cat-puderfoundation","7":"product_tag-artdeco-mineral-powder-foundation-15g","8":"pa_brand-artdeco","9":"pa_variant-2-natural-beige","10":"berocket_brand-artdeco","12":"first","13":"instock","14":"sale","15":"taxable","16":"shipping-taxable","17":"purchasable","18":"product-type-simple"},"_links":{"self":[{"href":"https:\/\/stylingagenten.com\/sv\/wp-json\/wp\/v2\/product\/20545","targetHints":{"allow":["GET"]}}],"collection":[{"href":"https:\/\/stylingagenten.com\/sv\/wp-json\/wp\/v2\/product"}],"about":[{"href":"https:\/\/stylingagenten.com\/sv\/wp-json\/wp\/v2\/types\/product"}],"replies":[{"embeddable":true,"href":"https:\/\/stylingagenten.com\/sv\/wp-json\/wp\/v2\/comments?post=20545"}],"version-history":[{"count":0,"href":"https:\/\/stylingagenten.com\/sv\/wp-json\/wp\/v2\/product\/20545\/revisions"}],"wp:featuredmedia":[{"embeddable":true,"href":"https:\/\/stylingagenten.com\/sv\/wp-json\/wp\/v2\/media\/20531"}],"wp:attachment":[{"href":"https:\/\/stylingagenten.com\/sv\/wp-json\/wp\/v2\/media?parent=20545"}],"wp:term":[{"taxonomy":"product_brand","embeddable":true,"href":"https:\/\/stylingagenten.com\/sv\/wp-json\/wp\/v2\/product_brand?post=20545"},{"taxonomy":"product_cat","embeddable":true,"href":"https:\/\/stylingagenten.com\/sv\/wp-json\/wp\/v2\/product_cat?post=20545"},{"taxonomy":"product_tag","embeddable":true,"href":"https:\/\/stylingagenten.com\/sv\/wp-json\/wp\/v2\/product_tag?post=20545"},{"taxonomy":"berocket_brand","embeddable":true,"href":"https:\/\/stylingagenten.com\/sv\/wp-json\/wp\/v2\/berocket_brand?post=20545"}],"curies":[{"name":"wp","href":"https:\/\/api.w.org\/{rel}","templated":true}]}}