{"id":20445,"date":"2025-01-27T12:09:11","date_gmt":"2025-01-27T12:09:11","guid":{"rendered":"https:\/\/staging2.stylingagenten.com\/sv\/produkt\/revlon-style-masters-modular-2-hairspray-500ml\/"},"modified":"2026-04-09T10:28:23","modified_gmt":"2026-04-09T10:28:23","slug":"revlon-style-masters-modular-2-hairspray-500ml","status":"publish","type":"product","link":"https:\/\/stylingagenten.com\/sv\/produkt\/revlon-style-masters-modular-2-hairspray-500ml\/","title":{"rendered":"Revlon Style Masters Modular 2 Hairspray 500ml"},"content":{"rendered":"<p>Snabbtorkande h\u00e5rspray med flexibel stadga. Ger m\u00f6jligheten att kontrollera stadgan fr\u00e5n medel till h\u00f6g, beroende p\u00e5 hur mycket produkt som anv\u00e4nds. Naturlig finish.<\/p>\n","protected":false},"excerpt":{"rendered":"<p>Snabbtorkande h\u00e5rspray med flexibel stadga. Ger m\u00f6jligheten att kontrollera stadgan fr\u00e5n medel till h\u00f6g, beroende p\u00e5 hur mycket produkt som anv\u00e4nds. Naturlig finish.<\/p>\n","protected":false},"featured_media":20438,"comment_status":"open","ping_status":"closed","template":"","meta":{"_trash_the_other_posts":false},"product_brand":[],"product_cat":[576],"product_tag":[],"berocket_brand":[1040],"class_list":{"0":"post-20445","1":"product","2":"type-product","3":"status-publish","4":"has-post-thumbnail","6":"product_cat-harspray","7":"pa_brand-revlon","8":"berocket_brand-revlon","10":"first","11":"instock","12":"sale","13":"taxable","14":"shipping-taxable","15":"purchasable","16":"product-type-simple"},"_links":{"self":[{"href":"https:\/\/stylingagenten.com\/sv\/wp-json\/wp\/v2\/product\/20445","targetHints":{"allow":["GET"]}}],"collection":[{"href":"https:\/\/stylingagenten.com\/sv\/wp-json\/wp\/v2\/product"}],"about":[{"href":"https:\/\/stylingagenten.com\/sv\/wp-json\/wp\/v2\/types\/product"}],"replies":[{"embeddable":true,"href":"https:\/\/stylingagenten.com\/sv\/wp-json\/wp\/v2\/comments?post=20445"}],"version-history":[{"count":0,"href":"https:\/\/stylingagenten.com\/sv\/wp-json\/wp\/v2\/product\/20445\/revisions"}],"wp:featuredmedia":[{"embeddable":true,"href":"https:\/\/stylingagenten.com\/sv\/wp-json\/wp\/v2\/media\/20438"}],"wp:attachment":[{"href":"https:\/\/stylingagenten.com\/sv\/wp-json\/wp\/v2\/media?parent=20445"}],"wp:term":[{"taxonomy":"product_brand","embeddable":true,"href":"https:\/\/stylingagenten.com\/sv\/wp-json\/wp\/v2\/product_brand?post=20445"},{"taxonomy":"product_cat","embeddable":true,"href":"https:\/\/stylingagenten.com\/sv\/wp-json\/wp\/v2\/product_cat?post=20445"},{"taxonomy":"product_tag","embeddable":true,"href":"https:\/\/stylingagenten.com\/sv\/wp-json\/wp\/v2\/product_tag?post=20445"},{"taxonomy":"berocket_brand","embeddable":true,"href":"https:\/\/stylingagenten.com\/sv\/wp-json\/wp\/v2\/berocket_brand?post=20445"}],"curies":[{"name":"wp","href":"https:\/\/api.w.org\/{rel}","templated":true}]}}