{"id":20430,"date":"2025-01-27T12:09:08","date_gmt":"2025-01-27T12:09:08","guid":{"rendered":"https:\/\/staging2.stylingagenten.com\/sv\/produkt\/balmain-dry-shampoo-300ml\/"},"modified":"2026-03-11T22:04:00","modified_gmt":"2026-03-11T22:04:00","slug":"balmain-dry-shampoo-300ml","status":"publish","type":"product","link":"https:\/\/stylingagenten.com\/sv\/produkt\/balmain-dry-shampoo-300ml\/","title":{"rendered":"Balmain Dry Shampoo 300ml"},"content":{"rendered":"<p>Torrschampot fr\u00e5n Balmain Hair Couture \u00e4r speciellt utformat f\u00f6r att omedelbart fr\u00e4scha upp fett, oljigt h\u00e5r. Denna m\u00e5ngsidiga produkt, berikad med signaturblandningen av Argan Elixir och Silk Protein, reng\u00f6r h\u00e5ret samtidigt som det ger volym. Produkten absorberar smuts samtidigt som den l\u00e4mnar h\u00e5ret med en &#8221;nystv\u00e4ttad&#8221; k\u00e4nsla. Den l\u00e4tta formulan lyfter h\u00e5ret fr\u00e5n roten f\u00f6r att skapa det ultimata bak\u00e5tkammade resultatet. Signaturdoften tar bort o\u00f6nskade lukter och l\u00e4mnar h\u00e5ret med en subtil uppfriskande doft.<\/p>\n","protected":false},"excerpt":{"rendered":"<p>Torrschampot fr\u00e5n Balmain Hair Couture \u00e4r speciellt utformat f\u00f6r att omedelbart fr\u00e4scha upp fett, oljigt h\u00e5r. Denna m\u00e5ngsidiga produkt, berikad med signaturblandningen av Argan Elixir och Silk Protein, reng\u00f6r h\u00e5ret samtidigt som det ger volym. Produkten absorberar smuts samtidigt som den l\u00e4mnar h\u00e5ret med en &#8221;nystv\u00e4ttad&#8221; k\u00e4nsla. Den l\u00e4tta formulan lyfter h\u00e5ret fr\u00e5n roten f\u00f6r [&hellip;]<\/p>\n","protected":false},"featured_media":20429,"comment_status":"open","ping_status":"closed","template":"","meta":{"_trash_the_other_posts":false},"product_brand":[],"product_cat":[575],"product_tag":[2455],"berocket_brand":[1144],"class_list":{"0":"post-20430","1":"product","2":"type-product","3":"status-publish","4":"has-post-thumbnail","6":"product_cat-torrschampo","7":"product_tag-balmain-dry-shampoo","8":"pa_brand-balmain","9":"pa_variant-300ml","10":"berocket_brand-balmain","12":"first","13":"instock","14":"sale","15":"taxable","16":"shipping-taxable","17":"purchasable","18":"product-type-simple"},"_links":{"self":[{"href":"https:\/\/stylingagenten.com\/sv\/wp-json\/wp\/v2\/product\/20430","targetHints":{"allow":["GET"]}}],"collection":[{"href":"https:\/\/stylingagenten.com\/sv\/wp-json\/wp\/v2\/product"}],"about":[{"href":"https:\/\/stylingagenten.com\/sv\/wp-json\/wp\/v2\/types\/product"}],"replies":[{"embeddable":true,"href":"https:\/\/stylingagenten.com\/sv\/wp-json\/wp\/v2\/comments?post=20430"}],"version-history":[{"count":0,"href":"https:\/\/stylingagenten.com\/sv\/wp-json\/wp\/v2\/product\/20430\/revisions"}],"wp:featuredmedia":[{"embeddable":true,"href":"https:\/\/stylingagenten.com\/sv\/wp-json\/wp\/v2\/media\/20429"}],"wp:attachment":[{"href":"https:\/\/stylingagenten.com\/sv\/wp-json\/wp\/v2\/media?parent=20430"}],"wp:term":[{"taxonomy":"product_brand","embeddable":true,"href":"https:\/\/stylingagenten.com\/sv\/wp-json\/wp\/v2\/product_brand?post=20430"},{"taxonomy":"product_cat","embeddable":true,"href":"https:\/\/stylingagenten.com\/sv\/wp-json\/wp\/v2\/product_cat?post=20430"},{"taxonomy":"product_tag","embeddable":true,"href":"https:\/\/stylingagenten.com\/sv\/wp-json\/wp\/v2\/product_tag?post=20430"},{"taxonomy":"berocket_brand","embeddable":true,"href":"https:\/\/stylingagenten.com\/sv\/wp-json\/wp\/v2\/berocket_brand?post=20430"}],"curies":[{"name":"wp","href":"https:\/\/api.w.org\/{rel}","templated":true}]}}