{"id":20408,"date":"2025-01-27T12:09:04","date_gmt":"2025-01-27T12:09:04","guid":{"rendered":"https:\/\/staging2.stylingagenten.com\/sv\/produkt\/balmain-silk-perfume-200ml\/"},"modified":"2026-03-23T19:47:24","modified_gmt":"2026-03-23T19:47:24","slug":"balmain-silk-perfume-200ml","status":"publish","type":"product","link":"https:\/\/stylingagenten.com\/sv\/produkt\/balmain-silk-perfume-200ml\/","title":{"rendered":"Balmain Silk Perfume 200ml"},"content":{"rendered":"<p>Speciellt framtagen f\u00f6r att ge ett l\u00e4tt sidenmatt resultat, laddad med ren arganolja. Uppbyggd p\u00e5 v\u00e5rdande silkesproteiner som skyddar, motverkar slitage samt ger ett glansigt resultat. Balmains Silk Perfume \u00e4r en mycket p\u00e5kostad och lyxig h\u00e5rparfym med tydliga basdofter fr\u00e5n Balmains parfymprodukter.<\/p>\n","protected":false},"excerpt":{"rendered":"<p>Speciellt framtagen f\u00f6r att ge ett l\u00e4tt sidenmatt resultat, laddad med ren arganolja. Uppbyggd p\u00e5 v\u00e5rdande silkesproteiner som skyddar, motverkar slitage samt ger ett glansigt resultat. Balmains Silk Perfume \u00e4r en mycket p\u00e5kostad och lyxig h\u00e5rparfym med tydliga basdofter fr\u00e5n Balmains parfymprodukter.<\/p>\n","protected":false},"featured_media":20406,"comment_status":"open","ping_status":"closed","template":"","meta":{"_trash_the_other_posts":false},"product_brand":[],"product_cat":[626],"product_tag":[],"berocket_brand":[1144],"class_list":{"0":"post-20408","1":"product","2":"type-product","3":"status-publish","4":"has-post-thumbnail","6":"product_cat-glansspray","7":"pa_brand-balmain","8":"berocket_brand-balmain","10":"first","11":"instock","12":"sale","13":"taxable","14":"shipping-taxable","15":"purchasable","16":"product-type-simple"},"_links":{"self":[{"href":"https:\/\/stylingagenten.com\/sv\/wp-json\/wp\/v2\/product\/20408","targetHints":{"allow":["GET"]}}],"collection":[{"href":"https:\/\/stylingagenten.com\/sv\/wp-json\/wp\/v2\/product"}],"about":[{"href":"https:\/\/stylingagenten.com\/sv\/wp-json\/wp\/v2\/types\/product"}],"replies":[{"embeddable":true,"href":"https:\/\/stylingagenten.com\/sv\/wp-json\/wp\/v2\/comments?post=20408"}],"version-history":[{"count":0,"href":"https:\/\/stylingagenten.com\/sv\/wp-json\/wp\/v2\/product\/20408\/revisions"}],"wp:featuredmedia":[{"embeddable":true,"href":"https:\/\/stylingagenten.com\/sv\/wp-json\/wp\/v2\/media\/20406"}],"wp:attachment":[{"href":"https:\/\/stylingagenten.com\/sv\/wp-json\/wp\/v2\/media?parent=20408"}],"wp:term":[{"taxonomy":"product_brand","embeddable":true,"href":"https:\/\/stylingagenten.com\/sv\/wp-json\/wp\/v2\/product_brand?post=20408"},{"taxonomy":"product_cat","embeddable":true,"href":"https:\/\/stylingagenten.com\/sv\/wp-json\/wp\/v2\/product_cat?post=20408"},{"taxonomy":"product_tag","embeddable":true,"href":"https:\/\/stylingagenten.com\/sv\/wp-json\/wp\/v2\/product_tag?post=20408"},{"taxonomy":"berocket_brand","embeddable":true,"href":"https:\/\/stylingagenten.com\/sv\/wp-json\/wp\/v2\/berocket_brand?post=20408"}],"curies":[{"name":"wp","href":"https:\/\/api.w.org\/{rel}","templated":true}]}}