{"id":20398,"date":"2025-01-27T12:09:03","date_gmt":"2025-01-27T12:09:03","guid":{"rendered":"https:\/\/staging2.stylingagenten.com\/sv\/produkt\/balmain-texturizing-volume-spray-200ml\/"},"modified":"2025-12-18T21:31:06","modified_gmt":"2025-12-18T21:31:06","slug":"balmain-texturizing-volume-spray-200ml","status":"publish","type":"product","link":"https:\/\/stylingagenten.com\/sv\/produkt\/balmain-texturizing-volume-spray-200ml\/","title":{"rendered":"Balmain Texturizing Volume Spray 200ml"},"content":{"rendered":"<p>Texture Volume Spray \u00e4r en m\u00e5ngsidig spray som ger omedelbar root lift med ett starkt f\u00e4ste f\u00f6r ultimat volym. Produkten l\u00e4gger l\u00e5ngvarig volym, definition och textur till h\u00e5ret inom n\u00e5gra minuter. Det ger nytt liv \u00e5t h\u00e5ret och resultatet syns direkt. Det hemliga vapnet f\u00f6r extra volym!<\/p>\n","protected":false},"excerpt":{"rendered":"<p>Texture Volume Spray \u00e4r en m\u00e5ngsidig spray som ger omedelbar root lift med ett starkt f\u00e4ste f\u00f6r ultimat volym. Produkten l\u00e4gger l\u00e5ngvarig volym, definition och textur till h\u00e5ret inom n\u00e5gra minuter. Det ger nytt liv \u00e5t h\u00e5ret och resultatet syns direkt. Det hemliga vapnet f\u00f6r extra volym!<\/p>\n","protected":false},"featured_media":20397,"comment_status":"open","ping_status":"closed","template":"","meta":{"_trash_the_other_posts":false},"product_brand":[],"product_cat":[576],"product_tag":[2462],"berocket_brand":[1144],"class_list":{"0":"post-20398","1":"product","2":"type-product","3":"status-publish","4":"has-post-thumbnail","6":"product_cat-harspray","7":"product_tag-balmain-texturizing-volume-spray","8":"pa_brand-balmain","9":"pa_variant-200ml","10":"berocket_brand-balmain","12":"first","13":"outofstock","14":"sale","15":"taxable","16":"shipping-taxable","17":"purchasable","18":"product-type-simple"},"_links":{"self":[{"href":"https:\/\/stylingagenten.com\/sv\/wp-json\/wp\/v2\/product\/20398","targetHints":{"allow":["GET"]}}],"collection":[{"href":"https:\/\/stylingagenten.com\/sv\/wp-json\/wp\/v2\/product"}],"about":[{"href":"https:\/\/stylingagenten.com\/sv\/wp-json\/wp\/v2\/types\/product"}],"replies":[{"embeddable":true,"href":"https:\/\/stylingagenten.com\/sv\/wp-json\/wp\/v2\/comments?post=20398"}],"version-history":[{"count":0,"href":"https:\/\/stylingagenten.com\/sv\/wp-json\/wp\/v2\/product\/20398\/revisions"}],"wp:featuredmedia":[{"embeddable":true,"href":"https:\/\/stylingagenten.com\/sv\/wp-json\/wp\/v2\/media\/20397"}],"wp:attachment":[{"href":"https:\/\/stylingagenten.com\/sv\/wp-json\/wp\/v2\/media?parent=20398"}],"wp:term":[{"taxonomy":"product_brand","embeddable":true,"href":"https:\/\/stylingagenten.com\/sv\/wp-json\/wp\/v2\/product_brand?post=20398"},{"taxonomy":"product_cat","embeddable":true,"href":"https:\/\/stylingagenten.com\/sv\/wp-json\/wp\/v2\/product_cat?post=20398"},{"taxonomy":"product_tag","embeddable":true,"href":"https:\/\/stylingagenten.com\/sv\/wp-json\/wp\/v2\/product_tag?post=20398"},{"taxonomy":"berocket_brand","embeddable":true,"href":"https:\/\/stylingagenten.com\/sv\/wp-json\/wp\/v2\/berocket_brand?post=20398"}],"curies":[{"name":"wp","href":"https:\/\/api.w.org\/{rel}","templated":true}]}}