{"id":20396,"date":"2025-01-27T12:09:02","date_gmt":"2025-01-27T12:09:02","guid":{"rendered":"https:\/\/staging2.stylingagenten.com\/sv\/produkt\/balmain-volume-mousse-strong-300ml\/"},"modified":"2026-03-16T11:07:53","modified_gmt":"2026-03-16T11:07:53","slug":"balmain-volume-mousse-strong-300ml","status":"publish","type":"product","link":"https:\/\/stylingagenten.com\/sv\/produkt\/balmain-volume-mousse-strong-300ml\/","title":{"rendered":"Balmain Volume Mousse Strong 300ml"},"content":{"rendered":"<p>Balmain Volume Mousse Strong<br \/>Flexibel volym styling mousse, ger volym och v\u00e5rdar, reparerar skadat h\u00e5r och skyddar h\u00e5ret mot yttre p\u00e5verkan. Anti statiskt. Anv\u00e4nds f\u00f6r att f\u00e5 en l\u00e5ngvarig, och f\u00e5 den b\u00e4sta h\u00e5llbarheten.<\/p>\n<p>Anv\u00e4ndning:<br \/>Applicera mousse i handen, f\u00f6rdela ut i i fuktigt h\u00e5r, sj\u00e4lvtorka eller f\u00f6na och styla efter \u00f6nskem\u00e5l.<\/p>\n","protected":false},"excerpt":{"rendered":"<p>Balmain Volume Mousse StrongFlexibel volym styling mousse, ger volym och v\u00e5rdar, reparerar skadat h\u00e5r och skyddar h\u00e5ret mot yttre p\u00e5verkan. Anti statiskt. Anv\u00e4nds f\u00f6r att f\u00e5 en l\u00e5ngvarig, och f\u00e5 den b\u00e4sta h\u00e5llbarheten. Anv\u00e4ndning:Applicera mousse i handen, f\u00f6rdela ut i i fuktigt h\u00e5r, sj\u00e4lvtorka eller f\u00f6na och styla efter \u00f6nskem\u00e5l.<\/p>\n","protected":false},"featured_media":20391,"comment_status":"open","ping_status":"closed","template":"","meta":{"_trash_the_other_posts":false},"product_brand":[],"product_cat":[595],"product_tag":[],"berocket_brand":[1144],"class_list":{"0":"post-20396","1":"product","2":"type-product","3":"status-publish","4":"has-post-thumbnail","6":"product_cat-harmousse","7":"pa_brand-balmain","8":"berocket_brand-balmain","10":"first","11":"outofstock","12":"sale","13":"taxable","14":"shipping-taxable","15":"purchasable","16":"product-type-simple"},"_links":{"self":[{"href":"https:\/\/stylingagenten.com\/sv\/wp-json\/wp\/v2\/product\/20396","targetHints":{"allow":["GET"]}}],"collection":[{"href":"https:\/\/stylingagenten.com\/sv\/wp-json\/wp\/v2\/product"}],"about":[{"href":"https:\/\/stylingagenten.com\/sv\/wp-json\/wp\/v2\/types\/product"}],"replies":[{"embeddable":true,"href":"https:\/\/stylingagenten.com\/sv\/wp-json\/wp\/v2\/comments?post=20396"}],"version-history":[{"count":0,"href":"https:\/\/stylingagenten.com\/sv\/wp-json\/wp\/v2\/product\/20396\/revisions"}],"wp:featuredmedia":[{"embeddable":true,"href":"https:\/\/stylingagenten.com\/sv\/wp-json\/wp\/v2\/media\/20391"}],"wp:attachment":[{"href":"https:\/\/stylingagenten.com\/sv\/wp-json\/wp\/v2\/media?parent=20396"}],"wp:term":[{"taxonomy":"product_brand","embeddable":true,"href":"https:\/\/stylingagenten.com\/sv\/wp-json\/wp\/v2\/product_brand?post=20396"},{"taxonomy":"product_cat","embeddable":true,"href":"https:\/\/stylingagenten.com\/sv\/wp-json\/wp\/v2\/product_cat?post=20396"},{"taxonomy":"product_tag","embeddable":true,"href":"https:\/\/stylingagenten.com\/sv\/wp-json\/wp\/v2\/product_tag?post=20396"},{"taxonomy":"berocket_brand","embeddable":true,"href":"https:\/\/stylingagenten.com\/sv\/wp-json\/wp\/v2\/berocket_brand?post=20396"}],"curies":[{"name":"wp","href":"https:\/\/api.w.org\/{rel}","templated":true}]}}