{"id":20381,"date":"2025-01-27T12:09:00","date_gmt":"2025-01-27T12:09:00","guid":{"rendered":"https:\/\/staging2.stylingagenten.com\/sv\/produkt\/balmain-moisturizing-conditioner-300ml\/"},"modified":"2026-03-11T22:04:01","modified_gmt":"2026-03-11T22:04:01","slug":"balmain-moisturizing-conditioner-300ml","status":"publish","type":"product","link":"https:\/\/stylingagenten.com\/sv\/produkt\/balmain-moisturizing-conditioner-300ml\/","title":{"rendered":"Balmain Moisturizing Conditioner 300ml"},"content":{"rendered":"<p>Balmain Moisturizing Conditioner <\/p>\n<p>N\u00e4ringsberikande och fuktighetsgivande balsam, berikat med ren ekologisk arganolja. Reparerar, st\u00e4rker och skyddar h\u00e5ret, skyddar h\u00e5r f\u00e4rg mot v\u00e4rme, har UV-skyddsfilter.<\/p>\n","protected":false},"excerpt":{"rendered":"<p>Balmain Moisturizing Conditioner N\u00e4ringsberikande och fuktighetsgivande balsam, berikat med ren ekologisk arganolja. Reparerar, st\u00e4rker och skyddar h\u00e5ret, skyddar h\u00e5r f\u00e4rg mot v\u00e4rme, har UV-skyddsfilter.<\/p>\n","protected":false},"featured_media":20380,"comment_status":"open","ping_status":"closed","template":"","meta":{"_trash_the_other_posts":false},"product_brand":[],"product_cat":[587],"product_tag":[2458],"berocket_brand":[1144],"class_list":{"0":"post-20381","1":"product","2":"type-product","3":"status-publish","4":"has-post-thumbnail","6":"product_cat-balsam","7":"product_tag-balmain-moisturizing-conditioner","8":"pa_brand-balmain","9":"pa_variant-300ml","10":"berocket_brand-balmain","12":"first","13":"instock","14":"sale","15":"taxable","16":"shipping-taxable","17":"purchasable","18":"product-type-simple"},"_links":{"self":[{"href":"https:\/\/stylingagenten.com\/sv\/wp-json\/wp\/v2\/product\/20381","targetHints":{"allow":["GET"]}}],"collection":[{"href":"https:\/\/stylingagenten.com\/sv\/wp-json\/wp\/v2\/product"}],"about":[{"href":"https:\/\/stylingagenten.com\/sv\/wp-json\/wp\/v2\/types\/product"}],"replies":[{"embeddable":true,"href":"https:\/\/stylingagenten.com\/sv\/wp-json\/wp\/v2\/comments?post=20381"}],"version-history":[{"count":0,"href":"https:\/\/stylingagenten.com\/sv\/wp-json\/wp\/v2\/product\/20381\/revisions"}],"wp:featuredmedia":[{"embeddable":true,"href":"https:\/\/stylingagenten.com\/sv\/wp-json\/wp\/v2\/media\/20380"}],"wp:attachment":[{"href":"https:\/\/stylingagenten.com\/sv\/wp-json\/wp\/v2\/media?parent=20381"}],"wp:term":[{"taxonomy":"product_brand","embeddable":true,"href":"https:\/\/stylingagenten.com\/sv\/wp-json\/wp\/v2\/product_brand?post=20381"},{"taxonomy":"product_cat","embeddable":true,"href":"https:\/\/stylingagenten.com\/sv\/wp-json\/wp\/v2\/product_cat?post=20381"},{"taxonomy":"product_tag","embeddable":true,"href":"https:\/\/stylingagenten.com\/sv\/wp-json\/wp\/v2\/product_tag?post=20381"},{"taxonomy":"berocket_brand","embeddable":true,"href":"https:\/\/stylingagenten.com\/sv\/wp-json\/wp\/v2\/berocket_brand?post=20381"}],"curies":[{"name":"wp","href":"https:\/\/api.w.org\/{rel}","templated":true}]}}