{"id":20288,"date":"2025-01-27T12:08:44","date_gmt":"2025-01-27T12:08:44","guid":{"rendered":"https:\/\/staging2.stylingagenten.com\/sv\/produkt\/orofluido-radiance-argan-mask-250ml\/"},"modified":"2026-03-29T17:38:29","modified_gmt":"2026-03-29T17:38:29","slug":"orofluido-radiance-argan-mask-250ml","status":"publish","type":"product","link":"https:\/\/stylingagenten.com\/sv\/produkt\/orofluido-radiance-argan-mask-250ml\/","title":{"rendered":"Orofluido Radiance Argan Mask 250ml"},"content":{"rendered":"<p>Revlon Orofluido Radiance Argan Mask \u00e4r en reparerande h\u00e5rmask som ger h\u00e5ret en frisk och gl\u00e4nsande look . H\u00e5rmasken tr\u00e4nger djupt in i h\u00e5rfibrerna, med sina intensiva \u00e5terfuktande och \u00e5terst\u00e4llande egenskaper, och v\u00e5rdar, mjukar upp och j\u00e4mnar ut h\u00e5ret, samt f\u00f6rhindrar kluvna toppar .<\/p>\n<p>Dessutom \u00e4r Revlon Orofluido Radiance Argan Mask berikad med kallpressad arganolja, som har en st\u00e4rkande effekt och l\u00e4mnar h\u00e5ret silkesmjukt .<\/p>\n<p>H\u00e5rmasken har en fantastisk, delikat doft av Orofluidos signaturdoft, som tar dig in i ett fascinerande orientaliskt doftuniversum.<\/p>\n","protected":false},"excerpt":{"rendered":"<p>Revlon Orofluido Radiance Argan Mask \u00e4r en reparerande h\u00e5rmask som ger h\u00e5ret en frisk och gl\u00e4nsande look . H\u00e5rmasken tr\u00e4nger djupt in i h\u00e5rfibrerna, med sina intensiva \u00e5terfuktande och \u00e5terst\u00e4llande egenskaper, och v\u00e5rdar, mjukar upp och j\u00e4mnar ut h\u00e5ret, samt f\u00f6rhindrar kluvna toppar . Dessutom \u00e4r Revlon Orofluido Radiance Argan Mask berikad med kallpressad arganolja, [&hellip;]<\/p>\n","protected":false},"featured_media":20287,"comment_status":"open","ping_status":"closed","template":"","meta":{"_trash_the_other_posts":false},"product_brand":[],"product_cat":[620],"product_tag":[3863],"berocket_brand":[1045,1040],"class_list":{"0":"post-20288","1":"product","2":"type-product","3":"status-publish","4":"has-post-thumbnail","6":"product_cat-harinpackning","7":"product_tag-orofluido-radiance-argan-mask","8":"pa_brand-orofluido","9":"pa_variant-250ml","10":"berocket_brand-orofluido","11":"berocket_brand-revlon","13":"first","14":"instock","15":"sale","16":"taxable","17":"shipping-taxable","18":"purchasable","19":"product-type-simple"},"_links":{"self":[{"href":"https:\/\/stylingagenten.com\/sv\/wp-json\/wp\/v2\/product\/20288","targetHints":{"allow":["GET"]}}],"collection":[{"href":"https:\/\/stylingagenten.com\/sv\/wp-json\/wp\/v2\/product"}],"about":[{"href":"https:\/\/stylingagenten.com\/sv\/wp-json\/wp\/v2\/types\/product"}],"replies":[{"embeddable":true,"href":"https:\/\/stylingagenten.com\/sv\/wp-json\/wp\/v2\/comments?post=20288"}],"version-history":[{"count":0,"href":"https:\/\/stylingagenten.com\/sv\/wp-json\/wp\/v2\/product\/20288\/revisions"}],"wp:featuredmedia":[{"embeddable":true,"href":"https:\/\/stylingagenten.com\/sv\/wp-json\/wp\/v2\/media\/20287"}],"wp:attachment":[{"href":"https:\/\/stylingagenten.com\/sv\/wp-json\/wp\/v2\/media?parent=20288"}],"wp:term":[{"taxonomy":"product_brand","embeddable":true,"href":"https:\/\/stylingagenten.com\/sv\/wp-json\/wp\/v2\/product_brand?post=20288"},{"taxonomy":"product_cat","embeddable":true,"href":"https:\/\/stylingagenten.com\/sv\/wp-json\/wp\/v2\/product_cat?post=20288"},{"taxonomy":"product_tag","embeddable":true,"href":"https:\/\/stylingagenten.com\/sv\/wp-json\/wp\/v2\/product_tag?post=20288"},{"taxonomy":"berocket_brand","embeddable":true,"href":"https:\/\/stylingagenten.com\/sv\/wp-json\/wp\/v2\/berocket_brand?post=20288"}],"curies":[{"name":"wp","href":"https:\/\/api.w.org\/{rel}","templated":true}]}}