{"id":20227,"date":"2025-01-27T12:08:32","date_gmt":"2025-01-27T12:08:32","guid":{"rendered":"https:\/\/staging2.stylingagenten.com\/sv\/produkt\/moschino-cheap-and-chic-chic-petals-edt-30ml\/"},"modified":"2025-11-18T14:09:00","modified_gmt":"2025-11-18T14:09:00","slug":"moschino-cheap-and-chic-chic-petals-edt-30ml","status":"publish","type":"product","link":"https:\/\/stylingagenten.com\/sv\/produkt\/moschino-cheap-and-chic-chic-petals-edt-30ml\/","title":{"rendered":"Moschino Cheap And Chic Chic Petals Edt 30ml"},"content":{"rendered":"<p>Moschino Cheap And Chic Chic Petals lanserades 2013 och \u00e4r en klar blommig doft med en fruktig underton. <\/p>\n<p><strong>Doftnoter: <\/strong>smultron, granat\u00e4pple, r\u00f6d orkid\u00e9, r\u00f6d ingef\u00e4ra, gardenia, n\u00e4ckros, mysk, hinoki-tr\u00e4 &amp; italiensk iris.<\/p>\n","protected":false},"excerpt":{"rendered":"<p>Moschino Cheap And Chic Chic Petals lanserades 2013 och \u00e4r en klar blommig doft med en fruktig underton. Doftnoter: smultron, granat\u00e4pple, r\u00f6d orkid\u00e9, r\u00f6d ingef\u00e4ra, gardenia, n\u00e4ckros, mysk, hinoki-tr\u00e4 &amp; italiensk iris.<\/p>\n","protected":false},"featured_media":20224,"comment_status":"open","ping_status":"closed","template":"","meta":{"_trash_the_other_posts":false},"product_brand":[],"product_cat":[707,962],"product_tag":[3738],"berocket_brand":[1084],"class_list":{"0":"post-20227","1":"product","2":"type-product","3":"status-publish","4":"has-post-thumbnail","6":"product_cat-eau-de-toilette-dam","7":"product_cat-moschino-cheap-and-chic","8":"product_tag-moschino-cheap-and-chic-chic-petals-edt","9":"pa_brand-moschino","10":"pa_variant-30ml","11":"berocket_brand-moschino","13":"first","14":"outofstock","15":"sale","16":"taxable","17":"shipping-taxable","18":"purchasable","19":"product-type-simple"},"_links":{"self":[{"href":"https:\/\/stylingagenten.com\/sv\/wp-json\/wp\/v2\/product\/20227","targetHints":{"allow":["GET"]}}],"collection":[{"href":"https:\/\/stylingagenten.com\/sv\/wp-json\/wp\/v2\/product"}],"about":[{"href":"https:\/\/stylingagenten.com\/sv\/wp-json\/wp\/v2\/types\/product"}],"replies":[{"embeddable":true,"href":"https:\/\/stylingagenten.com\/sv\/wp-json\/wp\/v2\/comments?post=20227"}],"version-history":[{"count":0,"href":"https:\/\/stylingagenten.com\/sv\/wp-json\/wp\/v2\/product\/20227\/revisions"}],"wp:featuredmedia":[{"embeddable":true,"href":"https:\/\/stylingagenten.com\/sv\/wp-json\/wp\/v2\/media\/20224"}],"wp:attachment":[{"href":"https:\/\/stylingagenten.com\/sv\/wp-json\/wp\/v2\/media?parent=20227"}],"wp:term":[{"taxonomy":"product_brand","embeddable":true,"href":"https:\/\/stylingagenten.com\/sv\/wp-json\/wp\/v2\/product_brand?post=20227"},{"taxonomy":"product_cat","embeddable":true,"href":"https:\/\/stylingagenten.com\/sv\/wp-json\/wp\/v2\/product_cat?post=20227"},{"taxonomy":"product_tag","embeddable":true,"href":"https:\/\/stylingagenten.com\/sv\/wp-json\/wp\/v2\/product_tag?post=20227"},{"taxonomy":"berocket_brand","embeddable":true,"href":"https:\/\/stylingagenten.com\/sv\/wp-json\/wp\/v2\/berocket_brand?post=20227"}],"curies":[{"name":"wp","href":"https:\/\/api.w.org\/{rel}","templated":true}]}}