{"id":20226,"date":"2025-01-27T12:08:32","date_gmt":"2025-01-27T12:08:32","guid":{"rendered":"https:\/\/staging2.stylingagenten.com\/sv\/produkt\/moschino-pink-bouquet-edt-100ml\/"},"modified":"2026-03-26T18:25:17","modified_gmt":"2026-03-26T18:25:17","slug":"moschino-pink-bouquet-edt-100ml","status":"publish","type":"product","link":"https:\/\/stylingagenten.com\/sv\/produkt\/moschino-pink-bouquet-edt-100ml\/","title":{"rendered":"Moschino Pink Bouquet Edt 100ml"},"content":{"rendered":"<p>Moschino Pink Bouquet \u00e4r en \u00f6verraskande och lekfull doft som p\u00e5minner om ungdomens livliga och problemfria dagar. Den kommer i en flaska i romantikens tecken som \u00e4r utformad som ett litet hj\u00e4rta.<\/p>\n<p><strong>Doftnoter: <\/strong>ananassorbet, bergamott, hallon, liljekonvalj, jasmin, pionblad, viol, mysk, pepparkaka &amp; persika.<\/p>\n","protected":false},"excerpt":{"rendered":"<p>Moschino Pink Bouquet \u00e4r en \u00f6verraskande och lekfull doft som p\u00e5minner om ungdomens livliga och problemfria dagar. Den kommer i en flaska i romantikens tecken som \u00e4r utformad som ett litet hj\u00e4rta. Doftnoter: ananassorbet, bergamott, hallon, liljekonvalj, jasmin, pionblad, viol, mysk, pepparkaka &amp; persika.<\/p>\n","protected":false},"featured_media":20222,"comment_status":"open","ping_status":"closed","template":"","meta":{"_trash_the_other_posts":false},"product_brand":[],"product_cat":[707,735,999,1006,963],"product_tag":[],"berocket_brand":[1084],"class_list":{"0":"post-20226","1":"product","2":"type-product","3":"status-publish","4":"has-post-thumbnail","6":"product_cat-eau-de-toilette-dam","7":"product_cat-kampanj","8":"product_cat-kampanj-for-henne","9":"product_cat-kampanjpris","10":"product_cat-moschino-pink-bouquet","11":"pa_brand-moschino","12":"berocket_brand-moschino","14":"first","15":"instock","16":"sale","17":"taxable","18":"shipping-taxable","19":"purchasable","20":"product-type-simple"},"_links":{"self":[{"href":"https:\/\/stylingagenten.com\/sv\/wp-json\/wp\/v2\/product\/20226","targetHints":{"allow":["GET"]}}],"collection":[{"href":"https:\/\/stylingagenten.com\/sv\/wp-json\/wp\/v2\/product"}],"about":[{"href":"https:\/\/stylingagenten.com\/sv\/wp-json\/wp\/v2\/types\/product"}],"replies":[{"embeddable":true,"href":"https:\/\/stylingagenten.com\/sv\/wp-json\/wp\/v2\/comments?post=20226"}],"version-history":[{"count":0,"href":"https:\/\/stylingagenten.com\/sv\/wp-json\/wp\/v2\/product\/20226\/revisions"}],"wp:featuredmedia":[{"embeddable":true,"href":"https:\/\/stylingagenten.com\/sv\/wp-json\/wp\/v2\/media\/20222"}],"wp:attachment":[{"href":"https:\/\/stylingagenten.com\/sv\/wp-json\/wp\/v2\/media?parent=20226"}],"wp:term":[{"taxonomy":"product_brand","embeddable":true,"href":"https:\/\/stylingagenten.com\/sv\/wp-json\/wp\/v2\/product_brand?post=20226"},{"taxonomy":"product_cat","embeddable":true,"href":"https:\/\/stylingagenten.com\/sv\/wp-json\/wp\/v2\/product_cat?post=20226"},{"taxonomy":"product_tag","embeddable":true,"href":"https:\/\/stylingagenten.com\/sv\/wp-json\/wp\/v2\/product_tag?post=20226"},{"taxonomy":"berocket_brand","embeddable":true,"href":"https:\/\/stylingagenten.com\/sv\/wp-json\/wp\/v2\/berocket_brand?post=20226"}],"curies":[{"name":"wp","href":"https:\/\/api.w.org\/{rel}","templated":true}]}}