{"id":20140,"date":"2025-01-27T12:08:17","date_gmt":"2025-01-27T12:08:17","guid":{"rendered":"https:\/\/staging2.stylingagenten.com\/sv\/produkt\/maria-nila-pure-volume-booster-masque-50ml\/"},"modified":"2026-03-11T21:44:37","modified_gmt":"2026-03-11T21:44:37","slug":"maria-nila-pure-volume-booster-masque-50ml","status":"publish","type":"product","link":"https:\/\/stylingagenten.com\/sv\/produkt\/maria-nila-pure-volume-booster-masque-50ml\/","title":{"rendered":"Maria Nila Pure Volume Booster Masque 50ml"},"content":{"rendered":"<p>Djupt n\u00e4rande avslutande behandling med granat\u00e4ppleextrakt som g\u00f6r ditt h\u00e5r mjukt, gl\u00e4nsande och skyddar f\u00e4rgat h\u00e5r p\u00e5 bara 3 minuter. Ers\u00e4tter b\u00e5de h\u00e5rmask och balsam. Luminous Colour har en fr\u00e4sch doft av \u00e4pple, bj\u00f6rnb\u00e4r och persika.<\/p>\n<p>\u00c5terfuktande och ger glans<br \/>Snabbverkande<br \/>Ers\u00e4tter balsam &amp; h\u00e5rinpackning <br \/>10 g\u00e5nger mer aktiva ingredienser \u00e4n v\u00e5ra h\u00e5rinpackningar<br \/>50% mer doft \u00e4n v\u00e5ra h\u00e5rinpackningar<\/p>\n","protected":false},"excerpt":{"rendered":"<p>Djupt n\u00e4rande avslutande behandling med granat\u00e4ppleextrakt som g\u00f6r ditt h\u00e5r mjukt, gl\u00e4nsande och skyddar f\u00e4rgat h\u00e5r p\u00e5 bara 3 minuter. Ers\u00e4tter b\u00e5de h\u00e5rmask och balsam. Luminous Colour har en fr\u00e4sch doft av \u00e4pple, bj\u00f6rnb\u00e4r och persika. \u00c5terfuktande och ger glansSnabbverkandeErs\u00e4tter balsam &amp; h\u00e5rinpackning 10 g\u00e5nger mer aktiva ingredienser \u00e4n v\u00e5ra h\u00e5rinpackningar50% mer doft \u00e4n v\u00e5ra [&hellip;]<\/p>\n","protected":false},"featured_media":20126,"comment_status":"open","ping_status":"closed","template":"","meta":{"_trash_the_other_posts":false},"product_brand":[],"product_cat":[620],"product_tag":[],"berocket_brand":[1388],"class_list":{"0":"post-20140","1":"product","2":"type-product","3":"status-publish","4":"has-post-thumbnail","6":"product_cat-harinpackning","7":"pa_brand-maria-nila","8":"berocket_brand-maria-nila","10":"first","11":"instock","12":"taxable","13":"shipping-taxable","14":"purchasable","15":"product-type-simple"},"_links":{"self":[{"href":"https:\/\/stylingagenten.com\/sv\/wp-json\/wp\/v2\/product\/20140","targetHints":{"allow":["GET"]}}],"collection":[{"href":"https:\/\/stylingagenten.com\/sv\/wp-json\/wp\/v2\/product"}],"about":[{"href":"https:\/\/stylingagenten.com\/sv\/wp-json\/wp\/v2\/types\/product"}],"replies":[{"embeddable":true,"href":"https:\/\/stylingagenten.com\/sv\/wp-json\/wp\/v2\/comments?post=20140"}],"version-history":[{"count":0,"href":"https:\/\/stylingagenten.com\/sv\/wp-json\/wp\/v2\/product\/20140\/revisions"}],"wp:featuredmedia":[{"embeddable":true,"href":"https:\/\/stylingagenten.com\/sv\/wp-json\/wp\/v2\/media\/20126"}],"wp:attachment":[{"href":"https:\/\/stylingagenten.com\/sv\/wp-json\/wp\/v2\/media?parent=20140"}],"wp:term":[{"taxonomy":"product_brand","embeddable":true,"href":"https:\/\/stylingagenten.com\/sv\/wp-json\/wp\/v2\/product_brand?post=20140"},{"taxonomy":"product_cat","embeddable":true,"href":"https:\/\/stylingagenten.com\/sv\/wp-json\/wp\/v2\/product_cat?post=20140"},{"taxonomy":"product_tag","embeddable":true,"href":"https:\/\/stylingagenten.com\/sv\/wp-json\/wp\/v2\/product_tag?post=20140"},{"taxonomy":"berocket_brand","embeddable":true,"href":"https:\/\/stylingagenten.com\/sv\/wp-json\/wp\/v2\/berocket_brand?post=20140"}],"curies":[{"name":"wp","href":"https:\/\/api.w.org\/{rel}","templated":true}]}}