{"id":20139,"date":"2025-01-27T12:08:17","date_gmt":"2025-01-27T12:08:17","guid":{"rendered":"https:\/\/staging2.stylingagenten.com\/sv\/produkt\/maria-nila-luminous-colour-shampoo-1000ml\/"},"modified":"2026-03-25T11:38:29","modified_gmt":"2026-03-25T11:38:29","slug":"maria-nila-luminous-colour-shampoo-1000ml","status":"publish","type":"product","link":"https:\/\/stylingagenten.com\/sv\/produkt\/maria-nila-luminous-colour-shampoo-1000ml\/","title":{"rendered":"Maria Nila Luminous Colour Shampoo 1000ml"},"content":{"rendered":"<p>Ett f\u00e4rgbevarande schampo med \u00e5terfuktande granat\u00e4ppleextrakt och Colour Guard Complex som st\u00e4rker h\u00e5ret och bevarar din h\u00e5rf\u00e4rg samtidigt som det tillf\u00f6r lyster och glans. Luminous Colour Shampoo har en fruktig doft av \u00e4pple, bj\u00f6rnb\u00e4r och persika.<\/p>\n<p>Ger lyster och glans<br \/>\u00c5terfuktande granat\u00e4ppleextrakt<br \/>F\u00e4rgbevarande<br \/>100% veganskt &amp; animal friendly<br \/>Klimatkompenserad f\u00f6rpackning<\/p>\n","protected":false},"excerpt":{"rendered":"<p>Ett f\u00e4rgbevarande schampo med \u00e5terfuktande granat\u00e4ppleextrakt och Colour Guard Complex som st\u00e4rker h\u00e5ret och bevarar din h\u00e5rf\u00e4rg samtidigt som det tillf\u00f6r lyster och glans. Luminous Colour Shampoo har en fruktig doft av \u00e4pple, bj\u00f6rnb\u00e4r och persika. Ger lyster och glans\u00c5terfuktande granat\u00e4ppleextraktF\u00e4rgbevarande100% veganskt &amp; animal friendlyKlimatkompenserad f\u00f6rpackning<\/p>\n","protected":false},"featured_media":20133,"comment_status":"open","ping_status":"closed","template":"","meta":{"_trash_the_other_posts":false},"product_brand":[],"product_cat":[563],"product_tag":[3522],"berocket_brand":[1388],"class_list":{"0":"post-20139","1":"product","2":"type-product","3":"status-publish","4":"has-post-thumbnail","6":"product_cat-schampo","7":"product_tag-maria-nila-luminous-colour-shampoo","8":"pa_brand-maria-nila","9":"pa_variant-1000ml","10":"berocket_brand-maria-nila","12":"first","13":"instock","14":"taxable","15":"shipping-taxable","16":"purchasable","17":"product-type-simple"},"_links":{"self":[{"href":"https:\/\/stylingagenten.com\/sv\/wp-json\/wp\/v2\/product\/20139","targetHints":{"allow":["GET"]}}],"collection":[{"href":"https:\/\/stylingagenten.com\/sv\/wp-json\/wp\/v2\/product"}],"about":[{"href":"https:\/\/stylingagenten.com\/sv\/wp-json\/wp\/v2\/types\/product"}],"replies":[{"embeddable":true,"href":"https:\/\/stylingagenten.com\/sv\/wp-json\/wp\/v2\/comments?post=20139"}],"version-history":[{"count":0,"href":"https:\/\/stylingagenten.com\/sv\/wp-json\/wp\/v2\/product\/20139\/revisions"}],"wp:featuredmedia":[{"embeddable":true,"href":"https:\/\/stylingagenten.com\/sv\/wp-json\/wp\/v2\/media\/20133"}],"wp:attachment":[{"href":"https:\/\/stylingagenten.com\/sv\/wp-json\/wp\/v2\/media?parent=20139"}],"wp:term":[{"taxonomy":"product_brand","embeddable":true,"href":"https:\/\/stylingagenten.com\/sv\/wp-json\/wp\/v2\/product_brand?post=20139"},{"taxonomy":"product_cat","embeddable":true,"href":"https:\/\/stylingagenten.com\/sv\/wp-json\/wp\/v2\/product_cat?post=20139"},{"taxonomy":"product_tag","embeddable":true,"href":"https:\/\/stylingagenten.com\/sv\/wp-json\/wp\/v2\/product_tag?post=20139"},{"taxonomy":"berocket_brand","embeddable":true,"href":"https:\/\/stylingagenten.com\/sv\/wp-json\/wp\/v2\/berocket_brand?post=20139"}],"curies":[{"name":"wp","href":"https:\/\/api.w.org\/{rel}","templated":true}]}}